{"id":43830,"date":"2022-04-18T09:38:44","date_gmt":"2022-04-18T07:38:45","guid":{"rendered":"https:\/\/newgarden.es\/?post_type=product&#038;p=43830"},"modified":"2024-06-14T11:59:43","modified_gmt":"2024-06-14T09:59:43","slug":"kabellose-stehleuchte-mit-solarladung-okinawa","status":"publish","type":"product","link":"https:\/\/developing.newgarden.es\/de\/shop\/lightdeco-de\/stehlampe\/kabellose-stehleuchte-mit-solarladung-okinawa\/","title":{"rendered":"KABELLOSE STEHLEUCHTE MIT SOLARLADUNG OKINAWA"},"content":{"rendered":"<section class=\"wpb-content-wrapper\"><p>[vc_row][vc_column][vc_column_text][\/vc_column_text][\/vc_column][\/vc_row][vc_row][vc_column][vc_column_text]Okinawa ist eine Stehlampe, die ohne Kabel auskommt und die Sie \u00fcberallhin mitnehmen k\u00f6nnen. Okinawa ist aus robustem, nat\u00fcrlich lackiertem Bambus f\u00fcr den Einsatz im Freien unter einem Dach gefertigt. Ihr innovatives Design macht sie zu einem Must-Have f\u00fcr den Innen- und Au\u00dfenbereich Ihres Hauses. Sie verf\u00fcgt \u00fcber ein Zusatzfach.<\/p>\n<p>Sie enth\u00e4lt eine tragbare, wiederaufladbare 900-Lumen-Gl\u00fchbirne, die nicht installiert werden muss. Man muss sie nur in die N\u00e4he der Lampe bringen und sie haftet dank ihres Magnetsockels. Die Gl\u00fchbirne verf\u00fcgt \u00fcber eine Fernbedienung, mit der sie ein- und ausgeschaltet und die Lichtst\u00e4rke reguliert werden kann.<\/p>\n<p>Im oberen Teil ist ein Solarpanel integriert, das das Aufladen der Lampe erleichtert und beschleunigt.<\/p>\n<p>&nbsp;<\/p>\n<ul class=\"tablaTech\">\n<li>\n<div class=\"boxContents no-border\">\n<div class=\"name\"><strong>GR\u00d6SSE<\/strong><\/div>\n<div class=\"data\">\u00f840\u00a0x\u00a0170 cm<\/div>\n<\/div>\n<\/li>\n<\/ul>\n<p>[\/vc_column_text][\/vc_column][\/vc_row][vc_row][vc_column width=&#8221;1\/2&#8243;][vc_btn title=&#8221;Technisches Datenblatt&#8221; style=&#8221;custom&#8221; custom_background=&#8221;#009bc2&#8243; custom_text=&#8221;#ffffff&#8221; shape=&#8221;square&#8221; el_class=&#8221;btn_descargar_ficha&#8221; link=&#8221;url:https%3A%2F%2Fbit.ly%2F3OAxv8D|target:%20_blank|&#8221;][\/vc_column][vc_column width=&#8221;1\/2&#8243;][vc_btn title=&#8221;BEDIENUNGSANLEITUNG&#8221; style=&#8221;custom&#8221; custom_background=&#8221;#009bc2&#8243; custom_text=&#8221;#ffffff&#8221; shape=&#8221;square&#8221; el_class=&#8221;btn_descargar_ficha&#8221; link=&#8221;url:https%3A%2F%2Fbit.ly%2F3Swxrdd|target:%20_blank|&#8221;][\/vc_column][\/vc_row]<\/p>\n<\/section>","protected":false},"excerpt":{"rendered":"<p><strong>Kabellose Stehleuchte mit Solarladung OKINAWA<\/strong><\/p>\n","protected":false},"featured_media":63137,"template":"","meta":[],"product_cat":[1696,763,767],"product_tag":[766,793],"class_list":{"0":"post-43830","1":"product","2":"type-product","3":"status-publish","4":"has-post-thumbnail","6":"product_cat-productos-de","7":"product_cat-lightdeco-de","8":"product_cat-stehlampe","9":"product_tag-batterie-de","10":"product_tag-drahtlose","12":"first","13":"instock","14":"taxable","15":"shipping-taxable","16":"purchasable","17":"product-type-variable"},"df_price":199,"df_sale_price":"","df_regular_price":199,"df_image_link":"https:\/\/developing.newgarden.es\/wp-content\/uploads\/2022\/04\/OKINAWA_FLOORLAMP_BATTERY_1200X1200-15-300x300.jpg","_links":{"self":[{"href":"https:\/\/developing.newgarden.es\/de\/wp-json\/wp\/v2\/product\/43830"}],"collection":[{"href":"https:\/\/developing.newgarden.es\/de\/wp-json\/wp\/v2\/product"}],"about":[{"href":"https:\/\/developing.newgarden.es\/de\/wp-json\/wp\/v2\/types\/product"}],"wp:featuredmedia":[{"embeddable":true,"href":"https:\/\/developing.newgarden.es\/de\/wp-json\/wp\/v2\/media\/63137"}],"wp:attachment":[{"href":"https:\/\/developing.newgarden.es\/de\/wp-json\/wp\/v2\/media?parent=43830"}],"wp:term":[{"taxonomy":"product_cat","embeddable":true,"href":"https:\/\/developing.newgarden.es\/de\/wp-json\/wp\/v2\/product_cat?post=43830"},{"taxonomy":"product_tag","embeddable":true,"href":"https:\/\/developing.newgarden.es\/de\/wp-json\/wp\/v2\/product_tag?post=43830"}],"curies":[{"name":"wp","href":"https:\/\/api.w.org\/{rel}","templated":true}]}}