{"id":43628,"date":"2022-04-13T14:44:22","date_gmt":"2022-04-13T12:44:24","guid":{"rendered":"https:\/\/newgarden.es\/?post_type=product&#038;p=43628"},"modified":"2022-04-27T13:06:44","modified_gmt":"2022-04-27T11:06:44","slug":"kugelfoermige-pendelleuchte-mit-wiederaufladbarer-batterie-pianeta","status":"publish","type":"product","link":"https:\/\/developing.newgarden.es\/de\/shop\/lightdeco-de\/pendelleuchten\/kugelfoermige-pendelleuchte-mit-wiederaufladbarer-batterie-pianeta\/","title":{"rendered":"KUGELF\u00d6RMIGE PENDELLEUCHTE MIT WIEDERAUFLADBARER BATTERIE PIANETA"},"content":{"rendered":"<section class=\"wpb-content-wrapper\"><p>[vc_row][vc_column][vc_column_text]<\/p>\n<p>[\/vc_column_text][\/vc_column][\/vc_row][vc_row][vc_column el_class=&#8221;descripcion_producto&#8221;][vc_column_text]Pianeta ist eine originelle dekorative Lampe, die, wie der Name schon sagt, eine v\u00f6llig kugelf\u00f6rmige Gestalt hat, als ob sie ein Planet w\u00e4re. Es ist ideal, um sowohl den Au\u00dfen- als auch den Innenbereich Ihres Hauses zu schm\u00fccken. Die H\u00f6he ist dank des Stahlb\u00fcgels leicht verstellbar. Sie verf\u00fcgt \u00fcber eine integrierte LED-Beleuchtung mit wiederaufladbarem Akku, die eine Fernbedienung mit Ein-\/Ausschalter, Intensit\u00e4tsregler und Farbtemperatur\u00e4nderung des Lichts umfasst.<\/p>\n<p>Sie ist in drei Gr\u00f6\u00dfen erh\u00e4ltlich und eignet sich perfekt f\u00fcr spektakul\u00e4re Kombinationen, die wie von einem anderen Planeten&#8221; wirken.<\/p>\n<p>*Benutzung im Freien unter einer \u00dcberdachung.<\/p>\n<p>Alle Newgarden-Produkte werden aus Polyethylen hergestellt, wodurch sie leicht und sehr widerstandsf\u00e4hig sind. Sie widerstehen extremen Temperaturschwankungen und sind gegen UV-Strahlen gesch\u00fctzt, so dass die Lebensdauer des Produkts nahezu unbegrenzt ist.[\/vc_column_text][\/vc_column][\/vc_row][vc_row][vc_column][vc_btn title=&#8221;Technisches Datenblatt Pianeta 25&#8243; style=&#8221;custom&#8221; custom_background=&#8221;#009bc2&#8243; custom_text=&#8221;#ffffff&#8221; link=&#8221;url:https%3A%2F%2Fbit.ly%2F3KozRG7|||&#8221;][vc_btn title=&#8221;Technisches Datenblatt Pianeta 35&#8243; style=&#8221;custom&#8221; custom_background=&#8221;#009bc2&#8243; custom_text=&#8221;#ffffff&#8221; link=&#8221;url:https%3A%2F%2Fbit.ly%2F3jexLN9|||&#8221;][vc_btn title=&#8221;Technisches Datenblatt Pianeta 45&#8243; style=&#8221;custom&#8221; custom_background=&#8221;#009bc2&#8243; custom_text=&#8221;#ffffff&#8221; link=&#8221;url:https%3A%2F%2Fbit.ly%2F3jchFDw|||&#8221;][\/vc_column][\/vc_row]<\/p>\n<\/section>","protected":false},"excerpt":{"rendered":"<h1 style=\"font-size: 12px;\">KUGELF\u00d6RMIGE PENDELLEUCHTE PIANETA<\/h1>\n","protected":false},"featured_media":57393,"template":"","meta":[],"product_cat":[763,1568,819],"product_tag":[766],"class_list":{"0":"post-43628","1":"product","2":"type-product","3":"status-publish","4":"has-post-thumbnail","6":"product_cat-lightdeco-de","7":"product_cat-kabellose-deckenleuchten","8":"product_cat-pendelleuchten","9":"product_tag-batterie-de","11":"first","12":"instock","13":"taxable","14":"shipping-taxable","15":"purchasable","16":"product-type-variable"},"df_price":49,"df_sale_price":"","df_regular_price":49,"df_image_link":"https:\/\/developing.newgarden.es\/wp-content\/uploads\/2022\/04\/PIANETA_25_35_45_1200X1200-9-1-300x300.jpg","_links":{"self":[{"href":"https:\/\/developing.newgarden.es\/de\/wp-json\/wp\/v2\/product\/43628"}],"collection":[{"href":"https:\/\/developing.newgarden.es\/de\/wp-json\/wp\/v2\/product"}],"about":[{"href":"https:\/\/developing.newgarden.es\/de\/wp-json\/wp\/v2\/types\/product"}],"wp:featuredmedia":[{"embeddable":true,"href":"https:\/\/developing.newgarden.es\/de\/wp-json\/wp\/v2\/media\/57393"}],"wp:attachment":[{"href":"https:\/\/developing.newgarden.es\/de\/wp-json\/wp\/v2\/media?parent=43628"}],"wp:term":[{"taxonomy":"product_cat","embeddable":true,"href":"https:\/\/developing.newgarden.es\/de\/wp-json\/wp\/v2\/product_cat?post=43628"},{"taxonomy":"product_tag","embeddable":true,"href":"https:\/\/developing.newgarden.es\/de\/wp-json\/wp\/v2\/product_tag?post=43628"}],"curies":[{"name":"wp","href":"https:\/\/api.w.org\/{rel}","templated":true}]}}