{"id":43251,"date":"2022-03-30T12:53:02","date_gmt":"2022-03-30T10:53:04","guid":{"rendered":"https:\/\/newgarden.es\/?post_type=product&#038;p=43251"},"modified":"2022-04-01T11:14:37","modified_gmt":"2022-04-01T09:14:37","slug":"dekorative-girlande-chelsea","status":"publish","type":"product","link":"https:\/\/developing.newgarden.es\/de\/shop\/lightdeco-de\/weihnachten\/dekorative-girlande-chelsea\/","title":{"rendered":"Metallgirlande f\u00fcr drau\u00dfen CHELSEA"},"content":{"rendered":"<p>Inspiriert von den Stra\u00dfen Londons. Mit zehn Lampenschirmen aus sorgf\u00e4ltig verarbeitetem Metall wird sie Ihr Zuhause zu einem besonderen Ort machen. Verwenden Sie sie sowohl im Garten als auch im Wohnzimmer, denn sie sind sowohl f\u00fcr den Innen- als auch f\u00fcr den Au\u00dfenbereich geeignet. 10 austauschbare LED-Gl\u00fchbirnen.<\/p>\n<p>Mit dem Modell CHELSEA k\u00f6nnen Sie 2 Girlanden miteinander verbinden.<\/p>\n<ul class=\"tablaTech\">\n<li>\n<div class=\"boxContents no-border\">\n<div class=\"name\"><strong>GR\u00d6SSE<\/strong><\/div>\n<div class=\"data\">800 cm<\/div>\n<\/div>\n<\/li>\n<\/ul>\n<p>&nbsp;<\/p>\n","protected":false},"excerpt":{"rendered":"<p>Inspiriert von den Stra\u00dfen Londons. Mit zehn Lampenschirmen aus sorgf\u00e4ltig verarbeitetem Metall wird sie Ihr Zuhause zu einem besonderen Ort machen. Verwenden Sie sie sowohl im Garten als auch im<\/p>\n","protected":false},"featured_media":43279,"template":"","meta":[],"product_cat":[763,73,78,811],"product_tag":[468,469,793,479,765,789],"class_list":{"0":"post-43251","1":"product","2":"type-product","3":"status-publish","4":"has-post-thumbnail","6":"product_cat-lightdeco-de","7":"product_cat-lightdeco","8":"product_cat-navidad","9":"product_cat-weihnachten","10":"product_tag-cable","11":"product_tag-solar","12":"product_tag-drahtlose","13":"product_tag-inalambrico","14":"product_tag-kabel","15":"product_tag-solar-de","17":"first","18":"instock","19":"taxable","20":"shipping-taxable","21":"purchasable","22":"product-type-variable"},"df_price":206,"df_sale_price":"","df_regular_price":206,"df_image_link":"https:\/\/developing.newgarden.es\/wp-content\/uploads\/2022\/03\/Mesadetrabajo1copia_8a9e0c29-9926-44ce-a851-637aa1bdb9cc.jpg","_links":{"self":[{"href":"https:\/\/developing.newgarden.es\/de\/wp-json\/wp\/v2\/product\/43251"}],"collection":[{"href":"https:\/\/developing.newgarden.es\/de\/wp-json\/wp\/v2\/product"}],"about":[{"href":"https:\/\/developing.newgarden.es\/de\/wp-json\/wp\/v2\/types\/product"}],"wp:featuredmedia":[{"embeddable":true,"href":"https:\/\/developing.newgarden.es\/de\/wp-json\/wp\/v2\/media\/43279"}],"wp:attachment":[{"href":"https:\/\/developing.newgarden.es\/de\/wp-json\/wp\/v2\/media?parent=43251"}],"wp:term":[{"taxonomy":"product_cat","embeddable":true,"href":"https:\/\/developing.newgarden.es\/de\/wp-json\/wp\/v2\/product_cat?post=43251"},{"taxonomy":"product_tag","embeddable":true,"href":"https:\/\/developing.newgarden.es\/de\/wp-json\/wp\/v2\/product_tag?post=43251"}],"curies":[{"name":"wp","href":"https:\/\/api.w.org\/{rel}","templated":true}]}}