{"id":43235,"date":"2022-03-30T12:48:35","date_gmt":"2022-03-30T10:48:36","guid":{"rendered":"https:\/\/newgarden.es\/?post_type=product&#038;p=43235"},"modified":"2024-06-03T09:00:31","modified_gmt":"2024-06-03T07:00:31","slug":"siroco-50-kabellose-tragbare-metall-laterne","status":"publish","type":"product","link":"https:\/\/developing.newgarden.es\/de\/shop\/lightdeco-de\/tischlampe\/siroco-50-kabellose-tragbare-metall-laterne\/","title":{"rendered":"SIROCO 50 KABELLOSE TRAGBARE METALL-LATERNE"},"content":{"rendered":"<section class=\"wpb-content-wrapper\"><p>[vc_row][vc_column][vc_column_text][\/vc_column_text][\/vc_column][\/vc_row][vc_row][vc_column][vc_column_text]Siroco ist eine Metalllaterne, die keine Installation erfordert. Sie m\u00fcssen nur die Gl\u00fchbirne in die N\u00e4he des Metallsockels der Laterne bringen und sie wird dank des integrierten Magneten haften. Das innovative Design macht diese Laterne zu einem Muss f\u00fcr Ihre Gartendekoration.<\/p>\n<p>Mit der mitgelieferten Fernbedienung k\u00f6nnen Sie das Leuchtmittel ein- und ausschalten, die Lichtst\u00e4rke regulieren und die Funktionen Festlicht oder Flammeneffekt nutzen.<\/p>\n<p>Sie hat 200 Lumen und eine Brenndauer von 6 bis 20 Stunden je nach Intensit\u00e4t.<\/p>\n<p><strong>Erh\u00e4ltlich in 2 Gr\u00f6\u00dfen: SIROCO 30 \/ SIROCO 50<\/strong>[\/vc_column_text][\/vc_column][\/vc_row][vc_row][vc_column width=&#8221;1\/2&#8243;][vc_btn title=&#8221;Technisches Datenblatt&#8221; style=&#8221;custom&#8221; custom_background=&#8221;#009bc2&#8243; custom_text=&#8221;#ffffff&#8221; shape=&#8221;square&#8221; link=&#8221;url:https%3A%2F%2Fbit.ly%2F3OxDFqq|target:%20_blank|&#8221; el_class=&#8221;btn_descargar_ficha&#8221;][\/vc_column][vc_column width=&#8221;1\/2&#8243;][vc_btn title=&#8221;BEDIENUNGSANLEITUNG&#8221; style=&#8221;custom&#8221; custom_background=&#8221;#009bc2&#8243; custom_text=&#8221;#ffffff&#8221; shape=&#8221;square&#8221; link=&#8221;url:https%3A%2F%2Fbit.ly%2F3PWB0Yg|target:%20_blank|&#8221; el_class=&#8221;btn_descargar_ficha&#8221;][\/vc_column][vc_column][\/vc_column][\/vc_row]<\/p>\n<\/section>","protected":false},"excerpt":{"rendered":"<p>[vc_row][vc_column][vc_column_text][\/vc_column_text][\/vc_column][\/vc_row][vc_row][vc_column][vc_column_text]Siroco ist eine Metalllaterne, die keine Installation erfordert. Sie m\u00fcssen nur die Gl\u00fchbirne in die N\u00e4he des Metallsockels der Laterne bringen und sie wird dank des integrierten Magneten haften. Das<\/p>\n","protected":false},"featured_media":54355,"template":"","meta":[],"product_cat":[1696,763,764,826,1589],"product_tag":[766,793],"class_list":{"0":"post-43235","1":"product","2":"type-product","3":"status-publish","4":"has-post-thumbnail","6":"product_cat-productos-de","7":"product_cat-lightdeco-de","8":"product_cat-tischlampe","9":"product_cat-tragbares","10":"product_cat-innenbereich-de","11":"product_tag-batterie-de","12":"product_tag-drahtlose","14":"first","15":"instock","16":"taxable","17":"shipping-taxable","18":"purchasable","19":"product-type-variable"},"df_price":84.5,"df_sale_price":"","df_regular_price":84.5,"df_image_link":"https:\/\/developing.newgarden.es\/wp-content\/uploads\/2022\/03\/SIROCO_30_50_BATTERY_1200X1200-8-300x300.jpg","_links":{"self":[{"href":"https:\/\/developing.newgarden.es\/de\/wp-json\/wp\/v2\/product\/43235"}],"collection":[{"href":"https:\/\/developing.newgarden.es\/de\/wp-json\/wp\/v2\/product"}],"about":[{"href":"https:\/\/developing.newgarden.es\/de\/wp-json\/wp\/v2\/types\/product"}],"wp:featuredmedia":[{"embeddable":true,"href":"https:\/\/developing.newgarden.es\/de\/wp-json\/wp\/v2\/media\/54355"}],"wp:attachment":[{"href":"https:\/\/developing.newgarden.es\/de\/wp-json\/wp\/v2\/media?parent=43235"}],"wp:term":[{"taxonomy":"product_cat","embeddable":true,"href":"https:\/\/developing.newgarden.es\/de\/wp-json\/wp\/v2\/product_cat?post=43235"},{"taxonomy":"product_tag","embeddable":true,"href":"https:\/\/developing.newgarden.es\/de\/wp-json\/wp\/v2\/product_tag?post=43235"}],"curies":[{"name":"wp","href":"https:\/\/api.w.org\/{rel}","templated":true}]}}