{"id":42906,"date":"2022-03-14T15:31:46","date_gmt":"2022-03-14T14:31:47","guid":{"rendered":"https:\/\/newgarden.es\/?post_type=product&#038;p=42906"},"modified":"2022-04-05T11:25:44","modified_gmt":"2022-04-05T09:25:44","slug":"runde-haengeampel-mit-kabelloser-beleuchtung-elba-39","status":"publish","type":"product","link":"https:\/\/developing.newgarden.es\/de\/shop\/blumentopfs\/blumentopfs-mit-beleuchtung\/runde-haengeampel-mit-kabelloser-beleuchtung-elba-39\/","title":{"rendered":"Runder H\u00e4ngepflanzer mit kabelloser Beleuchtung ELBA 59"},"content":{"rendered":"<section class=\"wpb-content-wrapper\"><p>[vc_row][vc_column][vc_column_text]Die runde H\u00e4ngeampel mit kabelloser Beleuchtung ELBA 39 ist aus besonders widerstandsf\u00e4higem wei\u00dfem Polyethylen hergestellt. Er ist sehr einfach anzubringen, da er einen Magneten enth\u00e4lt, so dass Sie ihn ohne L\u00f6cher an jede magnetisierbare Oberfl\u00e4che h\u00e4ngen k\u00f6nnen. Um die H\u00f6he zu verstellen, muss lediglich das Kabel nach innen gedr\u00fcckt werden.<\/p>\n<p>Sie k\u00f6nnen es mit der gr\u00f6\u00dferen Version kombinieren: ELBA 59.<\/p>\n<p><strong>Enth\u00e4lt ein Set mit Kunstpflanzen<\/strong><\/p>\n<p>Seine Beleuchtung: Die Hand muss nur an den inneren Metallring angen\u00e4hert werden, und sie haftet dank ihrer magnetischen Basis.<\/p>\n<p>Diese Gl\u00fchbirne wird mit einer Fernbedienung geliefert, mit der Sie die Lampe ein- und ausschalten und ihre Intensit\u00e4t regulieren k\u00f6nnen.<\/p>\n<p>Sie hat 900 Lumen und eine Betriebsdauer von 6 bis 20 Stunden, je nach Intensit\u00e4t.<\/p>\n<p>&nbsp;<\/p>\n<ul class=\"tablaTech\">\n<li>\n<div class=\"boxContents no-border\">\n<div class=\"name\"><strong>GR\u00d6SSE<\/strong><\/div>\n<div class=\"data\">\u00f8\u00a059 x 15cm<\/div>\n<\/div>\n<\/li>\n<\/ul>\n<p>[\/vc_column_text][vc_video link=&#8221;https:\/\/youtu.be\/Zo0FlNN_K5U&#8221;][\/vc_column][\/vc_row][vc_row][vc_column width=&#8221;1\/2&#8243;][vc_btn title=&#8221;Technisches Datenblatt&#8221; style=&#8221;custom&#8221; custom_background=&#8221;#009bc2&#8243; custom_text=&#8221;#ffffff&#8221; shape=&#8221;square&#8221; link=&#8221;||target:%20_blank|&#8221; el_class=&#8221;btn_descargar_ficha&#8221;][\/vc_column][vc_column width=&#8221;1\/2&#8243;][vc_btn title=&#8221;BEDIENUNGSANLEITUNG&#8221; style=&#8221;custom&#8221; custom_background=&#8221;#009bc2&#8243; custom_text=&#8221;#ffffff&#8221; shape=&#8221;square&#8221; link=&#8221;target:%20_blank|&#8221; el_class=&#8221;btn_descargar_ficha&#8221;][\/vc_column][vc_column][\/vc_column][\/vc_row]<\/p>\n<\/section>","protected":false},"excerpt":{"rendered":"<p>[vc_row][vc_column][vc_column_text]Die runde H\u00e4ngeampel mit kabelloser Beleuchtung ELBA 39 ist aus besonders widerstandsf\u00e4higem wei\u00dfem Polyethylen hergestellt. Er ist sehr einfach anzubringen, da er einen Magneten enth\u00e4lt, so dass Sie ihn ohne<\/p>\n","protected":false},"featured_media":57448,"template":"","meta":[],"product_cat":[763,826,819,783,784],"product_tag":[766,793],"class_list":{"0":"post-42906","1":"product","2":"type-product","3":"status-publish","4":"has-post-thumbnail","6":"product_cat-lightdeco-de","7":"product_cat-tragbares","8":"product_cat-pendelleuchten","9":"product_cat-blumentopfs","10":"product_cat-blumentopfs-mit-beleuchtung","11":"product_tag-batterie-de","12":"product_tag-drahtlose","14":"first","15":"instock","16":"taxable","17":"shipping-taxable","18":"purchasable","19":"product-type-variable"},"df_price":113.9,"df_sale_price":"","df_regular_price":113.9,"df_image_link":"https:\/\/developing.newgarden.es\/wp-content\/uploads\/2022\/03\/ELBA_35_BATTERY_1200X1200-7-1-300x300.jpg","_links":{"self":[{"href":"https:\/\/developing.newgarden.es\/de\/wp-json\/wp\/v2\/product\/42906"}],"collection":[{"href":"https:\/\/developing.newgarden.es\/de\/wp-json\/wp\/v2\/product"}],"about":[{"href":"https:\/\/developing.newgarden.es\/de\/wp-json\/wp\/v2\/types\/product"}],"wp:featuredmedia":[{"embeddable":true,"href":"https:\/\/developing.newgarden.es\/de\/wp-json\/wp\/v2\/media\/57448"}],"wp:attachment":[{"href":"https:\/\/developing.newgarden.es\/de\/wp-json\/wp\/v2\/media?parent=42906"}],"wp:term":[{"taxonomy":"product_cat","embeddable":true,"href":"https:\/\/developing.newgarden.es\/de\/wp-json\/wp\/v2\/product_cat?post=42906"},{"taxonomy":"product_tag","embeddable":true,"href":"https:\/\/developing.newgarden.es\/de\/wp-json\/wp\/v2\/product_tag?post=42906"}],"curies":[{"name":"wp","href":"https:\/\/api.w.org\/{rel}","templated":true}]}}