{"id":42859,"date":"2022-03-14T15:23:08","date_gmt":"2022-03-14T14:23:09","guid":{"rendered":"https:\/\/newgarden.es\/?post_type=product&#038;p=42859"},"modified":"2024-06-13T11:11:25","modified_gmt":"2024-06-13T09:11:25","slug":"haengeampel-wiederaufladbare-gluhbirne-elba-39","status":"publish","type":"product","link":"https:\/\/developing.newgarden.es\/de\/shop\/blumentopfs\/blumentopfs-mit-beleuchtung\/haengeampel-wiederaufladbare-gluhbirne-elba-39\/","title":{"rendered":"RUNDER H\u00c4NGEPFLANZER MIT KABELLOSER BELEUCHTUNG ELBA 39"},"content":{"rendered":"<section class=\"wpb-content-wrapper\"><p>[vc_row][vc_column][vc_column_text][\/vc_column_text][\/vc_column][\/vc_row][vc_row][vc_column][vc_column_text]Die runde H\u00e4ngeampel mit kabelloser Beleuchtung ELBA 39 ist aus sehr widerstandsf\u00e4higem wei\u00dfem Polyethylen hergestellt. Es ist sehr einfach zu installieren, da es einen Magneten enth\u00e4lt, so dass Sie es ohne die Notwendigkeit von L\u00f6chern auf jeder magnetischen Oberfl\u00e4che aufh\u00e4ngen k\u00f6nnen. Die H\u00f6he l\u00e4sst sich ganz einfach einstellen, indem man das Kabel nach innen schiebt.<\/p>\n<p>Sie k\u00f6nnen ihn mit der gr\u00f6\u00dferen Version kombinieren: ELBA 59.<\/p>\n<p><strong>Enth\u00e4lt ein Set mit Kunstpflanzen<\/strong><\/p>\n<p>Seine Beleuchtung: Die Hand muss nur an den inneren Metallring herangef\u00fchrt werden, und schon haftet sie dank ihres magnetischen Sockels.<\/p>\n<p>Diese Gl\u00fchbirne verf\u00fcgt \u00fcber eine Fernbedienung, mit der Sie sie ein- und ausschalten und ihre Lichtst\u00e4rke regulieren k\u00f6nnen.<\/p>\n<p>Sie hat 900 Lumen und eine Betriebsdauer zwischen 6 und 20 Stunden, je nach Intensit\u00e4t.<\/p>\n<p>&nbsp;<\/p>\n<ul class=\"tablaTech\">\n<li>\n<div class=\"boxContents no-border\">\n<div class=\"name\"><strong>GR\u00d6SSE<\/strong><\/div>\n<div class=\"data\">\u00f839 x\u00a010 cm<\/div>\n<\/div>\n<\/li>\n<\/ul>\n<p>[\/vc_column_text][vc_video link=&#8221;https:\/\/youtu.be\/Zo0FlNN_K5U&#8221;][\/vc_column][\/vc_row][vc_row][vc_column width=&#8221;1\/2&#8243;][vc_btn title=&#8221;Technisches Datenblatt&#8221; style=&#8221;custom&#8221; custom_background=&#8221;#009bc2&#8243; custom_text=&#8221;#ffffff&#8221; shape=&#8221;square&#8221; link=&#8221;url:https%3A%2F%2Fbit.ly%2F3zXUtT5|target:%20_blank|&#8221; el_class=&#8221;btn_descargar_ficha&#8221;][\/vc_column][vc_column width=&#8221;1\/2&#8243;][vc_btn title=&#8221;BEDIENUNGSANLEITUNG&#8221; style=&#8221;custom&#8221; custom_background=&#8221;#009bc2&#8243; custom_text=&#8221;#ffffff&#8221; shape=&#8221;square&#8221; link=&#8221;url:https%3A%2F%2Fbit.ly%2F3SiVGLF|target:%20_blank|&#8221; el_class=&#8221;btn_descargar_ficha&#8221;][\/vc_column][vc_column][\/vc_column][\/vc_row]<\/p>\n<\/section>","protected":false},"excerpt":{"rendered":"<p>[vc_row][vc_column][vc_column_text][\/vc_column_text][\/vc_column][\/vc_row][vc_row][vc_column][vc_column_text]Die runde H\u00e4ngeampel mit kabelloser Beleuchtung ELBA 39 ist aus sehr widerstandsf\u00e4higem wei\u00dfem Polyethylen hergestellt. Es ist sehr einfach zu installieren, da es einen Magneten enth\u00e4lt, so dass Sie es<\/p>\n","protected":false},"featured_media":57443,"template":"","meta":[],"product_cat":[763,826,819,783,784],"product_tag":[766,793],"class_list":{"0":"post-42859","1":"product","2":"type-product","3":"status-publish","4":"has-post-thumbnail","6":"product_cat-lightdeco-de","7":"product_cat-tragbares","8":"product_cat-pendelleuchten","9":"product_cat-blumentopfs","10":"product_cat-blumentopfs-mit-beleuchtung","11":"product_tag-batterie-de","12":"product_tag-drahtlose","14":"first","15":"instock","16":"taxable","17":"shipping-taxable","18":"purchasable","19":"product-type-variable"},"df_price":79.4,"df_sale_price":"","df_regular_price":79.4,"df_image_link":"https:\/\/developing.newgarden.es\/wp-content\/uploads\/2022\/03\/ELBA_35_BATTERY_1200X1200-6-1-300x300.jpg","_links":{"self":[{"href":"https:\/\/developing.newgarden.es\/de\/wp-json\/wp\/v2\/product\/42859"}],"collection":[{"href":"https:\/\/developing.newgarden.es\/de\/wp-json\/wp\/v2\/product"}],"about":[{"href":"https:\/\/developing.newgarden.es\/de\/wp-json\/wp\/v2\/types\/product"}],"wp:featuredmedia":[{"embeddable":true,"href":"https:\/\/developing.newgarden.es\/de\/wp-json\/wp\/v2\/media\/57443"}],"wp:attachment":[{"href":"https:\/\/developing.newgarden.es\/de\/wp-json\/wp\/v2\/media?parent=42859"}],"wp:term":[{"taxonomy":"product_cat","embeddable":true,"href":"https:\/\/developing.newgarden.es\/de\/wp-json\/wp\/v2\/product_cat?post=42859"},{"taxonomy":"product_tag","embeddable":true,"href":"https:\/\/developing.newgarden.es\/de\/wp-json\/wp\/v2\/product_tag?post=42859"}],"curies":[{"name":"wp","href":"https:\/\/api.w.org\/{rel}","templated":true}]}}