{"id":42784,"date":"2022-03-14T15:12:01","date_gmt":"2022-03-14T14:12:02","guid":{"rendered":"https:\/\/newgarden.es\/?post_type=product&#038;p=42784"},"modified":"2024-05-27T14:19:03","modified_gmt":"2024-05-27T12:19:03","slug":"tragbare-wiederaufladbare-gluhbirne-edy-g125","status":"publish","type":"product","link":"https:\/\/developing.newgarden.es\/de\/shop\/lightdeco-de\/pendelleuchten\/tragbare-wiederaufladbare-gluhbirne-edy-g125\/","title":{"rendered":"EDY G125 KABELLOSE TRAGBARE VINTAGE-GL\u00dcGBIRNE"},"content":{"rendered":"<section class=\"wpb-content-wrapper\"><p>[vc_row][vc_column][vc_column_text][\/vc_column_text][\/vc_column][\/vc_row][vc_row][vc_column][vc_column_text]Die kabellose, tragbare EDY G125 Vintage-Lampe muss nicht installiert werden, man muss sie nur aufh\u00e4ngen oder in die N\u00e4he einer metallischen Fl\u00e4che bringen und sie haftet dank ihres magnetischen Sockels. Sie ist mit einem LED-Gl\u00fchfaden von gro\u00dfer Leuchtkraft ausgestattet und ihre Kunststoffbeschichtung, die Rauchglas simuliert, ist sehr widerstandsf\u00e4hig und fast unzerbrechlich. Er verf\u00fcgt \u00fcber einen Metallhaken zum Aufh\u00e4ngen und eine zwei Meter lange Schnur.<\/p>\n<p>Diese Gl\u00fchbirne wird mit einer Fernbedienung geliefert, mit der man sie ein- und ausschalten, die Lichtst\u00e4rke regulieren und die Funktionen Festlicht oder Flammeneffekt nutzen kann.<\/p>\n<p>Sie hat 400 Lumen und eine Betriebsdauer von bis zu 25 Stunden, je nach Intensit\u00e4t.<\/p>\n<p>1 Kaufeinheit entspricht 6 Einheiten<\/p>\n<ul>\n<li><strong>GR\u00d6SSE<\/strong><br \/>\n\u00f812 x 22,5 cm<\/li>\n<\/ul>\n<p>[\/vc_column_text][\/vc_column][\/vc_row][vc_row][vc_column width=&#8221;1\/2&#8243;][vc_btn title=&#8221;DATENBLATT &#8211; FARBE WEISS&#8221; style=&#8221;custom&#8221; custom_background=&#8221;#009bc2&#8243; custom_text=&#8221;#ffffff&#8221; shape=&#8221;square&#8221; link=&#8221;url:https%3A%2F%2Fbit.ly%2F39GpS1P|target:%20_blank|&#8221; el_class=&#8221;btn_descargar_ficha&#8221;][vc_btn title=&#8221;DATENBLATT &#8211; FARBE BEIGE&#8221; style=&#8221;custom&#8221; custom_background=&#8221;#009bc2&#8243; custom_text=&#8221;#ffffff&#8221; shape=&#8221;square&#8221; link=&#8221;url:https%3A%2F%2Fbit.ly%2F3xLkL8J|target:%20_blank|&#8221; el_class=&#8221;btn_descargar_ficha&#8221;][vc_btn title=&#8221;DATENBLATT &#8211; FARBE SCHWARZ&#8221; style=&#8221;custom&#8221; custom_background=&#8221;#009bc2&#8243; custom_text=&#8221;#ffffff&#8221; shape=&#8221;square&#8221; link=&#8221;url:https%3A%2F%2Fbit.ly%2F3xKfOwC|target:%20_blank|&#8221; el_class=&#8221;btn_descargar_ficha&#8221;][\/vc_column][vc_column width=&#8221;1\/2&#8243;][vc_btn title=&#8221;GEBRAUCHSANWEISUNG &#8211; WEISS&#8221; style=&#8221;custom&#8221; custom_background=&#8221;#009bc2&#8243; custom_text=&#8221;#ffffff&#8221; shape=&#8221;square&#8221; link=&#8221;url:https%3A%2F%2Fbit.ly%2F3vx00x0|target:%20_blank|&#8221; el_class=&#8221;btn_descargar_ficha&#8221;][vc_btn title=&#8221;GEBRAUCHSANWEISUNG &#8211; BEIGE&#8221; style=&#8221;custom&#8221; custom_background=&#8221;#009bc2&#8243; custom_text=&#8221;#ffffff&#8221; shape=&#8221;square&#8221; link=&#8221;url:https%3A%2F%2Fbit.ly%2F3zns5bj|target:%20_blank|&#8221; el_class=&#8221;btn_descargar_ficha&#8221;][vc_btn title=&#8221;GEBRAUCHSANWEISUNG &#8211; SCHWARZ&#8221; style=&#8221;custom&#8221; custom_background=&#8221;#009bc2&#8243; custom_text=&#8221;#ffffff&#8221; shape=&#8221;square&#8221; link=&#8221;url:https%3A%2F%2Fbit.ly%2F3zmF4dn|target:%20_blank|&#8221; el_class=&#8221;btn_descargar_ficha&#8221;][\/vc_column][vc_column][\/vc_column][\/vc_row]<\/p>\n<\/section>","protected":false},"excerpt":{"rendered":"<p>[vc_row][vc_column][vc_column_text][\/vc_column_text][\/vc_column][\/vc_row][vc_row][vc_column][vc_column_text]Die kabellose, tragbare EDY G125 Vintage-Lampe muss nicht installiert werden, man muss sie nur aufh\u00e4ngen oder in die N\u00e4he einer metallischen Fl\u00e4che bringen und sie haftet dank ihres magnetischen Sockels.<\/p>\n","protected":false},"featured_media":55255,"template":"","meta":[],"product_cat":[763,826,819],"product_tag":[766,793],"class_list":{"0":"post-42784","1":"product","2":"type-product","3":"status-publish","4":"has-post-thumbnail","6":"product_cat-lightdeco-de","7":"product_cat-tragbares","8":"product_cat-pendelleuchten","9":"product_tag-batterie-de","10":"product_tag-drahtlose","12":"first","13":"instock","14":"taxable","15":"shipping-taxable","16":"purchasable","17":"product-type-variable"},"df_price":210,"df_sale_price":"","df_regular_price":210,"df_image_link":"https:\/\/developing.newgarden.es\/wp-content\/uploads\/2022\/03\/EDY_G125_1200X1200-17-300x300.jpg","_links":{"self":[{"href":"https:\/\/developing.newgarden.es\/de\/wp-json\/wp\/v2\/product\/42784"}],"collection":[{"href":"https:\/\/developing.newgarden.es\/de\/wp-json\/wp\/v2\/product"}],"about":[{"href":"https:\/\/developing.newgarden.es\/de\/wp-json\/wp\/v2\/types\/product"}],"wp:featuredmedia":[{"embeddable":true,"href":"https:\/\/developing.newgarden.es\/de\/wp-json\/wp\/v2\/media\/55255"}],"wp:attachment":[{"href":"https:\/\/developing.newgarden.es\/de\/wp-json\/wp\/v2\/media?parent=42784"}],"wp:term":[{"taxonomy":"product_cat","embeddable":true,"href":"https:\/\/developing.newgarden.es\/de\/wp-json\/wp\/v2\/product_cat?post=42784"},{"taxonomy":"product_tag","embeddable":true,"href":"https:\/\/developing.newgarden.es\/de\/wp-json\/wp\/v2\/product_tag?post=42784"}],"curies":[{"name":"wp","href":"https:\/\/api.w.org\/{rel}","templated":true}]}}