{"id":42419,"date":"2022-03-10T14:57:40","date_gmt":"2022-03-10T13:57:43","guid":{"rendered":"https:\/\/newgarden.es\/?post_type=product&#038;p=42419"},"modified":"2024-06-13T11:42:35","modified_gmt":"2024-06-13T09:42:35","slug":"magnolia-160-color","status":"publish","type":"product","link":"https:\/\/developing.newgarden.es\/de\/shop\/blumentopfs\/blumentopfs-ohne-beleuchtung\/magnolia-160-color\/","title":{"rendered":"GRO\u00dfER TOPF MAGNOLIA 160 CM FARBE"},"content":{"rendered":"<section class=\"wpb-content-wrapper\"><p>[vc_row][vc_column el_class=&#8221;descripcion_producto&#8221;][vc_column_text]<br \/>\n<strong>RIESEN-PFLANZGEF\u00c4SS IN DER FARBE MAGNOLIE 160<\/strong><\/p>\n<p>*<strong> MAGNOLIA<\/strong> gilt als einer der Star-Pflanzk\u00fcbel der Newgarden-Gartenkollektion. Seine gro\u00dfe Vielfalt an Ausf\u00fchrungen, Gr\u00f6\u00dfen und Farben machen ihn zu einem Muss in der Palette der runden Pflanzgef\u00e4\u00dfe.<\/p>\n<p>Magnolia 160 eignet sich aufgrund seines Designs, seiner Gr\u00f6\u00dfe und seiner Stabilit\u00e4t (er kann in voller Ausf\u00fchrung bis zu einer Tonne wiegen) f\u00fcr Stadtm\u00f6bel. Ein praktischer und eleganter Ersatz f\u00fcr den Poller.<\/p>\n<p>Alle Newgarden-Produkte bestehen aus Polyethylen und sind daher sehr widerstandsf\u00e4hig gegen extreme Temperaturen. Sie sind au\u00dferdem gegen UV-Strahlen gesch\u00fctzt, was die Lebensdauer des Produkts au\u00dferordentlich verl\u00e4ngert.<br \/>\n[\/vc_column_text][\/vc_column][\/vc_row][vc_row disable_element=&#8221;yes&#8221;][vc_column][vc_single_image image=&#8221;6566&#8243; img_size=&#8221;full&#8221;][\/vc_column][\/vc_row][vc_row][vc_column width=&#8221;1\/2&#8243;][vc_btn title=&#8221;Technisches Datenblatt&#8221; style=&#8221;custom&#8221; custom_background=&#8221;#009bc2&#8243; custom_text=&#8221;#ffffff&#8221; shape=&#8221;square&#8221; link=&#8221;url:https%3A%2F%2Fbit.ly%2F39JGNAK|target:%20_blank|&#8221; el_class=&#8221;btn_descargar_ficha&#8221;][\/vc_column][vc_column width=&#8221;1\/2&#8243;][\/vc_column][\/vc_row]<\/p>\n<\/section>","protected":false},"excerpt":{"rendered":"<h5 style=\"font-size: 12px;\"><strong>Magnolia 160 Outdoor-Pflanztopf<\/strong><\/h5>\n","protected":false},"featured_media":60756,"template":"","meta":[],"product_cat":[783,806,1594],"product_tag":[],"class_list":{"0":"post-42419","1":"product","2":"type-product","3":"status-publish","4":"has-post-thumbnail","6":"product_cat-blumentopfs","7":"product_cat-blumentopfs-ohne-beleuchtung","8":"product_cat-runde-blumentopfs","10":"first","11":"instock","12":"taxable","13":"shipping-taxable","14":"purchasable","15":"product-type-variable"},"df_price":1534.4,"df_sale_price":"","df_regular_price":1534.4,"df_image_link":"https:\/\/developing.newgarden.es\/wp-content\/uploads\/2022\/03\/MAGNOLIA_160_1200X1200-11-300x300.jpg","_links":{"self":[{"href":"https:\/\/developing.newgarden.es\/de\/wp-json\/wp\/v2\/product\/42419"}],"collection":[{"href":"https:\/\/developing.newgarden.es\/de\/wp-json\/wp\/v2\/product"}],"about":[{"href":"https:\/\/developing.newgarden.es\/de\/wp-json\/wp\/v2\/types\/product"}],"wp:featuredmedia":[{"embeddable":true,"href":"https:\/\/developing.newgarden.es\/de\/wp-json\/wp\/v2\/media\/60756"}],"wp:attachment":[{"href":"https:\/\/developing.newgarden.es\/de\/wp-json\/wp\/v2\/media?parent=42419"}],"wp:term":[{"taxonomy":"product_cat","embeddable":true,"href":"https:\/\/developing.newgarden.es\/de\/wp-json\/wp\/v2\/product_cat?post=42419"},{"taxonomy":"product_tag","embeddable":true,"href":"https:\/\/developing.newgarden.es\/de\/wp-json\/wp\/v2\/product_tag?post=42419"}],"curies":[{"name":"wp","href":"https:\/\/api.w.org\/{rel}","templated":true}]}}