{"id":42248,"date":"2022-03-02T08:17:06","date_gmt":"2022-03-02T07:17:10","guid":{"rendered":"https:\/\/newgarden.es\/?post_type=product&#038;p=42248"},"modified":"2024-06-13T11:41:47","modified_gmt":"2024-06-13T09:41:47","slug":"magnolia-80-color","status":"publish","type":"product","link":"https:\/\/developing.newgarden.es\/de\/shop\/blumentopfs\/blumentopfs-ohne-beleuchtung\/magnolia-80-color\/","title":{"rendered":"GRO\u00dfER TOPF MAGNOLIA 80CM FARBE"},"content":{"rendered":"<section class=\"wpb-content-wrapper\"><p>[vc_row][vc_column el_class=&#8221;descripcion_producto&#8221;][vc_column_text]Magnolia 80 (\u00f880&#215;76 cm) gilt als einer der Star-Pflanzk\u00fcbel der Newgarden-Gartenkollektion. Seine gro\u00dfe Vielfalt an Ausf\u00fchrungen, Gr\u00f6\u00dfen und Farben machen ihn zu einem unverzichtbaren Bestandteil des runden Pflanzgef\u00e4\u00df-Sortiments.<\/p>\n<p>Magnolia 80 ist aufgrund seines Designs, seiner Gr\u00f6\u00dfe und seiner Stabilit\u00e4t ideal f\u00fcr die Stadtm\u00f6blierung. Ein praktischer und eleganter Ersatz f\u00fcr den Poller.<\/p>\n<p>Alle Newgarden-Produkte bestehen aus Polyethylen und sind daher sehr widerstandsf\u00e4hig gegen extreme Temperaturen. Sie sind au\u00dferdem gegen UV-Strahlen gesch\u00fctzt, was die Lebensdauer des Produkts au\u00dferordentlich verl\u00e4ngert.<\/p>\n<ul class=\"tablaTech\">\n<li>\n<div class=\"boxContents no-border\">\n<div class=\"name\"><strong>GR\u00d6SSE<\/strong><\/div>\n<div class=\"data\">\u00f880 x76 cm<\/div>\n<\/div>\n<\/li>\n<li>\n<div class=\"boxContents no-border\">\n<div class=\"name\"><strong>PFLANZVOLUMEN<\/strong><\/div>\n<div class=\"data\">207\u00a0litros<\/div>\n<\/div>\n<\/li>\n<\/ul>\n<p>&nbsp;<\/p>\n<p>[\/vc_column_text][\/vc_column][\/vc_row][vc_row disable_element=&#8221;yes&#8221;][vc_column][vc_single_image image=&#8221;6566&#8243; img_size=&#8221;full&#8221;][\/vc_column][\/vc_row][vc_row][vc_column width=&#8221;1\/2&#8243;][vc_btn title=&#8221;Technisches Datenblatt&#8221; style=&#8221;custom&#8221; custom_background=&#8221;#009bc2&#8243; custom_text=&#8221;#ffffff&#8221; shape=&#8221;square&#8221; link=&#8221;url:https%3A%2F%2Fbit.ly%2F39JJRwy|target:%20_blank|&#8221; el_class=&#8221;btn_descargar_ficha&#8221;][\/vc_column][vc_column width=&#8221;1\/2&#8243;][vc_btn title=&#8221;BEDIENUNGSANLEITUNG&#8221; style=&#8221;custom&#8221; custom_background=&#8221;#009bc2&#8243; custom_text=&#8221;#ffffff&#8221; shape=&#8221;square&#8221; link=&#8221;url:https%3A%2F%2Fdeveloping.newgarden.es%2Fde%2F%3Fpage_id%3D25148|target:%20_blank|&#8221; el_class=&#8221;btn_descargar_ficha&#8221;][\/vc_column][\/vc_row]<\/p>\n<\/section>","protected":false},"excerpt":{"rendered":"<h1 style=\"font-size: 12px;\">Magnolia Outdoor-Pflanztopf<\/h1>\n","protected":false},"featured_media":60826,"template":"","meta":[],"product_cat":[783,806,1594],"product_tag":[],"class_list":{"0":"post-42248","1":"product","2":"type-product","3":"status-publish","4":"has-post-thumbnail","6":"product_cat-blumentopfs","7":"product_cat-blumentopfs-ohne-beleuchtung","8":"product_cat-runde-blumentopfs","10":"first","11":"instock","12":"taxable","13":"shipping-taxable","14":"purchasable","15":"product-type-variable"},"df_price":336,"df_sale_price":"","df_regular_price":336,"df_image_link":"https:\/\/developing.newgarden.es\/wp-content\/uploads\/2022\/03\/magnolia_80_1200x1200-18-300x300.jpg","_links":{"self":[{"href":"https:\/\/developing.newgarden.es\/de\/wp-json\/wp\/v2\/product\/42248"}],"collection":[{"href":"https:\/\/developing.newgarden.es\/de\/wp-json\/wp\/v2\/product"}],"about":[{"href":"https:\/\/developing.newgarden.es\/de\/wp-json\/wp\/v2\/types\/product"}],"wp:featuredmedia":[{"embeddable":true,"href":"https:\/\/developing.newgarden.es\/de\/wp-json\/wp\/v2\/media\/60826"}],"wp:attachment":[{"href":"https:\/\/developing.newgarden.es\/de\/wp-json\/wp\/v2\/media?parent=42248"}],"wp:term":[{"taxonomy":"product_cat","embeddable":true,"href":"https:\/\/developing.newgarden.es\/de\/wp-json\/wp\/v2\/product_cat?post=42248"},{"taxonomy":"product_tag","embeddable":true,"href":"https:\/\/developing.newgarden.es\/de\/wp-json\/wp\/v2\/product_tag?post=42248"}],"curies":[{"name":"wp","href":"https:\/\/api.w.org\/{rel}","templated":true}]}}