{"id":42093,"date":"2022-03-01T15:44:29","date_gmt":"2022-03-01T14:44:30","guid":{"rendered":"https:\/\/newgarden.es\/?post_type=product&#038;p=42093"},"modified":"2024-05-27T11:02:23","modified_gmt":"2024-05-27T09:02:23","slug":"gretita-solarleuchte-stueck-2","status":"publish","type":"product","link":"https:\/\/developing.newgarden.es\/de\/shop\/lightdeco-de\/tragbares\/gretita-solarleuchte-stueck-2\/","title":{"rendered":"GRETITA SOLAR GARTEN SPIKE (4 ST\u00dcCK) &#8211; FARBE WEISS"},"content":{"rendered":"<section class=\"wpb-content-wrapper\"><p>[vc_row][vc_column][vc_column_text][\/vc_column_text][\/vc_column][\/vc_row][vc_row][vc_column][vc_column_text]Die Gretita Solar Lamp ist eine solarbetriebene Gartenleuchte. Hergestellt aus recyceltem Kunststoff und mit einem Solarmodul auf der Oberseite zum Aufladen, k\u00f6nnen Sie sie auf Gehwegen, am Pool oder sogar in einem Pflanzk\u00fcbel platzieren &#8211; die Vielseitigkeit dieser Solar-Gartenleuchte ist grenzenlos. Dank des D\u00e4mmerungssensors brauchen Sie sie nicht mehr ein- oder auszuschalten, denn sie schaltet sich automatisch ein, wenn sie erkennt, dass das Sonnenlicht schw\u00e4cher wird.<\/p>\n<p>Die Gretita-Solarlampe wird aus recyceltem Material aus den Ozeanen hergestellt. Sie ist ein nachhaltiges Produkt, das Plastikm\u00fcll in Form einer Lampe ein neues Leben schenkt. Erh\u00e4ltlich in wei\u00df oder schwarz.<\/p>\n<p>Jede Schachtel enth\u00e4lt 4 Gretitas[\/vc_column_text][\/vc_column][\/vc_row][vc_row][vc_column width=&#8221;1\/2&#8243;][vc_btn title=&#8221;Technisches Datenblatt&#8221; style=&#8221;custom&#8221; custom_background=&#8221;#009bc2&#8243; custom_text=&#8221;#ffffff&#8221; shape=&#8221;square&#8221; el_class=&#8221;btn_descargar_ficha&#8221; link=&#8221;url:https%3A%2F%2Fbit.ly%2F3Ndyyuf|target:%20_blank|&#8221;][\/vc_column][vc_column width=&#8221;1\/2&#8243;][vc_btn title=&#8221;BEDIENUNGSANLEITUNG&#8221; style=&#8221;custom&#8221; custom_background=&#8221;#009bc2&#8243; custom_text=&#8221;#ffffff&#8221; shape=&#8221;square&#8221; el_class=&#8221;btn_descargar_ficha&#8221; link=&#8221;url:https%3A%2F%2Fbit.ly%2F3oJGFFc|target:%20_blank|&#8221;][\/vc_column][\/vc_row]<\/p>\n<\/section>","protected":false},"excerpt":{"rendered":"<p>[vc_row][vc_column][vc_column_text][\/vc_column_text][\/vc_column][\/vc_row][vc_row][vc_column][vc_column_text]Die Gretita Solar Lamp ist eine solarbetriebene Gartenleuchte. Hergestellt aus recyceltem Kunststoff und mit einem Solarmodul auf der Oberseite zum Aufladen, k\u00f6nnen Sie sie auf Gehwegen, am Pool oder sogar<\/p>\n","protected":false},"featured_media":57099,"template":"","meta":[],"product_cat":[763,1581,826],"product_tag":[793,789],"class_list":{"0":"post-42093","1":"product","2":"type-product","3":"status-publish","4":"has-post-thumbnail","6":"product_cat-lightdeco-de","7":"product_cat-baken-und-stacheln","8":"product_cat-tragbares","9":"product_tag-drahtlose","10":"product_tag-solar-de","12":"first","13":"instock","14":"taxable","15":"shipping-taxable","16":"purchasable","17":"product-type-variable"},"df_price":143.3,"df_sale_price":"","df_regular_price":143.3,"df_image_link":"https:\/\/developing.newgarden.es\/wp-content\/uploads\/2022\/03\/GRETITA_PICA_BW_1200X1200-9-300x300.jpg","_links":{"self":[{"href":"https:\/\/developing.newgarden.es\/de\/wp-json\/wp\/v2\/product\/42093"}],"collection":[{"href":"https:\/\/developing.newgarden.es\/de\/wp-json\/wp\/v2\/product"}],"about":[{"href":"https:\/\/developing.newgarden.es\/de\/wp-json\/wp\/v2\/types\/product"}],"wp:featuredmedia":[{"embeddable":true,"href":"https:\/\/developing.newgarden.es\/de\/wp-json\/wp\/v2\/media\/57099"}],"wp:attachment":[{"href":"https:\/\/developing.newgarden.es\/de\/wp-json\/wp\/v2\/media?parent=42093"}],"wp:term":[{"taxonomy":"product_cat","embeddable":true,"href":"https:\/\/developing.newgarden.es\/de\/wp-json\/wp\/v2\/product_cat?post=42093"},{"taxonomy":"product_tag","embeddable":true,"href":"https:\/\/developing.newgarden.es\/de\/wp-json\/wp\/v2\/product_tag?post=42093"}],"curies":[{"name":"wp","href":"https:\/\/api.w.org\/{rel}","templated":true}]}}