{"id":41994,"date":"2022-03-01T14:36:18","date_gmt":"2022-03-01T13:36:20","guid":{"rendered":"https:\/\/newgarden.es\/?post_type=product&#038;p=41994"},"modified":"2024-06-13T15:00:37","modified_gmt":"2024-06-13T13:00:37","slug":"kabellose-bogen-stehleuchte-niza-2","status":"publish","type":"product","link":"https:\/\/developing.newgarden.es\/de\/shop\/lightdeco-de\/stehlampe\/kabellose-bogen-stehleuchte-niza-2\/","title":{"rendered":"KABELLOSE BOGEN-STEHLEUCHTE NIZA 165"},"content":{"rendered":"<section class=\"wpb-content-wrapper\"><p>[vc_row][vc_column][vc_column_text][\/vc_column_text][\/vc_column][\/vc_row][vc_row][vc_column][vc_column_text]Niza ist eine Stehleuchte, die ohne Kabel auskommt. Ihr schwarz lackierter Metallk\u00f6rper erreicht eine maximale H\u00f6he von 165 cm und ist damit die ideale Bogen-Stehleuchte f\u00fcr jeden Gartenraum. Der Schirm ist mit Naturfasern handgeflochten und hat einen Durchmesser von 40 cm.<\/p>\n<p>Die Stehleuchte Nice wird mit einem Zubeh\u00f6rteil geliefert, mit dem der obere Bogen an der Wand befestigt werden kann, so dass sie 2 Leuchten in einer ist.<\/p>\n<p>Sie kann mit dem gr\u00f6\u00dferen Modell NIZA 215 kombiniert werden.<\/p>\n<p>Sie enth\u00e4lt eine tragbare, wiederaufladbare 900-Lumen-Gl\u00fchbirne, die nicht installiert werden muss. Man muss sie nur in die N\u00e4he der Lampe bringen und sie haftet dank ihres Magnetsockels. Die Lampe ist mit einer Fernbedienung ausgestattet, mit der man sie ein- und ausschalten und ihre Lichtst\u00e4rke regulieren kann.<\/p>\n<p>Sie ist auch in einer gr\u00f6\u00dferen Ausf\u00fchrung erh\u00e4ltlich: NIZA 215.<\/p>\n<p><strong>*Das Video entspricht der NIZA 215.<\/strong><\/p>\n<p>[\/vc_column_text][vc_video link=&#8221;https:\/\/youtu.be\/NSoy01-qQhw&#8221;][\/vc_column][\/vc_row][vc_row][vc_column width=&#8221;1\/2&#8243;][vc_btn title=&#8221;Technisches Datenblatt&#8221; style=&#8221;custom&#8221; custom_background=&#8221;#009bc2&#8243; custom_text=&#8221;#ffffff&#8221; shape=&#8221;square&#8221; el_class=&#8221;btn_descargar_ficha&#8221; link=&#8221;url:https%3A%2F%2Fbit.ly%2F3OpPnDu|target:%20_blank|&#8221;][\/vc_column][vc_column width=&#8221;1\/2&#8243;][vc_btn title=&#8221;BEDIENUNGSANLEITUNG&#8221; style=&#8221;custom&#8221; custom_background=&#8221;#009bc2&#8243; custom_text=&#8221;#ffffff&#8221; shape=&#8221;square&#8221; el_class=&#8221;btn_descargar_ficha&#8221; link=&#8221;url:https%3A%2F%2Fbit.ly%2F3zM3TAJ|target:%20_blank|&#8221;][\/vc_column][\/vc_row]<\/p>\n<\/section>","protected":false},"excerpt":{"rendered":"<p>[vc_row][vc_column][vc_column_text][\/vc_column_text][\/vc_column][\/vc_row][vc_row][vc_column][vc_column_text]Niza ist eine Stehleuchte, die ohne Kabel auskommt. Ihr schwarz lackierter Metallk\u00f6rper erreicht eine maximale H\u00f6he von 165 cm und ist damit die ideale Bogen-Stehleuchte f\u00fcr jeden Gartenraum. Der Schirm<\/p>\n","protected":false},"featured_media":53594,"template":"","meta":[],"product_cat":[1696,763,767],"product_tag":[766,793],"class_list":{"0":"post-41994","1":"product","2":"type-product","3":"status-publish","4":"has-post-thumbnail","6":"product_cat-productos-de","7":"product_cat-lightdeco-de","8":"product_cat-stehlampe","9":"product_tag-batterie-de","10":"product_tag-drahtlose","12":"first","13":"instock","14":"taxable","15":"shipping-taxable","16":"purchasable","17":"product-type-variable","18":"has-default-attributes"},"df_price":212.9,"df_sale_price":"","df_regular_price":212.9,"df_image_link":"https:\/\/developing.newgarden.es\/wp-content\/uploads\/2022\/03\/NIZA_165_BATTERY_1200X1200-1-300x300.jpg","_links":{"self":[{"href":"https:\/\/developing.newgarden.es\/de\/wp-json\/wp\/v2\/product\/41994"}],"collection":[{"href":"https:\/\/developing.newgarden.es\/de\/wp-json\/wp\/v2\/product"}],"about":[{"href":"https:\/\/developing.newgarden.es\/de\/wp-json\/wp\/v2\/types\/product"}],"wp:featuredmedia":[{"embeddable":true,"href":"https:\/\/developing.newgarden.es\/de\/wp-json\/wp\/v2\/media\/53594"}],"wp:attachment":[{"href":"https:\/\/developing.newgarden.es\/de\/wp-json\/wp\/v2\/media?parent=41994"}],"wp:term":[{"taxonomy":"product_cat","embeddable":true,"href":"https:\/\/developing.newgarden.es\/de\/wp-json\/wp\/v2\/product_cat?post=41994"},{"taxonomy":"product_tag","embeddable":true,"href":"https:\/\/developing.newgarden.es\/de\/wp-json\/wp\/v2\/product_tag?post=41994"}],"curies":[{"name":"wp","href":"https:\/\/api.w.org\/{rel}","templated":true}]}}