{"id":41639,"date":"2022-02-16T15:13:52","date_gmt":"2022-02-16T14:13:54","guid":{"rendered":"https:\/\/newgarden.es\/?post_type=product&#038;p=41639"},"modified":"2024-06-10T08:34:26","modified_gmt":"2024-06-10T06:34:26","slug":"solarbetriebene-cherry","status":"publish","type":"product","link":"https:\/\/developing.newgarden.es\/de\/shop\/lightdeco-de\/tragbares\/solarbetriebene-cherry\/","title":{"rendered":"CHERRY SOLARBETRIEBENE TRAGBARE GL\u00dcHBIRNE"},"content":{"rendered":"<section class=\"wpb-content-wrapper\"><p>[vc_row][vc_column][vc_column_text][\/vc_column_text][\/vc_column][\/vc_row][vc_row][vc_column][vc_column_text]Die tragbare, wiederaufladbare Cherry-Gl\u00fchbirne muss nicht installiert werden. H\u00e4ngen Sie sie einfach auf oder platzieren Sie sie in der N\u00e4he einer metallischen Fl\u00e4che, und sie wird dank ihres magnetischen Sockels haften. Diese Cherry-Version enth\u00e4lt ein faltbares Solarpanel, mit dem Sie die Lampe in nur vier Stunden aufladen k\u00f6nnen.<\/p>\n<p>Die Gl\u00fchbirne wird au\u00dferdem mit einer Fernbedienung geliefert, mit der Sie sie ein- und ausschalten und dimmen k\u00f6nnen.<\/p>\n<p>Sie hat 900 Lumen und eine Brenndauer zwischen 6 und 20 Stunden, je nach Intensit\u00e4t.[\/vc_column_text][vc_video link=&#8221;https:\/\/youtu.be\/Zo0FlNN_K5U&#8221;][\/vc_column][\/vc_row][vc_row][vc_column width=&#8221;1\/2&#8243;][vc_btn title=&#8221;TECHNISCHES DATENBLATT WEISS&#8221; style=&#8221;custom&#8221; custom_background=&#8221;#009bc2&#8243; custom_text=&#8221;#ffffff&#8221; shape=&#8221;square&#8221; link=&#8221;url:https%3A%2F%2Fbit.ly%2F3N838p9|target:%20_blank|&#8221; el_class=&#8221;btn_descargar_ficha&#8221;][vc_btn title=&#8221;TECHNISCHES DATENBLATT BEIGE&#8221; style=&#8221;custom&#8221; custom_background=&#8221;#009bc2&#8243; custom_text=&#8221;#ffffff&#8221; shape=&#8221;square&#8221; link=&#8221;url:https%3A%2F%2Fbit.ly%2F39IMUFh|target:%20_blank|&#8221; el_class=&#8221;btn_descargar_ficha&#8221;][\/vc_column][vc_column width=&#8221;1\/2&#8243;][vc_btn title=&#8221;GEBRAUCHSANWEISUNG WEISS&#8221; style=&#8221;custom&#8221; custom_background=&#8221;#009bc2&#8243; custom_text=&#8221;#ffffff&#8221; shape=&#8221;square&#8221; link=&#8221;url:https%3A%2F%2Fbit.ly%2F3ztjbsK|target:%20_blank|&#8221; el_class=&#8221;btn_descargar_ficha&#8221;][vc_btn title=&#8221;BEIGE GEBRAUCHSANWEISUNG&#8221; style=&#8221;custom&#8221; custom_background=&#8221;#009bc2&#8243; custom_text=&#8221;#ffffff&#8221; shape=&#8221;square&#8221; link=&#8221;url:https%3A%2F%2Fbit.ly%2F3zqp5ef|target:%20_blank|&#8221; el_class=&#8221;btn_descargar_ficha&#8221;][\/vc_column][vc_column][\/vc_column][\/vc_row]<\/p>\n<\/section>","protected":false},"excerpt":{"rendered":"<p>[vc_row][vc_column][vc_column_text][\/vc_column_text][\/vc_column][\/vc_row][vc_row][vc_column][vc_column_text]Die tragbare, wiederaufladbare Cherry-Gl\u00fchbirne muss nicht installiert werden. H\u00e4ngen Sie sie einfach auf oder platzieren Sie sie in der N\u00e4he einer metallischen Fl\u00e4che, und sie wird dank ihres magnetischen Sockels<\/p>\n","protected":false},"featured_media":63092,"template":"","meta":[],"product_cat":[763,826],"product_tag":[766,793],"class_list":{"0":"post-41639","1":"product","2":"type-product","3":"status-publish","4":"has-post-thumbnail","6":"product_cat-lightdeco-de","7":"product_cat-tragbares","8":"product_tag-batterie-de","9":"product_tag-drahtlose","11":"first","12":"instock","13":"taxable","14":"shipping-taxable","15":"purchasable","16":"product-type-variable"},"df_price":42.7,"df_sale_price":"","df_regular_price":42.7,"df_image_link":"https:\/\/developing.newgarden.es\/wp-content\/uploads\/2022\/02\/CHERRY_BULB_BATTERY_1200X1200-6-300x300.jpg","_links":{"self":[{"href":"https:\/\/developing.newgarden.es\/de\/wp-json\/wp\/v2\/product\/41639"}],"collection":[{"href":"https:\/\/developing.newgarden.es\/de\/wp-json\/wp\/v2\/product"}],"about":[{"href":"https:\/\/developing.newgarden.es\/de\/wp-json\/wp\/v2\/types\/product"}],"wp:featuredmedia":[{"embeddable":true,"href":"https:\/\/developing.newgarden.es\/de\/wp-json\/wp\/v2\/media\/63092"}],"wp:attachment":[{"href":"https:\/\/developing.newgarden.es\/de\/wp-json\/wp\/v2\/media?parent=41639"}],"wp:term":[{"taxonomy":"product_cat","embeddable":true,"href":"https:\/\/developing.newgarden.es\/de\/wp-json\/wp\/v2\/product_cat?post=41639"},{"taxonomy":"product_tag","embeddable":true,"href":"https:\/\/developing.newgarden.es\/de\/wp-json\/wp\/v2\/product_tag?post=41639"}],"curies":[{"name":"wp","href":"https:\/\/api.w.org\/{rel}","templated":true}]}}