{"id":41280,"date":"2022-01-28T12:11:19","date_gmt":"2022-01-28T11:11:24","guid":{"rendered":"https:\/\/newgarden.es\/?post_type=product&#038;p=41280"},"modified":"2024-06-13T10:35:38","modified_gmt":"2024-06-13T08:35:38","slug":"magnolia-120-color","status":"publish","type":"product","link":"https:\/\/developing.newgarden.es\/de\/shop\/blumentopfs\/blumentopfs-ohne-beleuchtung\/magnolia-120-color\/","title":{"rendered":"MAGNOLIA 120 COLOUR"},"content":{"rendered":"<section class=\"wpb-content-wrapper\"><p>[vc_row][vc_column el_class=&#8221;descripcion_producto&#8221;][vc_column_text]Magnolia\u00a0 es considerado uno de los maceteros estrella de la colecci\u00f3n de jard\u00edn de Newgarden. Su gran variedad de acabados, tama\u00f1os y colores hacen de \u00e9l un indispensable dentro de la gama de maceteros redondos.<\/p>\n<p>Magnolia 120 es ideal para mobiliario urbano debido a su dise\u00f1o, dimensi\u00f3n y estabilidad. Un pr\u00e1ctico y elegante sustituto del bolardo.<\/p>\n<p><em>Todos los productos Newgarden est\u00e1n fabricados en polietileno, por lo que son muy resistentes a temperaturas extremas. Tambi\u00e9n est\u00e1n protegidos contra los rayos UV, haciendo que la vida \u00fatil del producto sea extraordinariamente larga.<\/em><\/p>\n<p>&nbsp;<\/p>\n<ul class=\"tablaTech\">\n<li>\n<div class=\"boxContents no-border\">\n<div class=\"name\"><strong>TAMA\u00d1O<\/strong><\/div>\n<div class=\"data\">\u00f8120 x 114 cm<\/div>\n<\/div>\n<\/li>\n<li>\n<div class=\"boxContents no-border\">\n<div class=\"name\"><strong>VOLUMEN DE PLANTACI\u00d3N<\/strong><\/div>\n<div class=\"data\">752,6\u00a0litros<\/div>\n<\/div>\n<\/li>\n<\/ul>\n<p>[\/vc_column_text][\/vc_column][\/vc_row][vc_row disable_element=&#8221;yes&#8221;][vc_column][vc_single_image image=&#8221;6566&#8243; img_size=&#8221;full&#8221;][\/vc_column][\/vc_row][vc_row][vc_column width=&#8221;1\/2&#8243;][vc_btn title=&#8221;FICHA T\u00c9NICA&#8221; style=&#8221;custom&#8221; custom_background=&#8221;#009bc2&#8243; custom_text=&#8221;#ffffff&#8221; shape=&#8221;square&#8221; link=&#8221;url:https%3A%2F%2Fbit.ly%2F3tURAi2|target:%20_blank|&#8221; el_class=&#8221;btn_descargar_ficha&#8221;][\/vc_column][vc_column width=&#8221;1\/2&#8243;][\/vc_column][\/vc_row]<\/p>\n<\/section>","protected":false},"excerpt":{"rendered":"<h5 style=\"font-size: 12px;\"><strong>Magnolia 120 Outdoor-Pflanztopf<\/strong><\/h5>\n","protected":false},"featured_media":60901,"template":"","meta":[],"product_cat":[783,806,1594],"product_tag":[],"class_list":{"0":"post-41280","1":"product","2":"type-product","3":"status-publish","4":"has-post-thumbnail","6":"product_cat-blumentopfs","7":"product_cat-blumentopfs-ohne-beleuchtung","8":"product_cat-runde-blumentopfs","10":"first","11":"instock","12":"taxable","13":"shipping-taxable","14":"purchasable","15":"product-type-variable"},"df_price":894.9,"df_sale_price":"","df_regular_price":894.9,"df_image_link":"https:\/\/developing.newgarden.es\/wp-content\/uploads\/2022\/01\/MAGNOLIA_1200X1200-3-300x300.jpg","_links":{"self":[{"href":"https:\/\/developing.newgarden.es\/de\/wp-json\/wp\/v2\/product\/41280"}],"collection":[{"href":"https:\/\/developing.newgarden.es\/de\/wp-json\/wp\/v2\/product"}],"about":[{"href":"https:\/\/developing.newgarden.es\/de\/wp-json\/wp\/v2\/types\/product"}],"wp:featuredmedia":[{"embeddable":true,"href":"https:\/\/developing.newgarden.es\/de\/wp-json\/wp\/v2\/media\/60901"}],"wp:attachment":[{"href":"https:\/\/developing.newgarden.es\/de\/wp-json\/wp\/v2\/media?parent=41280"}],"wp:term":[{"taxonomy":"product_cat","embeddable":true,"href":"https:\/\/developing.newgarden.es\/de\/wp-json\/wp\/v2\/product_cat?post=41280"},{"taxonomy":"product_tag","embeddable":true,"href":"https:\/\/developing.newgarden.es\/de\/wp-json\/wp\/v2\/product_tag?post=41280"}],"curies":[{"name":"wp","href":"https:\/\/api.w.org\/{rel}","templated":true}]}}