{"id":38731,"date":"2020-04-29T12:15:20","date_gmt":"2020-04-29T10:15:20","guid":{"rendered":"https:\/\/newgarden.es\/shop\/unkategorisiert\/hortensienfarbener-runder-ubertopf-80\/"},"modified":"2024-06-13T12:29:05","modified_gmt":"2024-06-13T10:29:05","slug":"hortensienfarbener-runder-ubertopf-80","status":"publish","type":"product","link":"https:\/\/developing.newgarden.es\/de\/shop\/blumentopfs\/blumentopfs-ohne-beleuchtung\/hortensienfarbener-runder-ubertopf-80\/","title":{"rendered":"HORTENSIENFARBENER RUNDER \u00dcBERTOPF 80"},"content":{"rendered":"<section class=\"wpb-content-wrapper\"><p>[vc_row][vc_column el_class=&#8221;descripcion_producto&#8221;][vc_column_text]*HORTENSIA 80 (\u00f880&#215;80 cm) Hortensia ist eine der neuesten Erg\u00e4nzungen des Newgarden-Pflanzgef\u00e4\u00dfprogramms. Es handelt sich um ein rundes Pflanzgef\u00e4\u00df mit einem gro\u00dfen Pflanzensockel. Abgerundete und strukturierte Linien in glatter Ausf\u00fchrung.<\/p>\n<p>Es ist ein perfektes Modell f\u00fcr jede Ecke Ihres Gartens, im Freien, auf der Terrasse oder im Gesch\u00e4ft. Das Modell Hortensia ist das ideale Pflanzgef\u00e4\u00df, um Ihrem Garten einen Hauch von Design zu verleihen, denn es passt in jede Umgebung.<\/p>\n<p>Er ist in verschiedenen Gr\u00f6\u00dfen (30, 40, 50 und 80) und Ausf\u00fchrungen (wei\u00df, bronze, schwarz, grau, taupe, zartrosa und zartgr\u00fcn) erh\u00e4ltlich.<\/p>\n<p>Der Hortensia-Pflanzk\u00fcbel ist aus Polyethylen gefertigt, wodurch er leicht und sehr widerstandsf\u00e4hig gegen extreme Temperaturen ist. Au\u00dferdem sind sie gegen UV-Strahlen gesch\u00fctzt, was die Lebensdauer des Produkts au\u00dferordentlich verl\u00e4ngert.<\/p>\n<p>ANBAUVOLUMEN: 340 Liter[\/vc_column_text][\/vc_column][\/vc_row][vc_row disable_element=&#8221;yes&#8221;][vc_column][vc_single_image image=&#8221;6566&#8243; img_size=&#8221;full&#8221;][\/vc_column][\/vc_row][vc_row][vc_column width=&#8221;1\/2&#8243;][vc_btn title=&#8221;Technisches Datenblatt&#8221; style=&#8221;custom&#8221; custom_background=&#8221;#009bc2&#8243; custom_text=&#8221;#ffffff&#8221; shape=&#8221;square&#8221; link=&#8221;url:https%3A%2F%2Fbit.ly%2F3QEs8Y7|target:%20_blank|&#8221; el_class=&#8221;btn_descargar_ficha&#8221;][\/vc_column][\/vc_row]<\/p>\n<\/section>","protected":false},"excerpt":{"rendered":"<p>HORTENSIENFARBENER RUNDER \u00dcBERTOPF 80<\/p>\n","protected":false},"featured_media":61352,"template":"","meta":[],"product_cat":[783,806,1594],"product_tag":[],"class_list":{"0":"post-38731","1":"product","2":"type-product","3":"status-publish","4":"has-post-thumbnail","6":"product_cat-blumentopfs","7":"product_cat-blumentopfs-ohne-beleuchtung","8":"product_cat-runde-blumentopfs","10":"first","11":"instock","12":"taxable","13":"shipping-taxable","14":"purchasable","15":"product-type-variable"},"df_price":277.7,"df_sale_price":"","df_regular_price":277.7,"df_image_link":"https:\/\/developing.newgarden.es\/wp-content\/uploads\/2020\/07\/HORTENSIA_30_40_50_80_OPACOS_1200X1200-28-300x300.jpg","_links":{"self":[{"href":"https:\/\/developing.newgarden.es\/de\/wp-json\/wp\/v2\/product\/38731"}],"collection":[{"href":"https:\/\/developing.newgarden.es\/de\/wp-json\/wp\/v2\/product"}],"about":[{"href":"https:\/\/developing.newgarden.es\/de\/wp-json\/wp\/v2\/types\/product"}],"wp:featuredmedia":[{"embeddable":true,"href":"https:\/\/developing.newgarden.es\/de\/wp-json\/wp\/v2\/media\/61352"}],"wp:attachment":[{"href":"https:\/\/developing.newgarden.es\/de\/wp-json\/wp\/v2\/media?parent=38731"}],"wp:term":[{"taxonomy":"product_cat","embeddable":true,"href":"https:\/\/developing.newgarden.es\/de\/wp-json\/wp\/v2\/product_cat?post=38731"},{"taxonomy":"product_tag","embeddable":true,"href":"https:\/\/developing.newgarden.es\/de\/wp-json\/wp\/v2\/product_tag?post=38731"}],"curies":[{"name":"wp","href":"https:\/\/api.w.org\/{rel}","templated":true}]}}