{"id":38282,"date":"2021-09-29T13:48:20","date_gmt":"2021-09-29T11:48:21","guid":{"rendered":"https:\/\/newgarden.es\/?post_type=product&#038;p=38282"},"modified":"2021-10-04T15:32:31","modified_gmt":"2021-10-04T13:32:31","slug":"leuchtkugel-kugel-20-innenbereich","status":"publish","type":"product","link":"https:\/\/developing.newgarden.es\/de\/shop\/lightdeco-de\/tischlampe\/leuchtkugel-kugel-20-innenbereich\/","title":{"rendered":"LEUCHTKUGEL KUGEL 20 | INNENBEREICH"},"content":{"rendered":"<section class=\"wpb-content-wrapper\"><p>[vc_row][vc_column el_class=&#8221;descripcion_producto&#8221;][vc_column_text]<br \/>\nDie BULY-Lampe mit Beleuchtung, um Ihren Abendpartys eine andere Note zu verleihen. Oder verleihen Sie Ihrem Nachttisch einen anderen Ton.<\/p>\n<p>Alle Newgarden-Produkte werden aus Polyethylen hergestellt, was sie leicht und \u00e4u\u00dferst widerstandsf\u00e4hig gegen extreme Temperaturen macht. Sie sind au\u00dferdem UV-gesch\u00fctzt, was die Lebensdauer des Produkts au\u00dferordentlich verl\u00e4ngert.<br \/>\n[\/vc_column_text][\/vc_column][\/vc_row][vc_row disable_element=&#8221;yes&#8221;][vc_column][vc_single_image image=&#8221;6566&#8243; img_size=&#8221;full&#8221;][\/vc_column][\/vc_row][vc_row][vc_column width=&#8221;1\/2&#8243;][vc_btn title=&#8221;Technisches Datenblatt&#8221; style=&#8221;custom&#8221; custom_background=&#8221;#009bc2&#8243; custom_text=&#8221;#ffffff&#8221; shape=&#8221;square&#8221; link=&#8221;url:https%3A%2F%2Fdrive.google.com%2Fdrive%2Ffolders%2F1Jp_nSgrEmxGRLUqd0xH7sP1wnukjd7QS|target:%20_blank|&#8221; el_class=&#8221;btn_descargar_ficha&#8221;][\/vc_column][vc_column width=&#8221;1\/2&#8243;][vc_btn title=&#8221;BEDIENUNGSANLEITUNG&#8221; style=&#8221;custom&#8221; custom_background=&#8221;#009bc2&#8243; custom_text=&#8221;#ffffff&#8221; shape=&#8221;square&#8221; el_class=&#8221;btn_descargar_ficha&#8221;][\/vc_column][\/vc_row]<\/p>\n<\/section>","protected":false},"excerpt":{"rendered":"<h1 style=\"font-size: 12px;\">BULY beleuchtete Kugel<\/h1>\n","protected":false},"featured_media":58655,"template":"","meta":[],"product_cat":[1696,763,764,1225,1589],"product_tag":[1226,765],"class_list":{"0":"post-38282","1":"product","2":"type-product","3":"status-publish","4":"has-post-thumbnail","6":"product_cat-productos-de","7":"product_cat-lightdeco-de","8":"product_cat-tischlampe","9":"product_cat-interior-de","10":"product_cat-innenbereich-de","11":"product_tag-interior-de","12":"product_tag-kabel","14":"first","15":"instock","16":"taxable","17":"shipping-taxable","18":"purchasable","19":"product-type-variable"},"df_price":26.1,"df_sale_price":"","df_regular_price":26.1,"df_image_link":"https:\/\/developing.newgarden.es\/wp-content\/uploads\/2021\/09\/BULY_20_CABLE_1200X1200-2-300x300.jpg","_links":{"self":[{"href":"https:\/\/developing.newgarden.es\/de\/wp-json\/wp\/v2\/product\/38282"}],"collection":[{"href":"https:\/\/developing.newgarden.es\/de\/wp-json\/wp\/v2\/product"}],"about":[{"href":"https:\/\/developing.newgarden.es\/de\/wp-json\/wp\/v2\/types\/product"}],"wp:featuredmedia":[{"embeddable":true,"href":"https:\/\/developing.newgarden.es\/de\/wp-json\/wp\/v2\/media\/58655"}],"wp:attachment":[{"href":"https:\/\/developing.newgarden.es\/de\/wp-json\/wp\/v2\/media?parent=38282"}],"wp:term":[{"taxonomy":"product_cat","embeddable":true,"href":"https:\/\/developing.newgarden.es\/de\/wp-json\/wp\/v2\/product_cat?post=38282"},{"taxonomy":"product_tag","embeddable":true,"href":"https:\/\/developing.newgarden.es\/de\/wp-json\/wp\/v2\/product_tag?post=38282"}],"curies":[{"name":"wp","href":"https:\/\/api.w.org\/{rel}","templated":true}]}}