{"id":37977,"date":"2021-09-28T13:21:10","date_gmt":"2021-09-28T11:21:11","guid":{"rendered":"https:\/\/newgarden.es\/?post_type=product&#038;p=37977"},"modified":"2024-06-14T10:26:28","modified_gmt":"2024-06-14T08:26:28","slug":"dekorative-gluhbirne-selena","status":"publish","type":"product","link":"https:\/\/developing.newgarden.es\/de\/shop\/lightdeco-de\/pendelleuchten\/dekorative-gluhbirne-selena\/","title":{"rendered":"Dekorative Gl\u00fchbirne SELENA"},"content":{"rendered":"<section class=\"wpb-content-wrapper\"><p>[vc_row][vc_column][vc_column_text][\/vc_column_text][\/vc_column][\/vc_row][vc_row][vc_column][vc_column_text]Die dekorative Gl\u00fchbirne SELENA hat die Form eines Sterns und ist exklusiv f\u00fcr die Pendelleuchten SIMONA und ILARIA.<\/p>\n<p>Diese Gl\u00fchbirne ist die perfekte Erg\u00e4nzung, um jeden Raum in Ihrem Haus oder Garten zu beleuchten und ihm einen lustigen Touch zu verleihen.[\/vc_column_text][vc_video link=&#8221;&#8221;][\/vc_column][\/vc_row][vc_row][vc_column width=&#8221;1\/2&#8243;][vc_btn title=&#8221;Technisches Datenblatt&#8221; style=&#8221;custom&#8221; custom_background=&#8221;#009bc2&#8243; custom_text=&#8221;#ffffff&#8221; shape=&#8221;square&#8221; el_class=&#8221;btn_descargar_ficha&#8221; link=&#8221;url:https%3A%2F%2Fdrive.google.com%2Fdrive%2Ffolders%2F1xCmBZzHLUf2kA7SoghSe1qYREIOt5lU2%3Fusp%3Dsharing|target:%20_blank|&#8221;][\/vc_column][vc_column width=&#8221;1\/2&#8243;][vc_btn title=&#8221;BEDIENUNGSANLEITUNG&#8221; style=&#8221;custom&#8221; custom_background=&#8221;#009bc2&#8243; custom_text=&#8221;#ffffff&#8221; shape=&#8221;square&#8221; el_class=&#8221;btn_descargar_ficha&#8221; link=&#8221;target:%20_blank|&#8221;][\/vc_column][\/vc_row]<\/p>\n<\/section>","protected":false},"excerpt":{"rendered":"<p>[vc_row][vc_column][vc_column_text][\/vc_column_text][\/vc_column][\/vc_row][vc_row][vc_column][vc_column_text]Die dekorative Gl\u00fchbirne SELENA hat die Form eines Sterns und ist exklusiv f\u00fcr die Pendelleuchten SIMONA und ILARIA. Diese Gl\u00fchbirne ist die perfekte Erg\u00e4nzung, um jeden Raum in Ihrem Haus<\/p>\n","protected":false},"featured_media":64803,"template":"","meta":[],"product_cat":[763,819,1225],"product_tag":[793,789],"class_list":{"0":"post-37977","1":"product","2":"type-product","3":"status-publish","4":"has-post-thumbnail","6":"product_cat-lightdeco-de","7":"product_cat-pendelleuchten","8":"product_cat-interior-de","9":"product_tag-drahtlose","10":"product_tag-solar-de","12":"first","13":"instock","14":"taxable","15":"shipping-taxable","16":"purchasable","17":"product-type-variable","18":"has-default-attributes"},"df_price":17.7,"df_sale_price":"","df_regular_price":17.7,"df_image_link":"https:\/\/developing.newgarden.es\/wp-content\/uploads\/2021\/09\/BOMBILLA_SELENA_1200X1200-5-300x300.jpg","_links":{"self":[{"href":"https:\/\/developing.newgarden.es\/de\/wp-json\/wp\/v2\/product\/37977"}],"collection":[{"href":"https:\/\/developing.newgarden.es\/de\/wp-json\/wp\/v2\/product"}],"about":[{"href":"https:\/\/developing.newgarden.es\/de\/wp-json\/wp\/v2\/types\/product"}],"wp:featuredmedia":[{"embeddable":true,"href":"https:\/\/developing.newgarden.es\/de\/wp-json\/wp\/v2\/media\/64803"}],"wp:attachment":[{"href":"https:\/\/developing.newgarden.es\/de\/wp-json\/wp\/v2\/media?parent=37977"}],"wp:term":[{"taxonomy":"product_cat","embeddable":true,"href":"https:\/\/developing.newgarden.es\/de\/wp-json\/wp\/v2\/product_cat?post=37977"},{"taxonomy":"product_tag","embeddable":true,"href":"https:\/\/developing.newgarden.es\/de\/wp-json\/wp\/v2\/product_tag?post=37977"}],"curies":[{"name":"wp","href":"https:\/\/api.w.org\/{rel}","templated":true}]}}