{"id":37917,"date":"2021-09-28T11:51:26","date_gmt":"2021-09-28T09:51:27","guid":{"rendered":"https:\/\/newgarden.es\/?post_type=product&#038;p=37917"},"modified":"2021-10-04T14:16:55","modified_gmt":"2021-10-04T12:16:55","slug":"dekostern-sisine-star-40","status":"publish","type":"product","link":"https:\/\/developing.newgarden.es\/de\/shop\/lightdeco-de\/tischlampe\/dekostern-sisine-star-40\/","title":{"rendered":"DEKOSTERN SISINE STAR 40"},"content":{"rendered":"<section class=\"wpb-content-wrapper\"><p>[vc_row][vc_column][vc_column_text][\/vc_column_text][\/vc_column][\/vc_row][vc_row][vc_column][vc_column_text]Die dekorative Lampe SISINE STAR 40 ist aus Naturfasern handgeflochten. Diese Lampe ist die perfekte Erg\u00e4nzung, um jeden Raum in Ihrem Zuhause zu beleuchten und ihm einen nat\u00fcrlichen Touch zu verleihen. Die dekorative Leuchte SISINE STAR 40 ist in einer Ausf\u00fchrung erh\u00e4ltlich:<\/p>\n<p>Schnurlose dekorative Lampe SISINE STAR 40: Sie verf\u00fcgt \u00fcber eine eingebaute, wiederaufladbare, tragbare Lampe mit 900 Lumen, die nicht installiert werden muss. Sie m\u00fcssen sie nur in die N\u00e4he der Lampe bringen und sie wird dank ihres Magnetfu\u00dfes haften. Diese Gl\u00fchbirne wird mit einer Fernbedienung geliefert, mit der man sie ein- und ausschalten und ihre Intensit\u00e4t regulieren kann.<\/p>\n<p>Beinhaltet die Lichtergirlande.<\/p>\n<p>(Batterien nicht enthalten)[\/vc_column_text][\/vc_column][\/vc_row][vc_row][vc_column width=&#8221;1\/2&#8243;][vc_btn title=&#8221;Technisches Datenblatt&#8221; style=&#8221;custom&#8221; custom_background=&#8221;#009bc2&#8243; custom_text=&#8221;#ffffff&#8221; shape=&#8221;square&#8221; el_class=&#8221;btn_descargar_ficha&#8221; link=&#8221;url:https%3A%2F%2Fdrive.google.com%2Fdrive%2Ffolders%2F1NX9IphGKh9QzfmDBrvTDEMn4m94miaJi%3Fusp%3Dsharing|target:%20_blank|&#8221;][\/vc_column][vc_column width=&#8221;1\/2&#8243;][vc_btn title=&#8221;BEDIENUNGSANLEITUNG&#8221; style=&#8221;custom&#8221; custom_background=&#8221;#009bc2&#8243; custom_text=&#8221;#ffffff&#8221; shape=&#8221;square&#8221; el_class=&#8221;btn_descargar_ficha&#8221; link=&#8221;target:%20_blank|&#8221;][\/vc_column][\/vc_row]<\/p>\n<\/section>","protected":false},"excerpt":{"rendered":"<p>[vc_row][vc_column][vc_column_text][\/vc_column_text][\/vc_column][\/vc_row][vc_row][vc_column][vc_column_text]Die dekorative Lampe SISINE STAR 40 ist aus Naturfasern handgeflochten. Diese Lampe ist die perfekte Erg\u00e4nzung, um jeden Raum in Ihrem Zuhause zu beleuchten und ihm einen nat\u00fcrlichen Touch zu<\/p>\n","protected":false},"featured_media":58715,"template":"","meta":[],"product_cat":[1696,763,764,1225,1589,811],"product_tag":[766,793,1226],"class_list":{"0":"post-37917","1":"product","2":"type-product","3":"status-publish","4":"has-post-thumbnail","6":"product_cat-productos-de","7":"product_cat-lightdeco-de","8":"product_cat-tischlampe","9":"product_cat-interior-de","10":"product_cat-innenbereich-de","11":"product_cat-weihnachten","12":"product_tag-batterie-de","13":"product_tag-drahtlose","14":"product_tag-interior-de","16":"first","17":"instock","18":"taxable","19":"shipping-taxable","20":"purchasable","21":"product-type-variable","22":"has-default-attributes"},"df_price":51.5,"df_sale_price":"","df_regular_price":51.5,"df_image_link":"https:\/\/developing.newgarden.es\/wp-content\/uploads\/2021\/09\/SISINE_STAR_1200X1200-2-300x300.jpg","_links":{"self":[{"href":"https:\/\/developing.newgarden.es\/de\/wp-json\/wp\/v2\/product\/37917"}],"collection":[{"href":"https:\/\/developing.newgarden.es\/de\/wp-json\/wp\/v2\/product"}],"about":[{"href":"https:\/\/developing.newgarden.es\/de\/wp-json\/wp\/v2\/types\/product"}],"wp:featuredmedia":[{"embeddable":true,"href":"https:\/\/developing.newgarden.es\/de\/wp-json\/wp\/v2\/media\/58715"}],"wp:attachment":[{"href":"https:\/\/developing.newgarden.es\/de\/wp-json\/wp\/v2\/media?parent=37917"}],"wp:term":[{"taxonomy":"product_cat","embeddable":true,"href":"https:\/\/developing.newgarden.es\/de\/wp-json\/wp\/v2\/product_cat?post=37917"},{"taxonomy":"product_tag","embeddable":true,"href":"https:\/\/developing.newgarden.es\/de\/wp-json\/wp\/v2\/product_tag?post=37917"}],"curies":[{"name":"wp","href":"https:\/\/api.w.org\/{rel}","templated":true}]}}