{"id":37669,"date":"2021-09-24T10:27:42","date_gmt":"2021-09-24T08:27:43","guid":{"rendered":"https:\/\/newgarden.es\/?post_type=product&#038;p=37669"},"modified":"2024-06-13T14:49:22","modified_gmt":"2024-06-13T12:49:22","slug":"luceo-6x3","status":"publish","type":"product","link":"https:\/\/developing.newgarden.es\/de\/shop\/lightdeco-de\/weihnachten\/luceo-6x3\/","title":{"rendered":"GUIRNALDA VORHANGLEUCHTE F\u00dcR AUSSEN LUCEO 6&#215;3"},"content":{"rendered":"<section class=\"wpb-content-wrapper\"><p>[vc_row][vc_column][vc_column_text]Die Girlande Luceo 6&#215;3 wird Sie nicht mehr loslassen. Die gro\u00dfe Girlande ist 600 cm lang und 300 cm hoch und damit eine der gr\u00f6\u00dften Girlanden ihrer Art. Luceo wird nicht nur zu Weihnachten, sondern das ganze Jahr \u00fcber ein Muss in Ihrem Haus sein. Ohne Installation und anpassungsf\u00e4hig an alle Arten von Umgebungen, k\u00f6nnen Sie sie sowohl im Innen- als auch im Au\u00dfenbereich verwenden. SCHUTZART IP44. 720 integrierte LED-Birnen.<\/p>\n<p><a href=\"https:\/\/drive.google.com\/drive\/folders\/1C45aKvLjNCDbymTdwnffCywyOR5CnOHi?usp=sharing\"><strong>TECHNISCHES DATENBLATT<\/strong><\/a>[\/vc_column_text][\/vc_column][\/vc_row][vc_row][vc_column width=&#8221;1\/2&#8243;][vc_btn title=&#8221;Technisches Datenblatt&#8221; style=&#8221;custom&#8221; custom_background=&#8221;#009bc2&#8243; custom_text=&#8221;#ffffff&#8221; link=&#8221;url:https%3A%2F%2Fbit.ly%2F3tSfeMh|&#8221;][\/vc_column][vc_column width=&#8221;1\/2&#8243;][vc_btn title=&#8221;BEDIENUNGSANLEITUNG&#8221; style=&#8221;custom&#8221; custom_background=&#8221;#009bc2&#8243; custom_text=&#8221;#ffffff&#8221; link=&#8221;url:https%3A%2F%2Fbit.ly%2F3QO7k0v|&#8221;][\/vc_column][\/vc_row]<\/p>\n<\/section>","protected":false},"excerpt":{"rendered":"<h5 class=\"product_title entry-title\">GUIRNALDA VORHANGLEUCHTE F\u00dcR AUSSEN LUCEO 6&#215;3<\/h5>\n<div class=\"flex eficiencia_flex\">\n<div><\/div>\n<\/div>\n","protected":false},"featured_media":58061,"template":"","meta":[],"product_cat":[763,1576,811],"product_tag":[],"class_list":{"0":"post-37669","1":"product","2":"type-product","3":"status-publish","4":"has-post-thumbnail","6":"product_cat-lightdeco-de","7":"product_cat-girlanden","8":"product_cat-weihnachten","10":"first","11":"instock","12":"taxable","13":"shipping-taxable","14":"purchasable","15":"product-type-variable"},"df_price":73.8,"df_sale_price":"","df_regular_price":73.8,"df_image_link":"https:\/\/developing.newgarden.es\/wp-content\/uploads\/2021\/09\/LUCEO_1200X1200-2-300x300.jpg","_links":{"self":[{"href":"https:\/\/developing.newgarden.es\/de\/wp-json\/wp\/v2\/product\/37669"}],"collection":[{"href":"https:\/\/developing.newgarden.es\/de\/wp-json\/wp\/v2\/product"}],"about":[{"href":"https:\/\/developing.newgarden.es\/de\/wp-json\/wp\/v2\/types\/product"}],"wp:featuredmedia":[{"embeddable":true,"href":"https:\/\/developing.newgarden.es\/de\/wp-json\/wp\/v2\/media\/58061"}],"wp:attachment":[{"href":"https:\/\/developing.newgarden.es\/de\/wp-json\/wp\/v2\/media?parent=37669"}],"wp:term":[{"taxonomy":"product_cat","embeddable":true,"href":"https:\/\/developing.newgarden.es\/de\/wp-json\/wp\/v2\/product_cat?post=37669"},{"taxonomy":"product_tag","embeddable":true,"href":"https:\/\/developing.newgarden.es\/de\/wp-json\/wp\/v2\/product_tag?post=37669"}],"curies":[{"name":"wp","href":"https:\/\/api.w.org\/{rel}","templated":true}]}}