{"id":37635,"date":"2021-09-24T09:58:48","date_gmt":"2021-09-24T07:58:50","guid":{"rendered":"https:\/\/newgarden.es\/?post_type=product&#038;p=37635"},"modified":"2021-11-16T15:07:44","modified_gmt":"2021-11-16T14:07:44","slug":"luceo-3x2","status":"publish","type":"product","link":"https:\/\/developing.newgarden.es\/de\/shop\/lightdeco-de\/weihnachten\/luceo-3x2\/","title":{"rendered":"GUIRNALDA VORHANGLEUCHTE F\u00dcR AUSSEN LUCEO 3&#215;2"},"content":{"rendered":"<p>Die Luceo 3&#215;2 Girlande wird Sie gleichg\u00fcltig lassen. Die gro\u00dfe Girlande ist 300 cm lang und 200 cm hoch und damit eine der gr\u00f6\u00dften Girlanden ihrer Art. Luceo wird nicht nur zu Weihnachten, sondern das ganze Jahr \u00fcber ein Muss in Ihrem Haus sein. Ohne Installation und anpassungsf\u00e4hig an alle Arten von Umgebungen, k\u00f6nnen Sie es sowohl in Innenr\u00e4umen als auch im Freien verwenden. IP44. 400 integrierte LED-Lampen.<\/p>\n","protected":false},"excerpt":{"rendered":"<h5>GUIRNALDA VORHANGLEUCHTE F\u00dcR AUSSEN LUCEO 3&#215;2<\/h5>\n","protected":false},"featured_media":58061,"template":"","meta":[],"product_cat":[763,1576,811],"product_tag":[],"class_list":{"0":"post-37635","1":"product","2":"type-product","3":"status-publish","4":"has-post-thumbnail","6":"product_cat-lightdeco-de","7":"product_cat-girlanden","8":"product_cat-weihnachten","10":"first","11":"instock","12":"taxable","13":"shipping-taxable","14":"purchasable","15":"product-type-variable"},"df_price":41.7,"df_sale_price":"","df_regular_price":41.7,"df_image_link":"https:\/\/developing.newgarden.es\/wp-content\/uploads\/2021\/09\/LUCEO_1200X1200-2-300x300.jpg","_links":{"self":[{"href":"https:\/\/developing.newgarden.es\/de\/wp-json\/wp\/v2\/product\/37635"}],"collection":[{"href":"https:\/\/developing.newgarden.es\/de\/wp-json\/wp\/v2\/product"}],"about":[{"href":"https:\/\/developing.newgarden.es\/de\/wp-json\/wp\/v2\/types\/product"}],"wp:featuredmedia":[{"embeddable":true,"href":"https:\/\/developing.newgarden.es\/de\/wp-json\/wp\/v2\/media\/58061"}],"wp:attachment":[{"href":"https:\/\/developing.newgarden.es\/de\/wp-json\/wp\/v2\/media?parent=37635"}],"wp:term":[{"taxonomy":"product_cat","embeddable":true,"href":"https:\/\/developing.newgarden.es\/de\/wp-json\/wp\/v2\/product_cat?post=37635"},{"taxonomy":"product_tag","embeddable":true,"href":"https:\/\/developing.newgarden.es\/de\/wp-json\/wp\/v2\/product_tag?post=37635"}],"curies":[{"name":"wp","href":"https:\/\/api.w.org\/{rel}","templated":true}]}}