{"id":37354,"date":"2021-09-21T14:08:56","date_gmt":"2021-09-21T12:08:57","guid":{"rendered":"https:\/\/newgarden.es\/?post_type=product&#038;p=37354"},"modified":"2024-06-18T12:11:32","modified_gmt":"2024-06-18T10:11:32","slug":"dekorative-leuchte-sisine-70-copia","status":"publish","type":"product","link":"https:\/\/developing.newgarden.es\/de\/shop\/lightdeco-de\/stehlampe\/dekorative-leuchte-sisine-70-copia\/","title":{"rendered":"DEKORATIVE LEUCHTE SSISINE 70 | INNENANWENDUNG"},"content":{"rendered":"<section class=\"wpb-content-wrapper\"><p>[vc_row][vc_column][vc_column_text][\/vc_column_text][\/vc_column][\/vc_row][vc_row][vc_column][vc_column_text]La L\u00e1mpara decorativa SISINE 70 est\u00e1 trenzada a mano con fibras naturales. Est\u00e1 l\u00e1mpara es el complemento perfecto para iluminar cualquier espacio de a tu hogar o jard\u00edn aport\u00e1ndole un toque natural.<\/p>\n<ul>\n<li>L\u00e1mpara decorativa con cables SISINE 70 In &amp; Out: El acabado con cable In &amp; Out lleva incorporada una bombilla E27, esta luminaria es regulable tanto en temperatura de la luz (podemos pasar de fr\u00edo a c\u00e1lido) as\u00ed como en intensidad. Tambi\u00e9n dispone temporizador y de creador de grupos de iluminaci\u00f3n para controlar varias l\u00e1mparas de este sistema en un mismo mando a distancia. El cable lleva un recubrimiento de fibra de efecto Jute, d\u00e1ndole un toque org\u00e1nico a la l\u00e1mpara.<\/li>\n<\/ul>\n<p>Est\u00e1 lampara forma parte de la familia SISINE, y se puede combinar con una l\u00e1mpara colgante, de mesa y de pared.[\/vc_column_text][vc_video link=&#8221;https:\/\/youtu.be\/YEeXFAcQmos&#8221;][\/vc_column][\/vc_row][vc_row][vc_column width=&#8221;1\/2&#8243;][vc_btn title=&#8221;Technisches Datenblatt&#8221; style=&#8221;custom&#8221; custom_background=&#8221;#009bc2&#8243; custom_text=&#8221;#ffffff&#8221; shape=&#8221;square&#8221; el_class=&#8221;btn_descargar_ficha&#8221; link=&#8221;url:https%3A%2F%2Fbit.ly%2F3N8QQNb|target:%20_blank|&#8221;][vc_btn title=&#8221;FICHA T\u00c9CNICA CABLE IN&amp;OUT&#8221; style=&#8221;custom&#8221; custom_background=&#8221;#009bc2&#8243; custom_text=&#8221;#ffffff&#8221; shape=&#8221;square&#8221; el_class=&#8221;btn_descargar_ficha&#8221; link=&#8221;url:https%3A%2F%2Fbit.ly%2F3PULp6X|target:%20_blank|&#8221;][\/vc_column][vc_column width=&#8221;1\/2&#8243;][vc_btn title=&#8221;BEDIENUNGSANLEITUNG&#8221; style=&#8221;custom&#8221; custom_background=&#8221;#009bc2&#8243; custom_text=&#8221;#ffffff&#8221; shape=&#8221;square&#8221; el_class=&#8221;btn_descargar_ficha&#8221; link=&#8221;url:https%3A%2F%2Fbit.ly%2F3d6dauN|target:%20_blank|&#8221;][vc_btn title=&#8221;MANUAL DE INSTRUCCIONES CABLE IN&amp;OUT&#8221; style=&#8221;custom&#8221; custom_background=&#8221;#009bc2&#8243; custom_text=&#8221;#ffffff&#8221; shape=&#8221;square&#8221; el_class=&#8221;btn_descargar_ficha&#8221; link=&#8221;url:https%3A%2F%2Fbit.ly%2F3Jtovkl|target:%20_blank|&#8221;][\/vc_column][\/vc_row]<\/p>\n<\/section>","protected":false},"excerpt":{"rendered":"<p>[vc_row][vc_column][vc_column_text][\/vc_column_text][\/vc_column][\/vc_row][vc_row][vc_column][vc_column_text]La L\u00e1mpara decorativa SISINE 70 est\u00e1 trenzada a mano con fibras naturales. Est\u00e1 l\u00e1mpara es el complemento perfecto para iluminar cualquier espacio de a tu hogar o jard\u00edn aport\u00e1ndole un<\/p>\n","protected":false},"featured_media":59304,"template":"","meta":[],"product_cat":[1696,763,767,1225,1248],"product_tag":[766,793,765],"class_list":{"0":"post-37354","1":"product","2":"type-product","3":"status-publish","4":"has-post-thumbnail","6":"product_cat-productos-de","7":"product_cat-lightdeco-de","8":"product_cat-stehlampe","9":"product_cat-interior-de","10":"product_cat-stehlampen-fur-den-innenbereich","11":"product_tag-batterie-de","12":"product_tag-drahtlose","13":"product_tag-kabel","15":"first","16":"instock","17":"taxable","18":"shipping-taxable","19":"purchasable","20":"product-type-variable"},"df_price":180.8,"df_sale_price":"","df_regular_price":180.8,"df_image_link":"https:\/\/developing.newgarden.es\/wp-content\/uploads\/2021\/09\/SISINE_70_CABLE_1200X1200-20-300x300.jpg","_links":{"self":[{"href":"https:\/\/developing.newgarden.es\/de\/wp-json\/wp\/v2\/product\/37354"}],"collection":[{"href":"https:\/\/developing.newgarden.es\/de\/wp-json\/wp\/v2\/product"}],"about":[{"href":"https:\/\/developing.newgarden.es\/de\/wp-json\/wp\/v2\/types\/product"}],"wp:featuredmedia":[{"embeddable":true,"href":"https:\/\/developing.newgarden.es\/de\/wp-json\/wp\/v2\/media\/59304"}],"wp:attachment":[{"href":"https:\/\/developing.newgarden.es\/de\/wp-json\/wp\/v2\/media?parent=37354"}],"wp:term":[{"taxonomy":"product_cat","embeddable":true,"href":"https:\/\/developing.newgarden.es\/de\/wp-json\/wp\/v2\/product_cat?post=37354"},{"taxonomy":"product_tag","embeddable":true,"href":"https:\/\/developing.newgarden.es\/de\/wp-json\/wp\/v2\/product_tag?post=37354"}],"curies":[{"name":"wp","href":"https:\/\/api.w.org\/{rel}","templated":true}]}}