{"id":37150,"date":"2021-09-15T14:55:17","date_gmt":"2021-09-15T12:55:18","guid":{"rendered":"https:\/\/newgarden.es\/?post_type=product&#038;p=37150"},"modified":"2021-10-04T11:38:01","modified_gmt":"2021-10-04T09:38:01","slug":"tisch-mit-klappe-licht-innen-benutzung","status":"publish","type":"product","link":"https:\/\/developing.newgarden.es\/de\/shop\/moebel\/sitzgelegenheiten\/tisch-mit-klappe-licht-innen-benutzung\/","title":{"rendered":"BORA TISCH MIT LICHT | INNENBEREICH"},"content":{"rendered":"<section class=\"wpb-content-wrapper\"><p>[vc_row][vc_column el_class=&#8221;descripcion_producto&#8221;][vc_column_text]<br \/>\nDer Couchtisch Bora ist einer der Stars unter den Neuheiten von Newgarden.<\/p>\n<p>Seine kubische Form passt in jeden Au\u00dfen- oder Innenbereich, in den Garten, ins Gesch\u00e4ft oder in jede Ecke unseres Hauses.<\/p>\n<p>Es handelt sich um ein sehr stabiles und modulares Couchtischmodell, das Sie mit einer Platte in Bambus- oder Marmoroptik finden k\u00f6nnen. Sie ist auch mit der Option einer Kabelbeleuchtung mit Kaltlicht und in opakem Wei\u00df erh\u00e4ltlich.<\/p>\n<p>Das Modell Bora besteht aus Polyethylen und ist daher leicht und sehr widerstandsf\u00e4hig gegen extreme Temperaturen. Au\u00dferdem ist es gegen UV-Strahlen gesch\u00fctzt, was die Lebensdauer des Produkts au\u00dferordentlich verl\u00e4ngert.<br \/>\n[\/vc_column_text][\/vc_column][\/vc_row][vc_row disable_element=&#8221;yes&#8221;][vc_column][vc_single_image image=&#8221;6566&#8243; img_size=&#8221;full&#8221;][\/vc_column][\/vc_row][vc_row][vc_column width=&#8221;1\/2&#8243;][vc_btn title=&#8221;Technisches Datenblatt&#8221; style=&#8221;custom&#8221; custom_background=&#8221;#009bc2&#8243; custom_text=&#8221;#ffffff&#8221; shape=&#8221;square&#8221; link=&#8221;url:https%3A%2F%2Fdrive.google.com%2Fdrive%2Ffolders%2F198EB_3eL5Zoex7BkyEarkDmKUbf_gT9P|target:%20_blank|&#8221; el_class=&#8221;btn_descargar_ficha&#8221;][\/vc_column][vc_column width=&#8221;1\/2&#8243;][vc_btn title=&#8221;BEDIENUNGSANLEITUNG&#8221; style=&#8221;custom&#8221; custom_background=&#8221;#009bc2&#8243; custom_text=&#8221;#ffffff&#8221; shape=&#8221;square&#8221; el_class=&#8221;btn_descargar_ficha&#8221; link=&#8221;url:https%3A%2F%2Fdeveloping.newgarden.es%2Fde%2F%3Fpage_id%3D25148|target:%20_blank|&#8221;][\/vc_column][\/vc_row]<\/p>\n<\/section>","protected":false},"excerpt":{"rendered":"<h1 style=\"font-size: 12px;\">COUCHTISCH MIT LICHT BORA<\/h1>\n","protected":false},"featured_media":63262,"template":"","meta":[],"product_cat":[763,1225,772,773],"product_tag":[793,765,789],"class_list":{"0":"post-37150","1":"product","2":"type-product","3":"status-publish","4":"has-post-thumbnail","6":"product_cat-lightdeco-de","7":"product_cat-interior-de","8":"product_cat-moebel","9":"product_cat-sitzgelegenheiten","10":"product_tag-drahtlose","11":"product_tag-kabel","12":"product_tag-solar-de","14":"first","15":"instock","16":"taxable","17":"shipping-taxable","18":"purchasable","19":"product-type-variable"},"df_price":156.5,"df_sale_price":"","df_regular_price":156.5,"df_image_link":"https:\/\/developing.newgarden.es\/wp-content\/uploads\/2021\/09\/bora_1200x1200-5-300x300.jpg","_links":{"self":[{"href":"https:\/\/developing.newgarden.es\/de\/wp-json\/wp\/v2\/product\/37150"}],"collection":[{"href":"https:\/\/developing.newgarden.es\/de\/wp-json\/wp\/v2\/product"}],"about":[{"href":"https:\/\/developing.newgarden.es\/de\/wp-json\/wp\/v2\/types\/product"}],"wp:featuredmedia":[{"embeddable":true,"href":"https:\/\/developing.newgarden.es\/de\/wp-json\/wp\/v2\/media\/63262"}],"wp:attachment":[{"href":"https:\/\/developing.newgarden.es\/de\/wp-json\/wp\/v2\/media?parent=37150"}],"wp:term":[{"taxonomy":"product_cat","embeddable":true,"href":"https:\/\/developing.newgarden.es\/de\/wp-json\/wp\/v2\/product_cat?post=37150"},{"taxonomy":"product_tag","embeddable":true,"href":"https:\/\/developing.newgarden.es\/de\/wp-json\/wp\/v2\/product_tag?post=37150"}],"curies":[{"name":"wp","href":"https:\/\/api.w.org\/{rel}","templated":true}]}}