{"id":36859,"date":"2020-10-23T17:20:32","date_gmt":"2020-10-23T15:20:32","guid":{"rendered":"https:\/\/newgarden.es\/shop\/unkategorisiert\/garland-carmine\/"},"modified":"2024-05-28T15:11:05","modified_gmt":"2024-05-28T13:11:05","slug":"garland-carmine","status":"publish","type":"product","link":"https:\/\/developing.newgarden.es\/de\/shop\/lightdeco-de\/weihnachten\/garland-carmine\/","title":{"rendered":"AUSSENBELEUCHTUNG GIRNEL CARINA"},"content":{"rendered":"<section class=\"wpb-content-wrapper\"><p>[vc_row][vc_column][vc_column_text]<strong>AUSSENBELEUCHTUNG GIRNEL CARINA<\/strong><\/p>\n<p>Das Gleichgewicht zwischen Natur und Innovation findet sich in der Girlande Carina wieder. Mit zehn Lampenschirmen aus sorgf\u00e4ltig verarbeitetem Naturholz machen sie Ihr Zuhause zu einem besonderen Ort. Verwenden Sie sie sowohl im Garten als auch im Wohnzimmer, denn sie sind sowohl f\u00fcr den Innen- als auch f\u00fcr den Au\u00dfenbereich geeignet. 10 integrierte LED-Lampen.<br \/>\n[\/vc_column_text][\/vc_column][\/vc_row][vc_row][vc_column width=&#8221;1\/2&#8243;][vc_btn title=&#8221;Technisches Datenblatt&#8221; style=&#8221;custom&#8221; custom_background=&#8221;#009bc2&#8243; custom_text=&#8221;#ffffff&#8221; link=&#8221;url:https%3A%2F%2Fbit.ly%2F3QBPEVr|&#8221;][\/vc_column][vc_column width=&#8221;1\/2&#8243;][vc_btn title=&#8221;BEDIENUNGSANLEITUNG&#8221; style=&#8221;custom&#8221; custom_background=&#8221;#009bc2&#8243; custom_text=&#8221;#ffffff&#8221; link=&#8221;url:https%3A%2F%2Fbit.ly%2F3n5E4V6|&#8221;][\/vc_column][\/vc_row]<\/p>\n<\/section>","protected":false},"excerpt":{"rendered":"<p>Carina Dekorative Girlande. Packung x6 Carina Lichterketten f\u00fcr Profis.<\/p>\n","protected":false},"featured_media":58243,"template":"","meta":[],"product_cat":[763,1576,1225,811],"product_tag":[],"class_list":{"0":"post-36859","1":"product","2":"type-product","3":"status-publish","4":"has-post-thumbnail","6":"product_cat-lightdeco-de","7":"product_cat-girlanden","8":"product_cat-interior-de","9":"product_cat-weihnachten","11":"first","12":"instock","13":"taxable","14":"shipping-taxable","15":"purchasable","16":"product-type-variable"},"df_price":26.1,"df_sale_price":"","df_regular_price":26.1,"df_image_link":"https:\/\/developing.newgarden.es\/wp-content\/uploads\/2020\/10\/CARINA_200X1200-4-300x300.jpg","_links":{"self":[{"href":"https:\/\/developing.newgarden.es\/de\/wp-json\/wp\/v2\/product\/36859"}],"collection":[{"href":"https:\/\/developing.newgarden.es\/de\/wp-json\/wp\/v2\/product"}],"about":[{"href":"https:\/\/developing.newgarden.es\/de\/wp-json\/wp\/v2\/types\/product"}],"wp:featuredmedia":[{"embeddable":true,"href":"https:\/\/developing.newgarden.es\/de\/wp-json\/wp\/v2\/media\/58243"}],"wp:attachment":[{"href":"https:\/\/developing.newgarden.es\/de\/wp-json\/wp\/v2\/media?parent=36859"}],"wp:term":[{"taxonomy":"product_cat","embeddable":true,"href":"https:\/\/developing.newgarden.es\/de\/wp-json\/wp\/v2\/product_cat?post=36859"},{"taxonomy":"product_tag","embeddable":true,"href":"https:\/\/developing.newgarden.es\/de\/wp-json\/wp\/v2\/product_tag?post=36859"}],"curies":[{"name":"wp","href":"https:\/\/api.w.org\/{rel}","templated":true}]}}