{"id":36826,"date":"2020-10-07T17:17:21","date_gmt":"2020-10-07T15:17:21","guid":{"rendered":"https:\/\/newgarden.es\/shop\/unkategorisiert\/garland-lia\/"},"modified":"2024-05-29T11:52:39","modified_gmt":"2024-05-29T09:52:39","slug":"garland-lia","status":"publish","type":"product","link":"https:\/\/developing.newgarden.es\/de\/shop\/lightdeco-de\/weihnachten\/garland-lia\/","title":{"rendered":"LIA AUSSENBELEUCHTUNG GIRLANDE"},"content":{"rendered":"<section class=\"wpb-content-wrapper\"><p>[vc_row][vc_column][vc_column_text]<strong>LIA GIRLANDE<\/strong><\/p>\n<p>So einfach und leicht zu installieren, dass Sie kaum glauben werden, dass LIA eine Girlande ist. Mit 30 integrierten LEDs und einem Bezug aus Jutestoff ist sie die ideale Erg\u00e4nzung f\u00fcr Ihr Zuhause. Stellen Sie ihn im Innen- oder Au\u00dfenbereich Ihres Hauses auf, da er sowohl f\u00fcr den Innen- als auch f\u00fcr den Au\u00dfenbereich geeignet ist. IP44.<br \/>\n[\/vc_column_text][\/vc_column][\/vc_row][vc_row][vc_column width=&#8221;1\/2&#8243;][vc_btn title=&#8221;Technisches Datenblatt&#8221; style=&#8221;custom&#8221; custom_background=&#8221;#009bc2&#8243; custom_text=&#8221;#ffffff&#8221; link=&#8221;url:https%3A%2F%2Fbit.ly%2F3nnPh3L|&#8221;][\/vc_column][vc_column width=&#8221;1\/2&#8243;][vc_btn title=&#8221;BEDIENUNGSANLEITUNG&#8221; style=&#8221;custom&#8221; custom_background=&#8221;#009bc2&#8243; custom_text=&#8221;#ffffff&#8221; link=&#8221;url:https%3A%2F%2Fbit.ly%2F3bjTbYB|&#8221;][\/vc_column][\/vc_row]<\/p>\n<\/section>","protected":false},"excerpt":{"rendered":"<p>Dekorative Girlande Lia.<\/p>\n","protected":false},"featured_media":58400,"template":"","meta":[],"product_cat":[763,1576,1225,811],"product_tag":[],"class_list":{"0":"post-36826","1":"product","2":"type-product","3":"status-publish","4":"has-post-thumbnail","6":"product_cat-lightdeco-de","7":"product_cat-girlanden","8":"product_cat-interior-de","9":"product_cat-weihnachten","11":"first","12":"instock","13":"taxable","14":"shipping-taxable","15":"purchasable","16":"product-type-variable"},"df_price":46.8,"df_sale_price":"","df_regular_price":46.8,"df_image_link":"https:\/\/developing.newgarden.es\/wp-content\/uploads\/2020\/10\/LIA_200X1200-4-300x300.jpg","_links":{"self":[{"href":"https:\/\/developing.newgarden.es\/de\/wp-json\/wp\/v2\/product\/36826"}],"collection":[{"href":"https:\/\/developing.newgarden.es\/de\/wp-json\/wp\/v2\/product"}],"about":[{"href":"https:\/\/developing.newgarden.es\/de\/wp-json\/wp\/v2\/types\/product"}],"wp:featuredmedia":[{"embeddable":true,"href":"https:\/\/developing.newgarden.es\/de\/wp-json\/wp\/v2\/media\/58400"}],"wp:attachment":[{"href":"https:\/\/developing.newgarden.es\/de\/wp-json\/wp\/v2\/media?parent=36826"}],"wp:term":[{"taxonomy":"product_cat","embeddable":true,"href":"https:\/\/developing.newgarden.es\/de\/wp-json\/wp\/v2\/product_cat?post=36826"},{"taxonomy":"product_tag","embeddable":true,"href":"https:\/\/developing.newgarden.es\/de\/wp-json\/wp\/v2\/product_tag?post=36826"}],"curies":[{"name":"wp","href":"https:\/\/api.w.org\/{rel}","templated":true}]}}