{"id":36805,"date":"2020-10-08T08:54:03","date_gmt":"2020-10-08T06:54:03","guid":{"rendered":"https:\/\/newgarden.es\/shop\/unkategorisiert\/girlande-mare\/"},"modified":"2024-05-29T08:46:01","modified_gmt":"2024-05-29T06:46:01","slug":"girlande-mare","status":"publish","type":"product","link":"https:\/\/developing.newgarden.es\/de\/shop\/lightdeco-de\/weihnachten\/girlande-mare\/","title":{"rendered":"MARE AUSSENBELEUCHTUNG GIRLANDE"},"content":{"rendered":"<section class=\"wpb-content-wrapper\"><p>[vc_row][vc_column][vc_column_text]<strong>MARE GIRLANDE<\/strong><\/p>\n<p>Die Farben des Mittelmeers werden mit der Mare-Girlande Ihr Zuhause mit Licht erf\u00fcllen. F\u00fcr die Terrasse oder den Garten, da er sowohl im Innen- als auch im Au\u00dfenbereich verwendet werden kann. Hergestellt aus nat\u00fcrlichem Flechtmaterial und mit sto\u00dffesten Kugeln. Lassen Sie sich von Mare erleuchten. IP44. 10 integrierte LED-Lampen.<br \/>\n[\/vc_column_text][\/vc_column][\/vc_row][vc_row][vc_column width=&#8221;1\/2&#8243;][vc_btn title=&#8221;Technisches Datenblatt&#8221; style=&#8221;custom&#8221; custom_background=&#8221;#009bc2&#8243; custom_text=&#8221;#ffffff&#8221; link=&#8221;url:https%3A%2F%2Fbit.ly%2F3bg01Ou|&#8221;][\/vc_column][vc_column width=&#8221;1\/2&#8243;][vc_btn title=&#8221;BEDIENUNGSANLEITUNG&#8221; style=&#8221;custom&#8221; custom_background=&#8221;#009bc2&#8243; custom_text=&#8221;#ffffff&#8221; link=&#8221;url:https%3A%2F%2Fbit.ly%2F3xIDLV9|&#8221;][\/vc_column][\/vc_row]<\/p>\n<\/section>","protected":false},"excerpt":{"rendered":"<p>Stute dekorative Girlande.<\/p>\n","protected":false},"featured_media":58290,"template":"","meta":[],"product_cat":[763,1576,1225,811],"product_tag":[],"class_list":{"0":"post-36805","1":"product","2":"type-product","3":"status-publish","4":"has-post-thumbnail","6":"product_cat-lightdeco-de","7":"product_cat-girlanden","8":"product_cat-interior-de","9":"product_cat-weihnachten","11":"first","12":"instock","13":"taxable","14":"shipping-taxable","15":"purchasable","16":"product-type-variable"},"df_price":66.3,"df_sale_price":"","df_regular_price":66.3,"df_image_link":"https:\/\/developing.newgarden.es\/wp-content\/uploads\/2020\/10\/MARE_1200X1200-6-300x300.jpg","_links":{"self":[{"href":"https:\/\/developing.newgarden.es\/de\/wp-json\/wp\/v2\/product\/36805"}],"collection":[{"href":"https:\/\/developing.newgarden.es\/de\/wp-json\/wp\/v2\/product"}],"about":[{"href":"https:\/\/developing.newgarden.es\/de\/wp-json\/wp\/v2\/types\/product"}],"wp:featuredmedia":[{"embeddable":true,"href":"https:\/\/developing.newgarden.es\/de\/wp-json\/wp\/v2\/media\/58290"}],"wp:attachment":[{"href":"https:\/\/developing.newgarden.es\/de\/wp-json\/wp\/v2\/media?parent=36805"}],"wp:term":[{"taxonomy":"product_cat","embeddable":true,"href":"https:\/\/developing.newgarden.es\/de\/wp-json\/wp\/v2\/product_cat?post=36805"},{"taxonomy":"product_tag","embeddable":true,"href":"https:\/\/developing.newgarden.es\/de\/wp-json\/wp\/v2\/product_tag?post=36805"}],"curies":[{"name":"wp","href":"https:\/\/api.w.org\/{rel}","templated":true}]}}