{"id":36782,"date":"2020-10-08T08:41:26","date_gmt":"2020-10-08T06:41:26","guid":{"rendered":"https:\/\/newgarden.es\/shop\/unkategorisiert\/pallina-girlande\/"},"modified":"2024-05-29T10:20:50","modified_gmt":"2024-05-29T08:20:50","slug":"pallina-girlande","status":"publish","type":"product","link":"https:\/\/developing.newgarden.es\/de\/shop\/lightdeco-de\/weihnachten\/pallina-girlande\/","title":{"rendered":"PALLINA AUSSENLEUCHTE GIRLANDE"},"content":{"rendered":"<section class=\"wpb-content-wrapper\"><p>[vc_row][vc_column][vc_column_text]<b>PALLINA GIRLANDE<\/b><\/p>\n<p>Die Pallina-Girlande wird Sie nicht gleichg\u00fcltig lassen. Die sorgf\u00e4ltig aus geflochtenem Stoff mit Juteeffekt und sto\u00dffesten Matten hergestellte Pallina-Girlande wird nicht nur zu Weihnachten, sondern das ganze Jahr \u00fcber ein Muss in Ihrem Haus sein. Ohne Installation und anpassungsf\u00e4hig an alle Arten von Umgebungen, k\u00f6nnen Sie es sowohl in Innenr\u00e4umen als auch im Freien verwenden. IP44. 10 integrierte LED-Lampen.<\/p>\n<p>&nbsp;<br \/>\n[\/vc_column_text][\/vc_column][\/vc_row][vc_row][vc_column width=&#8221;1\/2&#8243;][vc_btn title=&#8221;Technisches Datenblatt&#8221; style=&#8221;custom&#8221; custom_background=&#8221;#009bc2&#8243; custom_text=&#8221;#ffffff&#8221; link=&#8221;url:https%3A%2F%2Fbit.ly%2F3tPdLGK|&#8221;][\/vc_column][vc_column width=&#8221;1\/2&#8243;][vc_btn title=&#8221;BEDIENUNGSANLEITUNG&#8221; style=&#8221;custom&#8221; custom_background=&#8221;#009bc2&#8243; custom_text=&#8221;#ffffff&#8221; link=&#8221;url:https%3A%2F%2Fbit.ly%2F39DLYBY|&#8221;][\/vc_column][\/vc_row]<\/p>\n<\/section>","protected":false},"excerpt":{"rendered":"<p>Pallina Dekorative Girlande.<\/p>\n","protected":false},"featured_media":58347,"template":"","meta":[],"product_cat":[763,1576,1225,811],"product_tag":[],"class_list":{"0":"post-36782","1":"product","2":"type-product","3":"status-publish","4":"has-post-thumbnail","6":"product_cat-lightdeco-de","7":"product_cat-girlanden","8":"product_cat-interior-de","9":"product_cat-weihnachten","11":"first","12":"instock","13":"taxable","14":"shipping-taxable","15":"purchasable","16":"product-type-variable"},"df_price":56.4,"df_sale_price":"","df_regular_price":56.4,"df_image_link":"https:\/\/developing.newgarden.es\/wp-content\/uploads\/2020\/10\/PALLINA_1200X1200-2-300x300.jpg","_links":{"self":[{"href":"https:\/\/developing.newgarden.es\/de\/wp-json\/wp\/v2\/product\/36782"}],"collection":[{"href":"https:\/\/developing.newgarden.es\/de\/wp-json\/wp\/v2\/product"}],"about":[{"href":"https:\/\/developing.newgarden.es\/de\/wp-json\/wp\/v2\/types\/product"}],"wp:featuredmedia":[{"embeddable":true,"href":"https:\/\/developing.newgarden.es\/de\/wp-json\/wp\/v2\/media\/58347"}],"wp:attachment":[{"href":"https:\/\/developing.newgarden.es\/de\/wp-json\/wp\/v2\/media?parent=36782"}],"wp:term":[{"taxonomy":"product_cat","embeddable":true,"href":"https:\/\/developing.newgarden.es\/de\/wp-json\/wp\/v2\/product_cat?post=36782"},{"taxonomy":"product_tag","embeddable":true,"href":"https:\/\/developing.newgarden.es\/de\/wp-json\/wp\/v2\/product_tag?post=36782"}],"curies":[{"name":"wp","href":"https:\/\/api.w.org\/{rel}","templated":true}]}}