{"id":36543,"date":"2021-09-13T15:48:06","date_gmt":"2021-09-13T13:48:08","guid":{"rendered":"https:\/\/newgarden.es\/?post_type=product&#038;p=36543"},"modified":"2024-06-13T15:33:14","modified_gmt":"2024-06-13T13:33:14","slug":"chloe-140-stehleuchte-innenanwendung","status":"publish","type":"product","link":"https:\/\/developing.newgarden.es\/de\/shop\/lightdeco-de\/interior-de\/chloe-140-stehleuchte-innenanwendung\/","title":{"rendered":"CHLOE 140 STEHLEUCHTE | INNENANWENDUNG"},"content":{"rendered":"<section class=\"wpb-content-wrapper\"><p>[vc_row][vc_column][vc_column_text]<\/p>\n<p>[\/vc_column_text][\/vc_column][\/vc_row][vc_row][vc_column el_class=&#8221;descripcion_producto&#8221;][vc_column_text]Chloe ist eine originelle Stehleuchte mit Holzbeinen, ideal f\u00fcr den Innen- und Au\u00dfenbereich. Die Kombination aus Holz und Polyethylen macht dieses Produkt zu einem unverzichtbaren Element in Ihrem Zuhause. Erh\u00e4ltlich in der Ausf\u00fchrung In &amp; Out, die einen Dimmer, die \u00c4nderung der Farbtemperatur des Lichts und eine Fernbedienung umfasst.<\/p>\n<p>*Holz f\u00fcr die Verwendung im Freien behandelt.<\/p>\n<p>[\/vc_column_text][\/vc_column][\/vc_row][vc_row disable_element=&#8221;yes&#8221;][vc_column][vc_single_image image=&#8221;6566&#8243; img_size=&#8221;full&#8221;][\/vc_column][\/vc_row][vc_row][vc_column width=&#8221;1\/2&#8243;][vc_btn title=&#8221;Technisches Datenblatt&#8221; style=&#8221;custom&#8221; custom_background=&#8221;#009bc2&#8243; custom_text=&#8221;#ffffff&#8221; shape=&#8221;square&#8221; el_class=&#8221;btn_descargar_ficha&#8221; link=&#8221;url:https%3A%2F%2Fbit.ly%2F3yaj6e0|&#8221;][\/vc_column][vc_column width=&#8221;1\/2&#8243;][vc_btn title=&#8221;BEDIENUNGSANLEITUNG&#8221; style=&#8221;custom&#8221; custom_background=&#8221;#009bc2&#8243; custom_text=&#8221;#ffffff&#8221; shape=&#8221;square&#8221; el_class=&#8221;btn_descargar_ficha&#8221; link=&#8221;url:https%3A%2F%2Fbit.ly%2F3zm0R4Q|target:%20_blank|&#8221;][\/vc_column][\/vc_row]<\/p>\n<\/section>","protected":false},"excerpt":{"rendered":"<h1 style=\"font-size: 12px;\">Chloe- Design Stehleuchte mit Holzbeinen<\/h1>\n","protected":false},"featured_media":59880,"template":"","meta":[],"product_cat":[763,1225,1248],"product_tag":[793,765,789],"class_list":{"0":"post-36543","1":"product","2":"type-product","3":"status-publish","4":"has-post-thumbnail","6":"product_cat-lightdeco-de","7":"product_cat-interior-de","8":"product_cat-stehlampen-fur-den-innenbereich","9":"product_tag-drahtlose","10":"product_tag-kabel","11":"product_tag-solar-de","13":"first","14":"instock","15":"taxable","16":"shipping-taxable","17":"purchasable","18":"product-type-variable"},"df_price":160.7,"df_sale_price":"","df_regular_price":160.7,"df_image_link":"https:\/\/developing.newgarden.es\/wp-content\/uploads\/2021\/09\/CHLOE_140_CABLE_1200x1200-16-300x300.jpg","_links":{"self":[{"href":"https:\/\/developing.newgarden.es\/de\/wp-json\/wp\/v2\/product\/36543"}],"collection":[{"href":"https:\/\/developing.newgarden.es\/de\/wp-json\/wp\/v2\/product"}],"about":[{"href":"https:\/\/developing.newgarden.es\/de\/wp-json\/wp\/v2\/types\/product"}],"wp:featuredmedia":[{"embeddable":true,"href":"https:\/\/developing.newgarden.es\/de\/wp-json\/wp\/v2\/media\/59880"}],"wp:attachment":[{"href":"https:\/\/developing.newgarden.es\/de\/wp-json\/wp\/v2\/media?parent=36543"}],"wp:term":[{"taxonomy":"product_cat","embeddable":true,"href":"https:\/\/developing.newgarden.es\/de\/wp-json\/wp\/v2\/product_cat?post=36543"},{"taxonomy":"product_tag","embeddable":true,"href":"https:\/\/developing.newgarden.es\/de\/wp-json\/wp\/v2\/product_tag?post=36543"}],"curies":[{"name":"wp","href":"https:\/\/api.w.org\/{rel}","templated":true}]}}