{"id":36175,"date":"2021-07-27T10:51:14","date_gmt":"2021-07-27T08:51:16","guid":{"rendered":"https:\/\/newgarden.es\/?post_type=product&#038;p=36175"},"modified":"2024-05-28T12:18:27","modified_gmt":"2024-05-28T10:18:27","slug":"x3-girlande-allegra-schwarz","status":"publish","type":"product","link":"https:\/\/developing.newgarden.es\/de\/shop\/lightdeco-de\/weihnachten\/x3-girlande-allegra-schwarz\/","title":{"rendered":"GIRLANDE ALLEGRA SCHWARZ"},"content":{"rendered":"<section class=\"wpb-content-wrapper\"><p>[vc_row][vc_column][vc_column_text]<strong>GIRLANDE ALLEGRA BLACK\u00a0<\/strong><\/p>\n<p>Die ALLEGRA-Girlande ist eine der Neuheiten von NEWGARDEN.<\/p>\n<p>Es ist perfekt f\u00fcr Veranstaltungen und Partys, es ist auch ideal f\u00fcr die Einrichtung Ihres Hauses wie f\u00fcr jede Ecke im Freien, Garten, Terrassen, Gesch\u00e4fte oder als Weihnachtsdekoration.<\/p>\n<p>Im Gegensatz zu den meisten Girlanden auf dem Markt enth\u00e4lt die dekorative Girlande von Newgarden ALLEGRA 10 nicht austauschbare integrierte LED-Lampen enthalten, die ein Vintage-Design bieten.<\/p>\n<p>Das Modell in Pink ist speziell zum Dekorieren und Akklimatisieren entwickelt worden, auch wenn die Girlande nicht an ist. Seine Farbe ist einzigartig!<\/p>\n<p>Die dekorative Allegra-Girlande ist in 4 Ausf\u00fchrungen erh\u00e4ltlich: Wei\u00df, Schwarz, Jute und Pink.<\/p>\n<p>Die Gr\u00f6\u00dfe der Allegra Design Garland betr\u00e4gt 8 Meter und kann bis zu 4 Meter angebracht werden.[\/vc_column_text][\/vc_column][\/vc_row][vc_row][vc_column width=&#8221;1\/2&#8243;][vc_video link=&#8221;https:\/\/www.youtube.com\/watch?v=UIOM3rWcvh0&#8243;][\/vc_column][vc_column width=&#8221;1\/2&#8243;][vc_video link=&#8221;https:\/\/www.youtube.com\/watch?v=9Vvsi2lt2DE&#8221;][\/vc_column][\/vc_row][vc_row][vc_column width=&#8221;1\/2&#8243;][vc_btn title=&#8221;Technisches Datenblatt&#8221; style=&#8221;custom&#8221; custom_background=&#8221;#009bc2&#8243; custom_text=&#8221;#ffffff&#8221; link=&#8221;url:https%3A%2F%2Fbit.ly%2F39DoGfN|target:%20_blank|&#8221;][vc_btn title=&#8221;FICHA T\u00c9CNICA CABLE RGB&#8221; style=&#8221;custom&#8221; custom_background=&#8221;#009bc2&#8243; custom_text=&#8221;#ffffff&#8221; link=&#8221;url:https%3A%2F%2Fbit.ly%2F3oQo9uJ|target:%20_blank|&#8221;][vc_btn title=&#8221;Technisches Datenblatt&#8221; style=&#8221;custom&#8221; custom_background=&#8221;#009bc2&#8243; custom_text=&#8221;#ffffff&#8221; link=&#8221;url:https%3A%2F%2Fbit.ly%2F3y9TaiW|target:%20_blank|&#8221;][\/vc_column][vc_column width=&#8221;1\/2&#8243;][vc_btn title=&#8221;BEDIENUNGSANLEITUNG&#8221; style=&#8221;custom&#8221; custom_background=&#8221;#009bc2&#8243; custom_text=&#8221;#ffffff&#8221; link=&#8221;url:https%3A%2F%2Fbit.ly%2F3Jykk71|target:%20_blank|&#8221; el_class=&#8221;btn_descargar_ficha&#8221;][vc_btn title=&#8221;MANUAL DE INSTRUCCIONES CABLE RGB&#8221; style=&#8221;custom&#8221; custom_background=&#8221;#009bc2&#8243; custom_text=&#8221;#ffffff&#8221; link=&#8221;url:https%3A%2F%2Fbit.ly%2F3SkwIvj|target:%20_blank|&#8221; el_class=&#8221;btn_descargar_ficha&#8221;][vc_btn title=&#8221;BEDIENUNGSANLEITUNG&#8221; style=&#8221;custom&#8221; custom_background=&#8221;#009bc2&#8243; custom_text=&#8221;#ffffff&#8221; link=&#8221;url:https%3A%2F%2Fbit.ly%2F3zofNzo|target:%20_blank|&#8221; el_class=&#8221;btn_descargar_ficha&#8221;][\/vc_column][\/vc_row]<\/p>\n<\/section>","protected":false},"excerpt":{"rendered":"<p>[vc_row][vc_column][vc_column_text]GIRLANDE ALLEGRA BLACK\u00a0 Die ALLEGRA-Girlande ist eine der Neuheiten von NEWGARDEN. Es ist perfekt f\u00fcr Veranstaltungen und Partys, es ist auch ideal f\u00fcr die Einrichtung Ihres Hauses wie f\u00fcr jede<\/p>\n","protected":false},"featured_media":54540,"template":"","meta":[],"product_cat":[763,1576,811],"product_tag":[765,789],"class_list":{"0":"post-36175","1":"product","2":"type-product","3":"status-publish","4":"has-post-thumbnail","6":"product_cat-lightdeco-de","7":"product_cat-girlanden","8":"product_cat-weihnachten","9":"product_tag-kabel","10":"product_tag-solar-de","12":"first","13":"instock","14":"taxable","15":"shipping-taxable","16":"purchasable","17":"product-type-variable"},"df_price":89.7,"df_sale_price":"","df_regular_price":89.7,"df_image_link":"https:\/\/developing.newgarden.es\/wp-content\/uploads\/2021\/07\/Mesa-de-trabajo-6-300x300.jpg","_links":{"self":[{"href":"https:\/\/developing.newgarden.es\/de\/wp-json\/wp\/v2\/product\/36175"}],"collection":[{"href":"https:\/\/developing.newgarden.es\/de\/wp-json\/wp\/v2\/product"}],"about":[{"href":"https:\/\/developing.newgarden.es\/de\/wp-json\/wp\/v2\/types\/product"}],"wp:featuredmedia":[{"embeddable":true,"href":"https:\/\/developing.newgarden.es\/de\/wp-json\/wp\/v2\/media\/54540"}],"wp:attachment":[{"href":"https:\/\/developing.newgarden.es\/de\/wp-json\/wp\/v2\/media?parent=36175"}],"wp:term":[{"taxonomy":"product_cat","embeddable":true,"href":"https:\/\/developing.newgarden.es\/de\/wp-json\/wp\/v2\/product_cat?post=36175"},{"taxonomy":"product_tag","embeddable":true,"href":"https:\/\/developing.newgarden.es\/de\/wp-json\/wp\/v2\/product_tag?post=36175"}],"curies":[{"name":"wp","href":"https:\/\/api.w.org\/{rel}","templated":true}]}}