{"id":36033,"date":"2020-02-19T11:22:52","date_gmt":"2020-02-19T10:22:52","guid":{"rendered":"https:\/\/newgarden.es\/shop\/unkategorisiert\/stehleuchte-lola-slim-180\/"},"modified":"2022-11-03T10:48:29","modified_gmt":"2022-11-03T09:48:29","slug":"stehleuchte-lola-slim-180","status":"publish","type":"product","link":"https:\/\/developing.newgarden.es\/de\/shop\/lightdeco-de\/stehlampe\/stehleuchte-lola-slim-180\/","title":{"rendered":"STEHLEUCHTE LOLA SLIM 180"},"content":{"rendered":"<section class=\"wpb-content-wrapper\"><p>[vc_row][vc_column el_class=&#8221;descripcion_producto&#8221;][vc_column_text]<br \/>\nDie Stehlampe LOLA Slim 180 (Ma\u00dfe: \u00f840&#215;177,20 cm) ist die herausragende Neuheit bei NEWGARDEN. Das elegante und minimalistische Design ist kennzeichnend f\u00fcr Produkte der LOLA-Reihe. Durch die verschiedenen Ausf\u00fchrungen in den H\u00f6hen 30cm, 120cm und 180cm kannst du die Standlampe in jeden Raum integrieren, ohne seine \u00c4sthetik zu beeintr\u00e4chtigen. Alle Produkte der LOLA-Reihe k\u00f6nnen f\u00fcr ein unvergleichliches Lichterlebnis kombiniert werden. W\u00e4hle aus hochwertigen Ausf\u00fchrungen mit metallischem Finish aus Ros\u00e9gold, Messing, Anthrazit oder Space Grey.<\/p>\n<p>Die Stehleuchte ist in verschiedenen Beleuchtungsarten erh\u00e4ltlich (Solar, wiederaufladbarer Akku oder IN &amp; OUT-Kabel) und eignet sich ideal f\u00fcr den privaten Innenbereich, Garten oder Gesch\u00e4ftsraum.<\/p>\n<p><em>Unsere NEWGARDEN-Produkte bestehen aus Polyethylen, wodurch sie leicht und \u00e4u\u00dferst widerstandsf\u00e4hig gegen extreme Temperaturen sind. Sie sind ebenfalls vor UV-Strahlen gesch\u00fctzt, was eine extrem lange Lebensdauer gew\u00e4hrleistet.<\/em><br \/>\n[\/vc_column_text][\/vc_column][\/vc_row][vc_row disable_element=&#8221;yes&#8221;][vc_column][vc_single_image image=&#8221;6566&#8243; img_size=&#8221;full&#8221;][\/vc_column][\/vc_row][vc_row][vc_column width=&#8221;1\/2&#8243;][vc_btn title=&#8221;Technisches Datenblatt&#8221; style=&#8221;custom&#8221; custom_background=&#8221;#009bc2&#8243; custom_text=&#8221;#ffffff&#8221; shape=&#8221;square&#8221; link=&#8221;url:https%3A%2F%2Fdrive.google.com%2Fdrive%2Ffolders%2F1JjkJ7fqoXAt51gef7qU_DtHMLVmOQNZq%3Fusp%3Dsharing|target:%20_blank|&#8221; el_class=&#8221;btn_descargar_ficha&#8221;][\/vc_column][vc_column width=&#8221;1\/2&#8243;][vc_btn title=&#8221;BEDIENUNGSANLEITUNG&#8221; style=&#8221;custom&#8221; custom_background=&#8221;#009bc2&#8243; custom_text=&#8221;#ffffff&#8221; shape=&#8221;square&#8221; link=&#8221;url:https%3A%2F%2Fdeveloping.newgarden.es%2Fde%2F%3Fpage_id%3D25148|target:%20_blank|&#8221; el_class=&#8221;btn_descargar_ficha&#8221;][\/vc_column][\/vc_row]<\/p>\n<\/section>","protected":false},"excerpt":{"rendered":"<p>STEHLEUCHTE LOLA SLIM 180<\/p>\n","protected":false},"featured_media":53567,"template":"","meta":[],"product_cat":[1696,763,767],"product_tag":[],"class_list":{"0":"post-36033","1":"product","2":"type-product","3":"status-publish","4":"has-post-thumbnail","6":"product_cat-productos-de","7":"product_cat-lightdeco-de","8":"product_cat-stehlampe","10":"first","11":"instock","12":"taxable","13":"shipping-taxable","14":"purchasable","15":"product-type-variable"},"df_price":208.4,"df_sale_price":"","df_regular_price":208.4,"df_image_link":"https:\/\/developing.newgarden.es\/wp-content\/uploads\/2020\/02\/LOLA_SLIM_180_BATTERY_1200X1200-4-300x300.jpg","_links":{"self":[{"href":"https:\/\/developing.newgarden.es\/de\/wp-json\/wp\/v2\/product\/36033"}],"collection":[{"href":"https:\/\/developing.newgarden.es\/de\/wp-json\/wp\/v2\/product"}],"about":[{"href":"https:\/\/developing.newgarden.es\/de\/wp-json\/wp\/v2\/types\/product"}],"wp:featuredmedia":[{"embeddable":true,"href":"https:\/\/developing.newgarden.es\/de\/wp-json\/wp\/v2\/media\/53567"}],"wp:attachment":[{"href":"https:\/\/developing.newgarden.es\/de\/wp-json\/wp\/v2\/media?parent=36033"}],"wp:term":[{"taxonomy":"product_cat","embeddable":true,"href":"https:\/\/developing.newgarden.es\/de\/wp-json\/wp\/v2\/product_cat?post=36033"},{"taxonomy":"product_tag","embeddable":true,"href":"https:\/\/developing.newgarden.es\/de\/wp-json\/wp\/v2\/product_tag?post=36033"}],"curies":[{"name":"wp","href":"https:\/\/api.w.org\/{rel}","templated":true}]}}