{"id":33370,"date":"2021-02-10T17:05:56","date_gmt":"2021-02-11T15:28:11","guid":{"rendered":"https:\/\/newgarden.es\/shop\/unkategorisiert\/rechteckig-blumentopf-olivo-large-farbe\/"},"modified":"2023-03-14T11:22:38","modified_gmt":"2023-03-14T10:22:38","slug":"rechteckig-blumentopf-olivo-large-farbe","status":"publish","type":"product","link":"https:\/\/developing.newgarden.es\/de\/shop\/blumentopfs\/blumentopfs-ohne-beleuchtung\/rechteckig-blumentopf-olivo-large-farbe\/","title":{"rendered":"RECHTECKIG BLUMENTOPF OLIVO LARGE FARBE"},"content":{"rendered":"<section class=\"wpb-content-wrapper\"><p>[vc_row][vc_column][vc_column_text][\/vc_column_text][\/vc_column][\/vc_row][vc_row][vc_column][vc_column_text]OLIVO LARGE: Blumentopf rechteckig mit gro\u00dfer Pflanzfl\u00e4che.<\/p>\n<p>Erh\u00e4ltlich in verschiedenen Farben und Ausf\u00fchrungen.[\/vc_column_text][\/vc_column][\/vc_row]<\/p>\n<\/section>","protected":false},"excerpt":{"rendered":"<p>[vc_row][vc_column][vc_column_text][\/vc_column_text][\/vc_column][\/vc_row][vc_row][vc_column][vc_column_text]OLIVO LARGE: Blumentopf rechteckig mit gro\u00dfer Pflanzfl\u00e4che. Erh\u00e4ltlich in verschiedenen Farben und Ausf\u00fchrungen.[\/vc_column_text][\/vc_column][\/vc_row]<\/p>\n","protected":false},"featured_media":33221,"template":"","meta":[],"product_cat":[783,806],"product_tag":[],"class_list":{"0":"post-33370","1":"product","2":"type-product","3":"status-publish","4":"has-post-thumbnail","6":"product_cat-blumentopfs","7":"product_cat-blumentopfs-ohne-beleuchtung","9":"first","10":"instock","11":"taxable","12":"shipping-taxable","13":"purchasable","14":"product-type-variable"},"df_price":206,"df_sale_price":"","df_regular_price":206,"df_image_link":"https:\/\/developing.newgarden.es\/wp-content\/uploads\/2021\/02\/olivo-large_Mesa-de-trabajo-1-copia-48_web.jpg","_links":{"self":[{"href":"https:\/\/developing.newgarden.es\/de\/wp-json\/wp\/v2\/product\/33370"}],"collection":[{"href":"https:\/\/developing.newgarden.es\/de\/wp-json\/wp\/v2\/product"}],"about":[{"href":"https:\/\/developing.newgarden.es\/de\/wp-json\/wp\/v2\/types\/product"}],"wp:featuredmedia":[{"embeddable":true,"href":"https:\/\/developing.newgarden.es\/de\/wp-json\/wp\/v2\/media\/33221"}],"wp:attachment":[{"href":"https:\/\/developing.newgarden.es\/de\/wp-json\/wp\/v2\/media?parent=33370"}],"wp:term":[{"taxonomy":"product_cat","embeddable":true,"href":"https:\/\/developing.newgarden.es\/de\/wp-json\/wp\/v2\/product_cat?post=33370"},{"taxonomy":"product_tag","embeddable":true,"href":"https:\/\/developing.newgarden.es\/de\/wp-json\/wp\/v2\/product_tag?post=33370"}],"curies":[{"name":"wp","href":"https:\/\/api.w.org\/{rel}","templated":true}]}}