{"id":33336,"date":"2021-02-10T14:39:19","date_gmt":"2021-02-11T14:57:46","guid":{"rendered":"https:\/\/newgarden.es\/shop\/unkategorisiert\/kabellose-wandleuchte-sisine-25\/"},"modified":"2021-10-15T11:43:53","modified_gmt":"2021-10-15T09:43:53","slug":"kabellose-wandleuchte-sisine-25","status":"publish","type":"product","link":"https:\/\/developing.newgarden.es\/de\/shop\/lightdeco-de\/wandlampe\/kabellose-wandleuchte-sisine-25\/","title":{"rendered":"KABELLOSE WANDLEUCHTE SISINE 25"},"content":{"rendered":"<section class=\"wpb-content-wrapper\"><p>[vc_row][vc_column][vc_column_text][\/vc_column_text][\/vc_column][\/vc_row][vc_row][vc_column][vc_column_text]Die Wandleuchte Sisine 25 ist mit Naturfasern handgeflochten. Sehr einfach zu installieren. Diese Wandleuchte wird zu einem unverzichtbaren Element, um jeden Raum in Ihrem Garten zu beleuchten und ihm einen nat\u00fcrlichen Touch zu verleihen.<\/p>\n<p>Sie verf\u00fcgt \u00fcber eine eingebaute, tragbare, wiederaufladbare 900-Lumen-Gl\u00fchlampe, die keine Installation erfordert. Sie m\u00fcssen sie nur in die N\u00e4he der Lampe bringen, sie haftet dank ihres Magnetfu\u00dfes. Diese Gl\u00fchbirne enth\u00e4lt auch eine Fernbedienung zum Ein- und Ausschalten und zur Regulierung der Intensit\u00e4t.<\/p>\n<p>Diese Leuchte ist Teil der Sisine-Familie und kann mit einer H\u00e4ngeleuchte, einer Tischleuchte und einer Stehleuchte kombiniert werden.[\/vc_column_text][vc_video link=&#8221;https:\/\/youtu.be\/YEtzCTqHdwg&#8221;][\/vc_column][\/vc_row][vc_row][vc_column width=&#8221;1\/2&#8243;][vc_btn title=&#8221;Technisches Datenblatt&#8221; style=&#8221;custom&#8221; custom_background=&#8221;#009bc2&#8243; custom_text=&#8221;#ffffff&#8221; shape=&#8221;square&#8221; el_class=&#8221;btn_descargar_ficha&#8221; link=&#8221;url:https%3A%2F%2Fdrive.google.com%2Fdrive%2Ffolders%2F1TH7N38Ke6Gwdmp5cpdv_sC_j06gTxzO5|target:%20_blank|&#8221;][\/vc_column][vc_column width=&#8221;1\/2&#8243;][vc_btn title=&#8221;BEDIENUNGSANLEITUNG&#8221; style=&#8221;custom&#8221; custom_background=&#8221;#009bc2&#8243; custom_text=&#8221;#ffffff&#8221; shape=&#8221;square&#8221; el_class=&#8221;btn_descargar_ficha&#8221; link=&#8221;target:%20_blank|&#8221;][\/vc_column][\/vc_row]<\/p>\n<\/section>","protected":false},"excerpt":{"rendered":"<p>[vc_row][vc_column][vc_column_text][\/vc_column_text][\/vc_column][\/vc_row][vc_row][vc_column][vc_column_text]Die Wandleuchte Sisine 25 ist mit Naturfasern handgeflochten. Sehr einfach zu installieren. Diese Wandleuchte wird zu einem unverzichtbaren Element, um jeden Raum in Ihrem Garten zu beleuchten und ihm einen<\/p>\n","protected":false},"featured_media":56772,"template":"","meta":[],"product_cat":[763,842],"product_tag":[766,793],"class_list":{"0":"post-33336","1":"product","2":"type-product","3":"status-publish","4":"has-post-thumbnail","6":"product_cat-lightdeco-de","7":"product_cat-wandlampe","8":"product_tag-batterie-de","9":"product_tag-drahtlose","11":"first","12":"instock","13":"taxable","14":"shipping-taxable","15":"purchasable","16":"product-type-variable","17":"has-default-attributes"},"df_price":54.1,"df_sale_price":"","df_regular_price":54.1,"df_image_link":"https:\/\/developing.newgarden.es\/wp-content\/uploads\/2021\/02\/SISINE_25_WALL_1200X1200-4-300x300.jpg","_links":{"self":[{"href":"https:\/\/developing.newgarden.es\/de\/wp-json\/wp\/v2\/product\/33336"}],"collection":[{"href":"https:\/\/developing.newgarden.es\/de\/wp-json\/wp\/v2\/product"}],"about":[{"href":"https:\/\/developing.newgarden.es\/de\/wp-json\/wp\/v2\/types\/product"}],"wp:featuredmedia":[{"embeddable":true,"href":"https:\/\/developing.newgarden.es\/de\/wp-json\/wp\/v2\/media\/56772"}],"wp:attachment":[{"href":"https:\/\/developing.newgarden.es\/de\/wp-json\/wp\/v2\/media?parent=33336"}],"wp:term":[{"taxonomy":"product_cat","embeddable":true,"href":"https:\/\/developing.newgarden.es\/de\/wp-json\/wp\/v2\/product_cat?post=33336"},{"taxonomy":"product_tag","embeddable":true,"href":"https:\/\/developing.newgarden.es\/de\/wp-json\/wp\/v2\/product_tag?post=33336"}],"curies":[{"name":"wp","href":"https:\/\/api.w.org\/{rel}","templated":true}]}}