{"id":33334,"date":"2021-02-10T13:28:34","date_gmt":"2021-02-11T14:44:55","guid":{"rendered":"https:\/\/newgarden.es\/shop\/unkategorisiert\/haengeleuchte-ohne-kabel-benirras\/"},"modified":"2021-03-22T11:22:32","modified_gmt":"2021-03-22T10:22:32","slug":"haengeleuchte-ohne-kabel-benirras","status":"publish","type":"product","link":"https:\/\/developing.newgarden.es\/de\/shop\/lightdeco-de\/pendelleuchten\/haengeleuchte-ohne-kabel-benirras\/","title":{"rendered":"H\u00c4NGELEUCHTE OHNE KABEL BENIRRAS"},"content":{"rendered":"<section class=\"wpb-content-wrapper\"><p>[vc_row][vc_column][vc_column_text][\/vc_column_text][\/vc_column][\/vc_row][vc_row][vc_column][vc_column_text]Die kabellose Pendelleuchte BENIRRAS ist aus Naturfasern handgefertigt.<\/p>\n<p>Sie braucht keine Installation, h\u00e4ngen Sie sie einfach auf, wo immer Sie wollen, denn sie hat eine eingebaute tragbare, wiederaufladbare 900-Lumen-Lampe, die Sie einfach einh\u00e4ngen und schon sind Sie einsatzbereit.<\/p>\n<p>Diese Gl\u00fchbirne enth\u00e4lt auch eine Fernbedienung zum Ein- und Ausschalten und zur Regulierung der Intensit\u00e4t.<\/p>\n<p>Ein 3 m langes Kabel ist ebenfalls enthalten.[\/vc_column_text][vc_video link=&#8221;https:\/\/youtu.be\/PGtA4jgVHlw&#8221;][\/vc_column][\/vc_row][vc_row][vc_column width=&#8221;1\/2&#8243;][vc_btn title=&#8221;Technisches Datenblatt&#8221; style=&#8221;custom&#8221; custom_background=&#8221;#009bc2&#8243; custom_text=&#8221;#ffffff&#8221; shape=&#8221;square&#8221; el_class=&#8221;btn_descargar_ficha&#8221; link=&#8221;url:https%3A%2F%2Fdrive.google.com%2Fdrive%2Ffolders%2F1B7rPk2T-oT5ryzVROevCv-r-2eJUZREA|target:%20_blank|&#8221;][\/vc_column][vc_column width=&#8221;1\/2&#8243;][vc_btn title=&#8221;BEDIENUNGSANLEITUNG&#8221; style=&#8221;custom&#8221; custom_background=&#8221;#009bc2&#8243; custom_text=&#8221;#ffffff&#8221; shape=&#8221;square&#8221; el_class=&#8221;btn_descargar_ficha&#8221; link=&#8221;target:%20_blank|&#8221;][\/vc_column][\/vc_row]<\/p>\n<\/section>","protected":false},"excerpt":{"rendered":"<p>[vc_row][vc_column][vc_column_text][\/vc_column_text][\/vc_column][\/vc_row][vc_row][vc_column][vc_column_text]Die kabellose Pendelleuchte BENIRRAS ist aus Naturfasern handgefertigt. Sie braucht keine Installation, h\u00e4ngen Sie sie einfach auf, wo immer Sie wollen, denn sie hat eine eingebaute tragbare, wiederaufladbare 900-Lumen-Lampe, die<\/p>\n","protected":false},"featured_media":63167,"template":"","meta":[],"product_cat":[763,1568,819],"product_tag":[766,793],"class_list":{"0":"post-33334","1":"product","2":"type-product","3":"status-publish","4":"has-post-thumbnail","6":"product_cat-lightdeco-de","7":"product_cat-kabellose-deckenleuchten","8":"product_cat-pendelleuchten","9":"product_tag-batterie-de","10":"product_tag-drahtlose","12":"first","13":"instock","14":"taxable","15":"shipping-taxable","16":"purchasable","17":"product-type-variable","18":"has-default-attributes"},"df_price":51.1,"df_sale_price":"","df_regular_price":51.1,"df_image_link":"https:\/\/developing.newgarden.es\/wp-content\/uploads\/2021\/02\/BENIRRAS_35_1200X1200-1-2-300x300.jpg","_links":{"self":[{"href":"https:\/\/developing.newgarden.es\/de\/wp-json\/wp\/v2\/product\/33334"}],"collection":[{"href":"https:\/\/developing.newgarden.es\/de\/wp-json\/wp\/v2\/product"}],"about":[{"href":"https:\/\/developing.newgarden.es\/de\/wp-json\/wp\/v2\/types\/product"}],"wp:featuredmedia":[{"embeddable":true,"href":"https:\/\/developing.newgarden.es\/de\/wp-json\/wp\/v2\/media\/63167"}],"wp:attachment":[{"href":"https:\/\/developing.newgarden.es\/de\/wp-json\/wp\/v2\/media?parent=33334"}],"wp:term":[{"taxonomy":"product_cat","embeddable":true,"href":"https:\/\/developing.newgarden.es\/de\/wp-json\/wp\/v2\/product_cat?post=33334"},{"taxonomy":"product_tag","embeddable":true,"href":"https:\/\/developing.newgarden.es\/de\/wp-json\/wp\/v2\/product_tag?post=33334"}],"curies":[{"name":"wp","href":"https:\/\/api.w.org\/{rel}","templated":true}]}}