{"id":33325,"date":"2021-02-10T09:38:27","date_gmt":"2021-02-11T11:38:49","guid":{"rendered":"https:\/\/newgarden.es\/shop\/unkategorisiert\/dekorative-leuchte-sisine-70\/"},"modified":"2021-05-24T16:53:25","modified_gmt":"2021-05-24T14:53:25","slug":"dekorative-leuchte-sisine-70","status":"publish","type":"product","link":"https:\/\/developing.newgarden.es\/de\/shop\/lightdeco-de\/stehlampe\/dekorative-leuchte-sisine-70\/","title":{"rendered":"DEKORATIVE LEUCHTE SISINE 70"},"content":{"rendered":"<section class=\"wpb-content-wrapper\"><p>[vc_row][vc_column][vc_column_text][\/vc_column_text][\/vc_column][\/vc_row][vc_row][vc_column][vc_column_text]Die Dekolampe SISINE 70 ist mit Naturfasern handgeflochten. Diese Lampe ist die perfekte Erg\u00e4nzung, um jeden Raum in Ihrem Haus oder Garten zu beleuchten und ihm einen nat\u00fcrlichen Touch zu verleihen. Die dekorative Leuchte SISINE 70 ist in zwei Ausf\u00fchrungen erh\u00e4ltlich:<\/p>\n<ul>\n<li>SAONA 70 kabellose Dekolampe: Sie hat eine eingebaute, wiederaufladbare, tragbare Lampe mit 900 Lumen, die keine Installation erfordert. Sie m\u00fcssen sie nur in die N\u00e4he der Lampe bringen und sie haftet dank ihres Magnetfu\u00dfes. Diese Gl\u00fchbirne enth\u00e4lt auch eine Fernbedienung zum Ein- und Ausschalten und zur Regulierung der Intensit\u00e4t.<\/li>\n<li>SAONA 70 In &amp; Out Dekolampe mit Kabel: Die In &amp; Out Dekolampe mit Kabel enth\u00e4lt eine E27-Gl\u00fchbirne. Diese Lampe ist sowohl in der Lichttemperatur (wir k\u00f6nnen von kalt auf warm umschalten) als auch in der Intensit\u00e4t einstellbar. Sie verf\u00fcgt au\u00dferdem \u00fcber einen Timer und einen Lichtgruppenersteller, um mehrere Lampen dieses Systems mit der gleichen Fernbedienung zu steuern. Das Kabel ist mit einem Jute-Effekt-Faser\u00fcberzug versehen, der der Leuchte einen organischen Touch verleiht.<\/li>\n<\/ul>\n<p>Diese Leuchte ist Teil der SAONA-Familie und kann mit einer H\u00e4ngeleuchte und einer Tischleuchte kombiniert werden.[\/vc_column_text][vc_video link=&#8221;https:\/\/youtu.be\/fFWiWYprXaA&#8221;][vc_video link=&#8221;https:\/\/youtu.be\/YEeXFAcQmos&#8221;][\/vc_column][\/vc_row][vc_row][vc_column width=&#8221;1\/2&#8243;][vc_btn title=&#8221;Technisches Datenblatt&#8221; style=&#8221;custom&#8221; custom_background=&#8221;#009bc2&#8243; custom_text=&#8221;#ffffff&#8221; shape=&#8221;square&#8221; el_class=&#8221;btn_descargar_ficha&#8221; link=&#8221;url:https%3A%2F%2Fdrive.google.com%2Fdrive%2Ffolders%2F1DCOkPGqnjdaH7mJnO5U4Kbux_wL5U0bp|target:%20_blank|&#8221;][\/vc_column][vc_column width=&#8221;1\/2&#8243;][vc_btn title=&#8221;BEDIENUNGSANLEITUNG&#8221; style=&#8221;custom&#8221; custom_background=&#8221;#009bc2&#8243; custom_text=&#8221;#ffffff&#8221; shape=&#8221;square&#8221; el_class=&#8221;btn_descargar_ficha&#8221; link=&#8221;target:%20_blank|&#8221;][\/vc_column][\/vc_row]<\/p>\n<\/section>","protected":false},"excerpt":{"rendered":"<p>[vc_row][vc_column][vc_column_text][\/vc_column_text][\/vc_column][\/vc_row][vc_row][vc_column][vc_column_text]Die Dekolampe SISINE 70 ist mit Naturfasern handgeflochten. Diese Lampe ist die perfekte Erg\u00e4nzung, um jeden Raum in Ihrem Haus oder Garten zu beleuchten und ihm einen nat\u00fcrlichen Touch zu<\/p>\n","protected":false},"featured_media":54255,"template":"","meta":[],"product_cat":[1696,763,767],"product_tag":[766,793,765],"class_list":{"0":"post-33325","1":"product","2":"type-product","3":"status-publish","4":"has-post-thumbnail","6":"product_cat-productos-de","7":"product_cat-lightdeco-de","8":"product_cat-stehlampe","9":"product_tag-batterie-de","10":"product_tag-drahtlose","11":"product_tag-kabel","13":"first","14":"instock","15":"taxable","16":"shipping-taxable","17":"purchasable","18":"product-type-variable"},"df_price":187.1,"df_sale_price":"","df_regular_price":187.1,"df_image_link":"https:\/\/developing.newgarden.es\/wp-content\/uploads\/2021\/02\/SISINE_70_BATTERY_1200X1200-1-300x300.jpg","_links":{"self":[{"href":"https:\/\/developing.newgarden.es\/de\/wp-json\/wp\/v2\/product\/33325"}],"collection":[{"href":"https:\/\/developing.newgarden.es\/de\/wp-json\/wp\/v2\/product"}],"about":[{"href":"https:\/\/developing.newgarden.es\/de\/wp-json\/wp\/v2\/types\/product"}],"wp:featuredmedia":[{"embeddable":true,"href":"https:\/\/developing.newgarden.es\/de\/wp-json\/wp\/v2\/media\/54255"}],"wp:attachment":[{"href":"https:\/\/developing.newgarden.es\/de\/wp-json\/wp\/v2\/media?parent=33325"}],"wp:term":[{"taxonomy":"product_cat","embeddable":true,"href":"https:\/\/developing.newgarden.es\/de\/wp-json\/wp\/v2\/product_cat?post=33325"},{"taxonomy":"product_tag","embeddable":true,"href":"https:\/\/developing.newgarden.es\/de\/wp-json\/wp\/v2\/product_tag?post=33325"}],"curies":[{"name":"wp","href":"https:\/\/api.w.org\/{rel}","templated":true}]}}