{"id":33321,"date":"2021-02-10T09:08:17","date_gmt":"2021-02-11T11:00:29","guid":{"rendered":"https:\/\/newgarden.es\/shop\/unkategorisiert\/greta-solarleuchte-5-lampen-in-1-schwarze-farbe\/"},"modified":"2021-03-22T11:39:46","modified_gmt":"2021-03-22T10:39:46","slug":"greta-solarleuchte-schwarze-farbe","status":"publish","type":"product","link":"https:\/\/developing.newgarden.es\/de\/shop\/lightdeco-de\/tischlampe\/greta-solarleuchte-schwarze-farbe\/","title":{"rendered":"GRETA SOLARLEUCHTE (5 LAMPEN IN 1) &#8211; SCHWARZE FARBE"},"content":{"rendered":"<section class=\"wpb-content-wrapper\"><p>[vc_row][vc_column][vc_column_text][\/vc_column_text][\/vc_column][\/vc_row][vc_row][vc_column][vc_column_text]Die Solarlampe Greta ist eine Revolution im Bereich der Gartenbeleuchtung, denn sie ist 5 Lampen in 1. Sie k\u00f6nnen eine Stehlampe, eine Tischlampe, einen Spie\u00df verstellbar in verschiedenen H\u00f6hen oder eine Wandlampe in einem einzigen Produkt genie\u00dfen. Sie m\u00fcssen nur die gew\u00fcnschte Version zusammenbauen. Es kann durch Sonnenlicht oder Micro-USB aufgeladen werden und hat zwei Z\u00fcndmodi: MANUELL oder AUTOMATISCH.<\/p>\n<p>Die Solarlampe Greta wird aus recyceltem Material aus den Ozeanen hergestellt. Sie ist ein nachhaltiges Produkt, das Plastikreststoff in Form einer Lampe ein neues Leben schenkt. Erh\u00e4ltlich in wei\u00df oder schwarz.[\/vc_column_text][vc_video link=&#8221;https:\/\/youtu.be\/fY2xIXi5hOI&#8221;][\/vc_column][\/vc_row][vc_row][vc_column width=&#8221;1\/2&#8243;][vc_btn title=&#8221;Technisches Datenblatt&#8221; style=&#8221;custom&#8221; custom_background=&#8221;#009bc2&#8243; custom_text=&#8221;#ffffff&#8221; shape=&#8221;square&#8221; el_class=&#8221;btn_descargar_ficha&#8221; link=&#8221;url:https%3A%2F%2Fdrive.google.com%2Fdrive%2Ffolders%2F1sDi0RQageFE5E8dB3EKmUs4MuAXLT7y_|target:%20_blank|&#8221;][\/vc_column][vc_column width=&#8221;1\/2&#8243;][vc_btn title=&#8221;BEDIENUNGSANLEITUNG&#8221; style=&#8221;custom&#8221; custom_background=&#8221;#009bc2&#8243; custom_text=&#8221;#ffffff&#8221; shape=&#8221;square&#8221; el_class=&#8221;btn_descargar_ficha&#8221; link=&#8221;target:%20_blank|&#8221;][\/vc_column][\/vc_row]<\/p>\n<\/section>","protected":false},"excerpt":{"rendered":"<p>[vc_row][vc_column][vc_column_text][\/vc_column_text][\/vc_column][\/vc_row][vc_row][vc_column][vc_column_text]Die Solarlampe Greta ist eine Revolution im Bereich der Gartenbeleuchtung, denn sie ist 5 Lampen in 1. Sie k\u00f6nnen eine Stehlampe, eine Tischlampe, einen Spie\u00df verstellbar in verschiedenen H\u00f6hen oder<\/p>\n","protected":false},"featured_media":56892,"template":"","meta":[],"product_cat":[1696,763,767,764,1581,842,1589],"product_tag":[793,789],"class_list":{"0":"post-33321","1":"product","2":"type-product","3":"status-publish","4":"has-post-thumbnail","6":"product_cat-productos-de","7":"product_cat-lightdeco-de","8":"product_cat-stehlampe","9":"product_cat-tischlampe","10":"product_cat-baken-und-stacheln","11":"product_cat-wandlampe","12":"product_cat-innenbereich-de","13":"product_tag-drahtlose","14":"product_tag-solar-de","16":"first","17":"instock","18":"taxable","19":"shipping-taxable","20":"purchasable","21":"product-type-variable","22":"has-default-attributes"},"df_price":30.2,"df_sale_price":"","df_regular_price":30.2,"df_image_link":"https:\/\/developing.newgarden.es\/wp-content\/uploads\/2021\/02\/GRETA_5X1_BATTERY_BW_1200X1200-5-300x300.jpg","_links":{"self":[{"href":"https:\/\/developing.newgarden.es\/de\/wp-json\/wp\/v2\/product\/33321"}],"collection":[{"href":"https:\/\/developing.newgarden.es\/de\/wp-json\/wp\/v2\/product"}],"about":[{"href":"https:\/\/developing.newgarden.es\/de\/wp-json\/wp\/v2\/types\/product"}],"wp:featuredmedia":[{"embeddable":true,"href":"https:\/\/developing.newgarden.es\/de\/wp-json\/wp\/v2\/media\/56892"}],"wp:attachment":[{"href":"https:\/\/developing.newgarden.es\/de\/wp-json\/wp\/v2\/media?parent=33321"}],"wp:term":[{"taxonomy":"product_cat","embeddable":true,"href":"https:\/\/developing.newgarden.es\/de\/wp-json\/wp\/v2\/product_cat?post=33321"},{"taxonomy":"product_tag","embeddable":true,"href":"https:\/\/developing.newgarden.es\/de\/wp-json\/wp\/v2\/product_tag?post=33321"}],"curies":[{"name":"wp","href":"https:\/\/api.w.org\/{rel}","templated":true}]}}