{"id":33319,"date":"2021-02-02T14:57:09","date_gmt":"2021-02-11T10:45:49","guid":{"rendered":"https:\/\/newgarden.es\/shop\/unkategorisiert\/saona-50-kabellose-pendelleuchte\/"},"modified":"2021-03-22T11:49:22","modified_gmt":"2021-03-22T10:49:22","slug":"saona-50-kabellose-pendelleuchte","status":"publish","type":"product","link":"https:\/\/developing.newgarden.es\/de\/shop\/lightdeco-de\/pendelleuchten\/saona-50-kabellose-pendelleuchte\/","title":{"rendered":"SAONA 50 KABELLOSE PENDELLEUCHTE"},"content":{"rendered":"<section class=\"wpb-content-wrapper\"><p>[vc_row][vc_column][vc_column_text][\/vc_column_text][\/vc_column][\/vc_row][vc_row][vc_column][vc_column_text]Die Saona 50 Cordless Pendelleuchte ist aus Naturfasern handgefertigt. Sie braucht keine Installation, h\u00e4ngen Sie sie einfach auf, wo immer Sie wollen, denn sie hat eine eingebaute tragbare, wiederaufladbare 900-Lumen-Lampe, die Sie einfach einh\u00e4ngen und schon sind Sie einsatzbereit.<\/p>\n<p>Diese Gl\u00fchbirne enth\u00e4lt auch eine Fernbedienung zum Ein- und Ausschalten und zur Regulierung der Intensit\u00e4t. Ein 3 m langes Kabel ist ebenfalls enthalten.<\/p>\n<p>Diese Leuchte ist Teil der SAONA-Familie und kann mit einer dekorativen Stehleuchte und einer Tischleuchte kombiniert werden.[\/vc_column_text][vc_video link=&#8221;https:\/\/youtu.be\/4mX-Wg7cxJA&#8221;][\/vc_column][\/vc_row][vc_row][vc_column width=&#8221;1\/2&#8243;][vc_btn title=&#8221;Technisches Datenblatt&#8221; style=&#8221;custom&#8221; custom_background=&#8221;#009bc2&#8243; custom_text=&#8221;#ffffff&#8221; shape=&#8221;square&#8221; el_class=&#8221;btn_descargar_ficha&#8221; link=&#8221;url:https%3A%2F%2Fdrive.google.com%2Fdrive%2Ffolders%2F1efxa7NuTIrhUYm2DQkdrPcgHRklMrG56|target:%20_blank|&#8221;][\/vc_column][vc_column width=&#8221;1\/2&#8243;][vc_btn title=&#8221;BEDIENUNGSANLEITUNG&#8221; style=&#8221;custom&#8221; custom_background=&#8221;#009bc2&#8243; custom_text=&#8221;#ffffff&#8221; shape=&#8221;square&#8221; el_class=&#8221;btn_descargar_ficha&#8221; link=&#8221;target:%20_blank|&#8221;][\/vc_column][\/vc_row]<\/p>\n<\/section>","protected":false},"excerpt":{"rendered":"<p>[vc_row][vc_column][vc_column_text][\/vc_column_text][\/vc_column][\/vc_row][vc_row][vc_column][vc_column_text]Die Saona 50 Cordless Pendelleuchte ist aus Naturfasern handgefertigt. Sie braucht keine Installation, h\u00e4ngen Sie sie einfach auf, wo immer Sie wollen, denn sie hat eine eingebaute tragbare, wiederaufladbare 900-Lumen-Lampe,<\/p>\n","protected":false},"featured_media":57541,"template":"","meta":[],"product_cat":[763,819],"product_tag":[766,793],"class_list":{"0":"post-33319","1":"product","2":"type-product","3":"status-publish","4":"has-post-thumbnail","6":"product_cat-lightdeco-de","7":"product_cat-pendelleuchten","8":"product_tag-batterie-de","9":"product_tag-drahtlose","11":"first","12":"instock","13":"taxable","14":"shipping-taxable","15":"purchasable","16":"product-type-variable","17":"has-default-attributes"},"df_price":88.7,"df_sale_price":"","df_regular_price":88.7,"df_image_link":"https:\/\/developing.newgarden.es\/wp-content\/uploads\/2021\/02\/SAONA_HANG_BATTERY_1200X1200-9-300x300.jpg","_links":{"self":[{"href":"https:\/\/developing.newgarden.es\/de\/wp-json\/wp\/v2\/product\/33319"}],"collection":[{"href":"https:\/\/developing.newgarden.es\/de\/wp-json\/wp\/v2\/product"}],"about":[{"href":"https:\/\/developing.newgarden.es\/de\/wp-json\/wp\/v2\/types\/product"}],"wp:featuredmedia":[{"embeddable":true,"href":"https:\/\/developing.newgarden.es\/de\/wp-json\/wp\/v2\/media\/57541"}],"wp:attachment":[{"href":"https:\/\/developing.newgarden.es\/de\/wp-json\/wp\/v2\/media?parent=33319"}],"wp:term":[{"taxonomy":"product_cat","embeddable":true,"href":"https:\/\/developing.newgarden.es\/de\/wp-json\/wp\/v2\/product_cat?post=33319"},{"taxonomy":"product_tag","embeddable":true,"href":"https:\/\/developing.newgarden.es\/de\/wp-json\/wp\/v2\/product_tag?post=33319"}],"curies":[{"name":"wp","href":"https:\/\/api.w.org\/{rel}","templated":true}]}}