{"id":33314,"date":"2021-02-02T10:29:19","date_gmt":"2021-02-11T10:30:03","guid":{"rendered":"https:\/\/newgarden.es\/shop\/unkategorisiert\/x3-dekorative-girlande-aurora\/"},"modified":"2024-05-28T14:57:08","modified_gmt":"2024-05-28T12:57:08","slug":"x3-dekorative-girlande-aurora","status":"publish","type":"product","link":"https:\/\/developing.newgarden.es\/de\/shop\/lightdeco-de\/weihnachten\/x3-dekorative-girlande-aurora\/","title":{"rendered":"DEKORATIVE GIRLANDE AURORA"},"content":{"rendered":"<section class=\"wpb-content-wrapper\"><p>[vc_row][vc_column][vc_column_text][\/vc_column_text][\/vc_column][\/vc_row][vc_row][vc_column][vc_column_text]<strong>DEKORATIVE GIRLANDE AURORA<\/strong><\/p>\n<p>Die dekorative Lichterkette AURORA ist perfekt f\u00fcr Veranstaltungen und Partys wie auch ideal f\u00fcr Ihr Zuhause . Geeignet f\u00fcr jede Ecke im Freien, Garten, Terrassen, Gesch\u00e4fte oder auch als Weihnachtsdekoration. Der Lampenschirm ist aus Naturfasern handgefertigt.<\/p>\n<p>Im Gegensatz zu den meisten Lichterketten auf dem Markt hat die dekorative Newgarden-Lichterkette 10 austauschbare Gl\u00fchbirnen im Lieferumfang, die ein Vintage-Design und eine sehr bemerkenswerte warme Beleuchtung bieten.<\/p>\n<p>Das Seil ist aus Jute gefertigt, was der Girlande einen nat\u00fcrlichen Touch verleiht, ohne ihre elektrischen Eigenschaften zu verlieren.<\/p>\n<p>Die Aurora-Dekolichterkette ist in 2 Ausf\u00fchrungen erh\u00e4ltlich: CABLE oder SOLAR + WIEDERAUFLADBARE BATTERIE.<\/p>\n<p>Die Gr\u00f6\u00dfe der Aurora Design Girlande ist 8 Meter in der CABLE Ausf\u00fchrung und kann bis zu 4 weiteren Lichterketten verbunden werden.[\/vc_column_text][vc_video link=&#8221;https:\/\/youtu.be\/wRib50HxTbI&#8221;][vc_video link=&#8221;https:\/\/youtu.be\/r7IA5TyahN8&#8243;][\/vc_column][\/vc_row][vc_row][vc_column width=&#8221;1\/2&#8243;][vc_btn title=&#8221;Technisches Datenblatt&#8221; style=&#8221;custom&#8221; custom_background=&#8221;#009bc2&#8243; custom_text=&#8221;#ffffff&#8221; shape=&#8221;square&#8221; el_class=&#8221;btn_descargar_ficha&#8221; link=&#8221;url:https%3A%2F%2Fbit.ly%2F3NaTIsZ|target:%20_blank|&#8221;][vc_btn title=&#8221;Technisches Datenblatt&#8221; style=&#8221;custom&#8221; custom_background=&#8221;#009bc2&#8243; custom_text=&#8221;#ffffff&#8221; shape=&#8221;square&#8221; el_class=&#8221;btn_descargar_ficha&#8221; link=&#8221;url:https%3A%2F%2Fbit.ly%2F3baaknj|target:%20_blank|&#8221;][\/vc_column][vc_column width=&#8221;1\/2&#8243;][vc_btn title=&#8221;BEDIENUNGSANLEITUNG&#8221; style=&#8221;custom&#8221; custom_background=&#8221;#009bc2&#8243; custom_text=&#8221;#ffffff&#8221; shape=&#8221;square&#8221; el_class=&#8221;btn_descargar_ficha&#8221; link=&#8221;url:https%3A%2F%2Fbit.ly%2F3cZ0t4F|target:%20_blank|&#8221;][vc_btn title=&#8221;BEDIENUNGSANLEITUNG&#8221; style=&#8221;custom&#8221; custom_background=&#8221;#009bc2&#8243; custom_text=&#8221;#ffffff&#8221; shape=&#8221;square&#8221; el_class=&#8221;btn_descargar_ficha&#8221; link=&#8221;url:https%3A%2F%2Fbit.ly%2F3bwbj1O|target:%20_blank|&#8221;][\/vc_column][\/vc_row]<\/p>\n<\/section>","protected":false},"excerpt":{"rendered":"<p>[vc_row][vc_column][vc_column_text][\/vc_column_text][\/vc_column][\/vc_row][vc_row][vc_column][vc_column_text]DEKORATIVE GIRLANDE AURORA Die dekorative Lichterkette AURORA ist perfekt f\u00fcr Veranstaltungen und Partys wie auch ideal f\u00fcr Ihr Zuhause . Geeignet f\u00fcr jede Ecke im Freien, Garten, Terrassen, Gesch\u00e4fte oder<\/p>\n","protected":false},"featured_media":58209,"template":"","meta":[],"product_cat":[763,1576,811],"product_tag":[793,765,789],"class_list":{"0":"post-33314","1":"product","2":"type-product","3":"status-publish","4":"has-post-thumbnail","6":"product_cat-lightdeco-de","7":"product_cat-girlanden","8":"product_cat-weihnachten","9":"product_tag-drahtlose","10":"product_tag-kabel","11":"product_tag-solar-de","13":"first","14":"instock","15":"taxable","16":"shipping-taxable","17":"purchasable","18":"product-type-variable"},"df_price":140.7,"df_sale_price":"","df_regular_price":140.7,"df_image_link":"https:\/\/developing.newgarden.es\/wp-content\/uploads\/2021\/02\/AURORA_1200X1200-5-1-300x300.jpg","_links":{"self":[{"href":"https:\/\/developing.newgarden.es\/de\/wp-json\/wp\/v2\/product\/33314"}],"collection":[{"href":"https:\/\/developing.newgarden.es\/de\/wp-json\/wp\/v2\/product"}],"about":[{"href":"https:\/\/developing.newgarden.es\/de\/wp-json\/wp\/v2\/types\/product"}],"wp:featuredmedia":[{"embeddable":true,"href":"https:\/\/developing.newgarden.es\/de\/wp-json\/wp\/v2\/media\/58209"}],"wp:attachment":[{"href":"https:\/\/developing.newgarden.es\/de\/wp-json\/wp\/v2\/media?parent=33314"}],"wp:term":[{"taxonomy":"product_cat","embeddable":true,"href":"https:\/\/developing.newgarden.es\/de\/wp-json\/wp\/v2\/product_cat?post=33314"},{"taxonomy":"product_tag","embeddable":true,"href":"https:\/\/developing.newgarden.es\/de\/wp-json\/wp\/v2\/product_tag?post=33314"}],"curies":[{"name":"wp","href":"https:\/\/api.w.org\/{rel}","templated":true}]}}