{"id":33308,"date":"2021-02-02T09:22:10","date_gmt":"2021-02-11T10:01:21","guid":{"rendered":"https:\/\/newgarden.es\/shop\/unkategorisiert\/kabellose-bogen-stehleuchte-niza\/"},"modified":"2021-09-15T09:16:50","modified_gmt":"2021-09-15T07:16:50","slug":"kabellose-bogen-stehleuchte-niza","status":"publish","type":"product","link":"https:\/\/developing.newgarden.es\/de\/shop\/lightdeco-de\/stehlampe\/kabellose-bogen-stehleuchte-niza\/","title":{"rendered":"KABELLOSE BOGEN-STEHLEUCHTE NIZA"},"content":{"rendered":"<section class=\"wpb-content-wrapper\"><p>[vc_row][vc_column][vc_column_text][\/vc_column_text][\/vc_column][\/vc_row][vc_row][vc_column][vc_column_text]Niza ist eine Stehleuchte, die ohne Kabel auskommt. Niza ist eine Stehleuchte, die ohne Kabel auskommt. Ihr schwarz lackierter Metallk\u00f6rper erreicht eine maximale H\u00f6he von 230 cm und ist damit die ideale Bogen-Stehleuchte f\u00fcr jeden Gartenbereich. Sein Schirm ist mit Naturfasern handgeflochten und hat einen Durchmesser von 80 cm.<\/p>\n<p>Die Niza Stehleuchte enth\u00e4lt auch ein Zubeh\u00f6r, um den oberen Bogen an der Wand zu montieren, wodurch sie zu 2 Lampen in 1 wird.<\/p>\n<p>Sie verf\u00fcgt \u00fcber eine eingebaute, tragbare, wiederaufladbare 900-Lumen-Gl\u00fchlampe, die keine Installation erfordert. Sie m\u00fcssen sie nur in die N\u00e4he der Lampe bringen, sie haftet dank ihres Magnetfu\u00dfes. Diese Gl\u00fchbirne enth\u00e4lt auch eine Fernbedienung zum Ein- und Ausschalten und zur Regulierung der Intensit\u00e4t.[\/vc_column_text][vc_video link=&#8221;https:\/\/youtu.be\/NSoy01-qQhw&#8221;][\/vc_column][\/vc_row][vc_row][vc_column width=&#8221;1\/2&#8243;][vc_btn title=&#8221;Technisches Datenblatt&#8221; style=&#8221;custom&#8221; custom_background=&#8221;#009bc2&#8243; custom_text=&#8221;#ffffff&#8221; shape=&#8221;square&#8221; el_class=&#8221;btn_descargar_ficha&#8221; link=&#8221;url:https%3A%2F%2Fdrive.google.com%2Fdrive%2Ffolders%2F1JM46lDVOIiF4WxyhECQlVAeIVQDV2X-V|target:%20_blank|&#8221;][\/vc_column][vc_column width=&#8221;1\/2&#8243;][vc_btn title=&#8221;BEDIENUNGSANLEITUNG&#8221; style=&#8221;custom&#8221; custom_background=&#8221;#009bc2&#8243; custom_text=&#8221;#ffffff&#8221; shape=&#8221;square&#8221; el_class=&#8221;btn_descargar_ficha&#8221; link=&#8221;target:%20_blank|&#8221;][\/vc_column][\/vc_row]<\/p>\n<\/section>","protected":false},"excerpt":{"rendered":"<p>[vc_row][vc_column][vc_column_text][\/vc_column_text][\/vc_column][\/vc_row][vc_row][vc_column][vc_column_text]Niza ist eine Stehleuchte, die ohne Kabel auskommt. Niza ist eine Stehleuchte, die ohne Kabel auskommt. Ihr schwarz lackierter Metallk\u00f6rper erreicht eine maximale H\u00f6he von 230 cm und ist damit<\/p>\n","protected":false},"featured_media":53649,"template":"","meta":[],"product_cat":[1696,763,767],"product_tag":[766,793],"class_list":{"0":"post-33308","1":"product","2":"type-product","3":"status-publish","4":"has-post-thumbnail","6":"product_cat-productos-de","7":"product_cat-lightdeco-de","8":"product_cat-stehlampe","9":"product_tag-batterie-de","10":"product_tag-drahtlose","12":"first","13":"instock","14":"taxable","15":"shipping-taxable","16":"purchasable","17":"product-type-variable","18":"has-default-attributes"},"df_price":319.9,"df_sale_price":"","df_regular_price":319.9,"df_image_link":"https:\/\/developing.newgarden.es\/wp-content\/uploads\/2021\/02\/NIZA_230_BATTERY_1200X1200-5-300x300.jpg","_links":{"self":[{"href":"https:\/\/developing.newgarden.es\/de\/wp-json\/wp\/v2\/product\/33308"}],"collection":[{"href":"https:\/\/developing.newgarden.es\/de\/wp-json\/wp\/v2\/product"}],"about":[{"href":"https:\/\/developing.newgarden.es\/de\/wp-json\/wp\/v2\/types\/product"}],"wp:featuredmedia":[{"embeddable":true,"href":"https:\/\/developing.newgarden.es\/de\/wp-json\/wp\/v2\/media\/53649"}],"wp:attachment":[{"href":"https:\/\/developing.newgarden.es\/de\/wp-json\/wp\/v2\/media?parent=33308"}],"wp:term":[{"taxonomy":"product_cat","embeddable":true,"href":"https:\/\/developing.newgarden.es\/de\/wp-json\/wp\/v2\/product_cat?post=33308"},{"taxonomy":"product_tag","embeddable":true,"href":"https:\/\/developing.newgarden.es\/de\/wp-json\/wp\/v2\/product_tag?post=33308"}],"curies":[{"name":"wp","href":"https:\/\/api.w.org\/{rel}","templated":true}]}}