{"id":32729,"date":"2021-02-10T11:28:52","date_gmt":"2021-02-10T10:28:54","guid":{"rendered":"https:\/\/newgarden.es\/?post_type=product&#038;p=32729"},"modified":"2021-06-16T16:48:40","modified_gmt":"2021-06-16T14:48:40","slug":"paquita-40-solarlampe-copia","status":"publish","type":"product","link":"https:\/\/developing.newgarden.es\/de\/shop\/lightdeco-de\/laternen-und-wandlampen\/paquita-40-solarlampe-copia\/","title":{"rendered":"HYBRID-SOLAR-WANDLEUCHTE PEPITA 45"},"content":{"rendered":"<section class=\"wpb-content-wrapper\"><p>[vc_row][vc_column el_class=&#8221;descripcion_producto&#8221;][vc_column_text]Der PEPITA 45 Hybrid-Solarstrahler ist ein Must-Have f\u00fcr den Garten. Sein fortschrittliches Hybrid-Technologie-System kombiniert Solar- und Elektroladung, so dass die Laterne so lange wie n\u00f6tig voll funktionsf\u00e4hig ist.<\/p>\n<p>Wenn die Solarladung zur Neige geht, verbindet er sich automatisch mit dem Stromnetz, um mit voller Kapazit\u00e4t weiterzuarbeiten.<\/p>\n<p style=\"text-align: justify\">Er verf\u00fcgt \u00fcber zwei Schaltmodus: MANUELL und AUTOMATISCH sowie den SENSOR-Modus (Bewegungssensor). Im Bewegungssensormodus ist die Lampe mit geringer Intensit\u00e4t eingeschaltet, erst wenn sie Anwesenheit erkennt, leuchtet sie f\u00fcr ca. 60 Sekunden mit 100 % auf und kehrt dann auf geringe Intensit\u00e4t zur\u00fcck, um die Beleuchtung zu optimieren.<\/p>\n<p style=\"text-align: justify\">Diese Leuchte erfordert eine Installation. 750 Lumen.<\/p>\n<p><em>Newgarden-Produkte sind leicht und \u00e4u\u00dferst widerstandsf\u00e4hig gegen extreme Temperaturen. Sie sind auch gegen UV-Strahlen gesch\u00fctzt, wodurch die Lebensdauer des Produkts au\u00dferordentlich lang ist.<\/em>[\/vc_column_text][\/vc_column][\/vc_row][vc_row disable_element=&#8221;yes&#8221;][vc_column][vc_single_image image=&#8221;6566&#8243; img_size=&#8221;full&#8221;][\/vc_column][\/vc_row][vc_row][vc_column width=&#8221;1\/2&#8243;][vc_btn title=&#8221;Technisches Datenblatt&#8221; style=&#8221;custom&#8221; custom_background=&#8221;#009bc2&#8243; custom_text=&#8221;#ffffff&#8221; shape=&#8221;square&#8221; link=&#8221;url:https%3A%2F%2Fdrive.google.com%2Fdrive%2Ffolders%2F1UA-ZGCm9hM_mM9BoWzifXlNjKpYMZfR7|target:%20_blank|&#8221; el_class=&#8221;btn_descargar_ficha&#8221;][\/vc_column][vc_column width=&#8221;1\/2&#8243;][vc_btn title=&#8221;BEDIENUNGSANLEITUNG&#8221; style=&#8221;custom&#8221; custom_background=&#8221;#009bc2&#8243; custom_text=&#8221;#ffffff&#8221; shape=&#8221;square&#8221; link=&#8221;url:https%3A%2F%2Fdeveloping.newgarden.es%2Fde%2F%3Fpage_id%3D25148|target:%20_blank|&#8221; el_class=&#8221;btn_descargar_ficha&#8221;][\/vc_column][\/vc_row]<\/p>\n<\/section>","protected":false},"excerpt":{"rendered":"<h1 style=\"font-size: 12px\">Hybrid-Solar-Wandleuchte Pepita 45<\/h1>\n","protected":false},"featured_media":57796,"template":"","meta":[],"product_cat":[1696,763,1563],"product_tag":[],"class_list":{"0":"post-32729","1":"product","2":"type-product","3":"status-publish","4":"has-post-thumbnail","6":"product_cat-productos-de","7":"product_cat-lightdeco-de","8":"product_cat-laternen-und-wandlampen","10":"first","11":"instock","12":"taxable","13":"shipping-taxable","14":"purchasable","15":"product-type-variable","16":"has-default-attributes"},"df_price":119.6,"df_sale_price":"","df_regular_price":119.6,"df_image_link":"https:\/\/developing.newgarden.es\/wp-content\/uploads\/2021\/02\/PEPITA_SOBREMURO_1200X1200-8-300x300.jpg","_links":{"self":[{"href":"https:\/\/developing.newgarden.es\/de\/wp-json\/wp\/v2\/product\/32729"}],"collection":[{"href":"https:\/\/developing.newgarden.es\/de\/wp-json\/wp\/v2\/product"}],"about":[{"href":"https:\/\/developing.newgarden.es\/de\/wp-json\/wp\/v2\/types\/product"}],"wp:featuredmedia":[{"embeddable":true,"href":"https:\/\/developing.newgarden.es\/de\/wp-json\/wp\/v2\/media\/57796"}],"wp:attachment":[{"href":"https:\/\/developing.newgarden.es\/de\/wp-json\/wp\/v2\/media?parent=32729"}],"wp:term":[{"taxonomy":"product_cat","embeddable":true,"href":"https:\/\/developing.newgarden.es\/de\/wp-json\/wp\/v2\/product_cat?post=32729"},{"taxonomy":"product_tag","embeddable":true,"href":"https:\/\/developing.newgarden.es\/de\/wp-json\/wp\/v2\/product_tag?post=32729"}],"curies":[{"name":"wp","href":"https:\/\/api.w.org\/{rel}","templated":true}]}}