{"id":32690,"date":"2021-02-10T09:56:33","date_gmt":"2021-02-10T08:56:35","guid":{"rendered":"https:\/\/newgarden.es\/?post_type=product&#038;p=32690"},"modified":"2021-06-16T16:48:52","modified_gmt":"2021-06-16T14:48:52","slug":"paquita-wandleuchte-copia","status":"publish","type":"product","link":"https:\/\/developing.newgarden.es\/de\/shop\/lightdeco-de\/wandlampe\/paquita-wandleuchte-copia\/","title":{"rendered":"HYBRID-SOLAR-WANDLEUCHTE PEPITA WALL"},"content":{"rendered":"<section class=\"wpb-content-wrapper\"><p>[vc_row][vc_column el_class=&#8221;descripcion_producto&#8221;][vc_column_text]Die PEPITA WALL Hybrid-Solar-Wandleuchte ist ein Must-Have f\u00fcr den Garten. Ihr fortschrittliches Hybrid-Technologie-System kombiniert Solar- und Elektroladung, so dass die Laterne so lange voll funktionsf\u00e4hig ist, wie sie ben\u00f6tigt wird.<\/p>\n<p>Wenn die Solarladung zur Neige geht, verbindet er sich automatisch mit dem Stromnetz, um mit voller Kapazit\u00e4t weiterzuarbeiten.<\/p>\n<p style=\"text-align: justify;\">Er verf\u00fcgt \u00fcber zwei Schaltmodus: MANUELL und AUTOMATISCH sowie den SENSOR-Modus (Bewegungssensor). Im Bewegungssensormodus ist die Lampe mit geringer Intensit\u00e4t eingeschaltet, erst wenn sie Anwesenheit erkennt, leuchtet sie f\u00fcr ca. 60 Sekunden mit 100 % auf und kehrt dann auf geringe Intensit\u00e4t zur\u00fcck, um die Beleuchtung zu optimieren.<\/p>\n<p style=\"text-align: justify;\">Diese Leuchte erfordert eine Installation. 750 Lumen.<\/p>\n<p><em>Newgarden-Produkte sind leicht und \u00e4u\u00dferst widerstandsf\u00e4hig gegen extreme Temperaturen. Sie sind auch gegen UV-Strahlen gesch\u00fctzt, wodurch die Lebensdauer des Produkts au\u00dferordentlich lang ist. <\/em>[\/vc_column_text][\/vc_column][\/vc_row][vc_row disable_element=&#8221;yes&#8221;][vc_column][vc_single_image image=&#8221;6566&#8243; img_size=&#8221;full&#8221;][\/vc_column][\/vc_row][vc_row][vc_column width=&#8221;1\/2&#8243;][vc_btn title=&#8221;Technisches Datenblatt&#8221; style=&#8221;custom&#8221; custom_background=&#8221;#009bc2&#8243; custom_text=&#8221;#ffffff&#8221; shape=&#8221;square&#8221; link=&#8221;url:https%3A%2F%2Fdrive.google.com%2Fdrive%2Ffolders%2F1BWTdLqlIs6YbttGoFCYhPbx9yopal-oI|target:%20_blank|&#8221; el_class=&#8221;btn_descargar_ficha&#8221;][\/vc_column][vc_column width=&#8221;1\/2&#8243;][vc_btn title=&#8221;BEDIENUNGSANLEITUNG&#8221; style=&#8221;custom&#8221; custom_background=&#8221;#009bc2&#8243; custom_text=&#8221;#ffffff&#8221; shape=&#8221;square&#8221; link=&#8221;url:https%3A%2F%2Fdeveloping.newgarden.es%2Fde%2F%3Fpage_id%3D25148|target:%20_blank|&#8221; el_class=&#8221;btn_descargar_ficha&#8221;][\/vc_column][\/vc_row]<\/p>\n<\/section>","protected":false},"excerpt":{"rendered":"<p>Hybrid-Solar-Wandleuchte PEPITA WALL<\/p>\n","protected":false},"featured_media":56807,"template":"","meta":[],"product_cat":[763,842],"product_tag":[],"class_list":{"0":"post-32690","1":"product","2":"type-product","3":"status-publish","4":"has-post-thumbnail","6":"product_cat-lightdeco-de","7":"product_cat-wandlampe","9":"first","10":"instock","11":"taxable","12":"shipping-taxable","13":"purchasable","14":"product-type-variable","15":"has-default-attributes"},"df_price":119.6,"df_sale_price":"","df_regular_price":119.6,"df_image_link":"https:\/\/developing.newgarden.es\/wp-content\/uploads\/2021\/02\/PEPITA_WALL_1200X1200-8-300x300.jpg","_links":{"self":[{"href":"https:\/\/developing.newgarden.es\/de\/wp-json\/wp\/v2\/product\/32690"}],"collection":[{"href":"https:\/\/developing.newgarden.es\/de\/wp-json\/wp\/v2\/product"}],"about":[{"href":"https:\/\/developing.newgarden.es\/de\/wp-json\/wp\/v2\/types\/product"}],"wp:featuredmedia":[{"embeddable":true,"href":"https:\/\/developing.newgarden.es\/de\/wp-json\/wp\/v2\/media\/56807"}],"wp:attachment":[{"href":"https:\/\/developing.newgarden.es\/de\/wp-json\/wp\/v2\/media?parent=32690"}],"wp:term":[{"taxonomy":"product_cat","embeddable":true,"href":"https:\/\/developing.newgarden.es\/de\/wp-json\/wp\/v2\/product_cat?post=32690"},{"taxonomy":"product_tag","embeddable":true,"href":"https:\/\/developing.newgarden.es\/de\/wp-json\/wp\/v2\/product_tag?post=32690"}],"curies":[{"name":"wp","href":"https:\/\/api.w.org\/{rel}","templated":true}]}}