{"id":30339,"date":"2019-10-14T11:52:15","date_gmt":"2020-08-06T08:24:57","guid":{"rendered":"https:\/\/newgarden.es\/?post_type=product&#038;p=30339"},"modified":"2024-06-11T09:57:42","modified_gmt":"2024-06-11T07:57:42","slug":"rocket-20","status":"publish","type":"product","link":"https:\/\/developing.newgarden.es\/de\/shop\/lightdeco-de\/tischlampe\/rocket-20\/","title":{"rendered":"ROCKET 20"},"content":{"rendered":"<section class=\"wpb-content-wrapper\"><p>[vc_row][vc_column][vc_column_text]Die ROCKET 20 Tischleuchte ist eine der Neuheiten von Newgarden. Sie ist ideal f\u00fcr jede Ecke Ihres Hauses, Kinderzimmer oder Schlafzimmer. Aufgrund ihrer geringen Gr\u00f6\u00dfe ist sie perfekt f\u00fcr die Dekoration und Beleuchtung von Tischen in Restaurants, Bars, Terrassen, Hotels oder Gesch\u00e4ften.<\/p>\n<p>Die Rocket 20 Lampe erm\u00f6glicht bis zu 3 Lichtst\u00e4rken, die per Knopfdruck aktiviert werden k\u00f6nnen. Mit einer Autonomie von 4 bis 20 Stunden je nach Intensit\u00e4tsmodus.[\/vc_column_text][\/vc_column][\/vc_row][vc_row][vc_column width=&#8221;1\/2&#8243;][vc_btn title=&#8221;Technisches Datenblatt&#8221; style=&#8221;custom&#8221; custom_background=&#8221;#009bc2&#8243; custom_text=&#8221;#ffffff&#8221; el_class=&#8221;btn_descargar_ficha&#8221; link=&#8221;url:https%3A%2F%2Fbit.ly%2F3Of6Fn0|target:%20_blank|&#8221;][\/vc_column][vc_column width=&#8221;1\/2&#8243;][vc_btn title=&#8221;BEDIENUNGSANLEITUNG&#8221; style=&#8221;custom&#8221; custom_background=&#8221;#009bc2&#8243; custom_text=&#8221;#ffffff&#8221; link=&#8221;url:https%3A%2F%2Fbit.ly%2F3bmQLsz|target:%20_blank|&#8221; el_class=&#8221;btn_descargar_ficha&#8221;][\/vc_column][\/vc_row]<\/p>\n<\/section>","protected":false},"excerpt":{"rendered":"<h5><strong>ROCKET 20 TOUCH TISCHLAMPE<\/strong><\/h5>\n","protected":false},"featured_media":62401,"template":"","meta":[],"product_cat":[1696,763,764,1589],"product_tag":[],"class_list":{"0":"post-30339","1":"product","2":"type-product","3":"status-publish","4":"has-post-thumbnail","6":"product_cat-productos-de","7":"product_cat-lightdeco-de","8":"product_cat-tischlampe","9":"product_cat-innenbereich-de","11":"first","12":"instock","13":"taxable","14":"shipping-taxable","15":"purchasable","16":"product-type-variable","17":"has-default-attributes"},"df_price":66,"df_sale_price":"","df_regular_price":66,"df_image_link":"https:\/\/developing.newgarden.es\/wp-content\/uploads\/2019\/10\/ROCKET_20_BATTERY_1200X1200-5-300x300.jpg","_links":{"self":[{"href":"https:\/\/developing.newgarden.es\/de\/wp-json\/wp\/v2\/product\/30339"}],"collection":[{"href":"https:\/\/developing.newgarden.es\/de\/wp-json\/wp\/v2\/product"}],"about":[{"href":"https:\/\/developing.newgarden.es\/de\/wp-json\/wp\/v2\/types\/product"}],"wp:featuredmedia":[{"embeddable":true,"href":"https:\/\/developing.newgarden.es\/de\/wp-json\/wp\/v2\/media\/62401"}],"wp:attachment":[{"href":"https:\/\/developing.newgarden.es\/de\/wp-json\/wp\/v2\/media?parent=30339"}],"wp:term":[{"taxonomy":"product_cat","embeddable":true,"href":"https:\/\/developing.newgarden.es\/de\/wp-json\/wp\/v2\/product_cat?post=30339"},{"taxonomy":"product_tag","embeddable":true,"href":"https:\/\/developing.newgarden.es\/de\/wp-json\/wp\/v2\/product_tag?post=30339"}],"curies":[{"name":"wp","href":"https:\/\/api.w.org\/{rel}","templated":true}]}}