{"id":30323,"date":"2020-02-18T15:47:36","date_gmt":"2020-08-06T07:47:11","guid":{"rendered":"https:\/\/newgarden.es\/?post_type=product&#038;p=30323"},"modified":"2024-06-13T16:22:59","modified_gmt":"2024-06-13T14:22:59","slug":"weisse-panchito","status":"publish","type":"product","link":"https:\/\/developing.newgarden.es\/de\/shop\/lightdeco-de\/tischlampe\/weisse-panchito\/","title":{"rendered":"WEISSE PANCHITO\u00a0"},"content":{"rendered":"<section class=\"wpb-content-wrapper\"><p>[vc_row][vc_column][vc_column_text]Die Panchito Tischleuchte ist eine der Neuheiten von Newgarden. Sie ist ideal f\u00fcr jede Ecke Ihres Hauses und Ihrer R\u00e4ume. Aufgrund ihrer geringen Gr\u00f6\u00dfe ist sie ideal f\u00fcr die Dekoration und Beleuchtung von Tischen in Restaurants, Bars, Terrassen, Hotels und allen Arten von Gesch\u00e4ften.<\/p>\n<p>Technische Merkmale:<\/p>\n<p>-LED-Technik<br \/>\nIP43 Innen- und Au\u00dfeneinsatz<br \/>\n-Wiederaufladbare Batterie<br \/>\n-Gr\u00f6\u00dfe: 20 x 16 cm.<br \/>\n-Wei\u00dfes Finish<br \/>\n-Wei\u00dfes Licht[\/vc_column_text][\/vc_column][\/vc_row][vc_row][vc_column width=&#8221;1\/2&#8243;][vc_btn title=&#8221;Technisches Datenblatt&#8221; style=&#8221;custom&#8221; custom_background=&#8221;#009bc2&#8243; custom_text=&#8221;#ffffff&#8221; link=&#8221;url:https%3A%2F%2Fbit.ly%2F3HGe8ZO|target:%20_blank|&#8221; el_class=&#8221;btn_descargar_ficha&#8221;][\/vc_column][vc_column width=&#8221;1\/2&#8243;][vc_btn title=&#8221;BEDIENUNGSANLEITUNG&#8221; style=&#8221;custom&#8221; custom_background=&#8221;#009bc2&#8243; custom_text=&#8221;#ffffff&#8221; link=&#8221;url:https%3A%2F%2Fbit.ly%2F3Q0Xvv3|target:%20_blank|&#8221; el_class=&#8221;btn_descargar_ficha&#8221;][\/vc_column][\/vc_row]<\/p>\n<\/section>","protected":false},"excerpt":{"rendered":"<h5 class=\"Polaris-DisplayText_1u0t8 Polaris-DisplayText--sizeLarge_61dxo\">Panchito Tischlampe<\/h5>\n","protected":false},"featured_media":61417,"template":"","meta":[],"product_cat":[1696,763,764,1589],"product_tag":[],"class_list":{"0":"post-30323","1":"product","2":"type-product","3":"status-publish","4":"has-post-thumbnail","6":"product_cat-productos-de","7":"product_cat-lightdeco-de","8":"product_cat-tischlampe","9":"product_cat-innenbereich-de","11":"first","12":"instock","13":"taxable","14":"shipping-taxable","15":"purchasable","16":"product-type-variable"},"df_price":66,"df_sale_price":"","df_regular_price":66,"df_image_link":"https:\/\/developing.newgarden.es\/wp-content\/uploads\/2020\/02\/PANCHITO_1200X1200-8-300x300.jpg","_links":{"self":[{"href":"https:\/\/developing.newgarden.es\/de\/wp-json\/wp\/v2\/product\/30323"}],"collection":[{"href":"https:\/\/developing.newgarden.es\/de\/wp-json\/wp\/v2\/product"}],"about":[{"href":"https:\/\/developing.newgarden.es\/de\/wp-json\/wp\/v2\/types\/product"}],"wp:featuredmedia":[{"embeddable":true,"href":"https:\/\/developing.newgarden.es\/de\/wp-json\/wp\/v2\/media\/61417"}],"wp:attachment":[{"href":"https:\/\/developing.newgarden.es\/de\/wp-json\/wp\/v2\/media?parent=30323"}],"wp:term":[{"taxonomy":"product_cat","embeddable":true,"href":"https:\/\/developing.newgarden.es\/de\/wp-json\/wp\/v2\/product_cat?post=30323"},{"taxonomy":"product_tag","embeddable":true,"href":"https:\/\/developing.newgarden.es\/de\/wp-json\/wp\/v2\/product_tag?post=30323"}],"curies":[{"name":"wp","href":"https:\/\/api.w.org\/{rel}","templated":true}]}}