{"id":30294,"date":"2020-02-20T09:11:21","date_gmt":"2020-08-05T12:53:21","guid":{"rendered":"https:\/\/newgarden.es\/?post_type=product&#038;p=30294"},"modified":"2023-09-26T15:05:57","modified_gmt":"2023-09-26T13:05:57","slug":"chloe-35-tischlampe","status":"publish","type":"product","link":"https:\/\/developing.newgarden.es\/de\/shop\/lightdeco-de\/tischlampe\/chloe-35-tischlampe\/","title":{"rendered":"Chloe 35 TISCHLAMPE"},"content":{"rendered":"<section class=\"wpb-content-wrapper\"><p>[vc_row][vc_column el_class=&#8221;descripcion_producto&#8221;][vc_column_text]<\/p>\n<p>Die Chloe 35 Tischlampe ist eine der attraktivsten Neuheiten in Newgarden.<\/p>\n<p>Es ist ideal f\u00fcr jede Ecke Ihres Hauses oder Zimmers. Aufgrund seiner geringen Gr\u00f6\u00dfe eignet es sich perfekt zum Dekorieren und Beleuchten von Tischen in Restaurants, Bars, Terrassen, Hotels oder Unternehmen.<\/p>\n<p>Die Chloe 35 Designerlampe ist in Kabeloptik mit Touch-On \/ Off, Dimmer und Hanfkabel erh\u00e4ltlich.<br \/>\nDas Solar + Rechargeable Battery-Finish eignet sich perfekt f\u00fcr den Innen- und Au\u00dfenbereich, sodass Sie den Farbton der RGB-LED-Farbe mit Ihrer Fernbedienung \u00e4ndern k\u00f6nnen.<\/p>\n<p>[\/vc_column_text][\/vc_column][\/vc_row][vc_row disable_element=&#8221;yes&#8221;][vc_column][vc_single_image image=&#8221;6566&#8243; img_size=&#8221;full&#8221;][\/vc_column][\/vc_row][vc_row][vc_column width=&#8221;1\/2&#8243;][vc_btn title=&#8221;DATA SHEET&#8221; style=&#8221;custom&#8221; custom_background=&#8221;#009bc2&#8243; custom_text=&#8221;#ffffff&#8221; shape=&#8221;square&#8221; link=&#8221;url:https%3A%2F%2Fwww.newgarden.es%2Fwp-content%2Fuploads%2F2018%2F05%2FVioleta.pdf|target:%20_blank|&#8221; el_class=&#8221;btn_descargar_ficha&#8221;][\/vc_column][vc_column width=&#8221;1\/2&#8243;][vc_btn title=&#8221;MANUAL&#8221; style=&#8221;custom&#8221; custom_background=&#8221;#009bc2&#8243; custom_text=&#8221;#ffffff&#8221; shape=&#8221;square&#8221; link=&#8221;url:https%3A%2F%2Fdeveloping.newgarden.es%2Finstrucciones%2F||target:%20_blank|&#8221; el_class=&#8221;btn_descargar_ficha&#8221;][\/vc_column][\/vc_row]<\/p>\n<\/section>","protected":false},"excerpt":{"rendered":"<h5><strong>Chloe 35 TISCHLAMPE<\/strong><\/h5>\n","protected":false},"featured_media":61397,"template":"","meta":[],"product_cat":[1696,763,764,1589],"product_tag":[],"class_list":{"0":"post-30294","1":"product","2":"type-product","3":"status-publish","4":"has-post-thumbnail","6":"product_cat-productos-de","7":"product_cat-lightdeco-de","8":"product_cat-tischlampe","9":"product_cat-innenbereich-de","11":"first","12":"instock","13":"taxable","14":"shipping-taxable","15":"purchasable","16":"product-type-variable"},"df_price":57.8,"df_sale_price":"","df_regular_price":57.8,"df_image_link":"https:\/\/developing.newgarden.es\/wp-content\/uploads\/2020\/02\/CHLOE_35_BATTERY_1200X1200-4-300x300.jpg","_links":{"self":[{"href":"https:\/\/developing.newgarden.es\/de\/wp-json\/wp\/v2\/product\/30294"}],"collection":[{"href":"https:\/\/developing.newgarden.es\/de\/wp-json\/wp\/v2\/product"}],"about":[{"href":"https:\/\/developing.newgarden.es\/de\/wp-json\/wp\/v2\/types\/product"}],"wp:featuredmedia":[{"embeddable":true,"href":"https:\/\/developing.newgarden.es\/de\/wp-json\/wp\/v2\/media\/61397"}],"wp:attachment":[{"href":"https:\/\/developing.newgarden.es\/de\/wp-json\/wp\/v2\/media?parent=30294"}],"wp:term":[{"taxonomy":"product_cat","embeddable":true,"href":"https:\/\/developing.newgarden.es\/de\/wp-json\/wp\/v2\/product_cat?post=30294"},{"taxonomy":"product_tag","embeddable":true,"href":"https:\/\/developing.newgarden.es\/de\/wp-json\/wp\/v2\/product_tag?post=30294"}],"curies":[{"name":"wp","href":"https:\/\/api.w.org\/{rel}","templated":true}]}}