{"id":30284,"date":"2019-10-14T10:44:23","date_gmt":"2020-08-05T11:31:48","guid":{"rendered":"https:\/\/newgarden.es\/?post_type=product&#038;p=30284"},"modified":"2024-05-29T12:45:04","modified_gmt":"2024-05-29T10:45:04","slug":"x6-guirlande-allegra","status":"publish","type":"product","link":"https:\/\/developing.newgarden.es\/de\/shop\/lightdeco-de\/weihnachten\/x6-guirlande-allegra\/","title":{"rendered":"GIRLANDE ALLEGRA ROSA"},"content":{"rendered":"<section class=\"wpb-content-wrapper\"><p>[vc_row][vc_column][vc_column_text]<strong>GIRLANDE ALLEGRA ROSA <\/strong><\/p>\n<p>Die Girlande ALLEGRA ist eines der neuen Produkte von NEWGARDEN. Sie eignet sich perfekt f\u00fcr Veranstaltungen und Partys, aber auch f\u00fcr die Dekoration Ihres Hauses sowie f\u00fcr jede Ecke im Freien, Garten, Terrasse, Gesch\u00e4ft oder als Weihnachtsdekoration.<\/p>\n<p>Im Gegensatz zu den meisten anderen Girlanden auf dem Markt hat die Newgarden-Girlande 10 integrierte, nicht austauschbare LED-Birnen, die ihr ein Vintage-Design verleihen.<\/p>\n<p>Das Modell in Rosa ist speziell f\u00fcr die Dekoration und die Stimmung geschaffen, auch wenn die Girlande nicht beleuchtet ist, ist ihre Farbe einzigartig!<\/p>\n<p>Die Allegra Dekorationsgirlande ist in 2 Ausf\u00fchrungen erh\u00e4ltlich: Schwarz und Rosa.<\/p>\n<p>Die Gr\u00f6\u00dfe der Allegra Design Girlande betr\u00e4gt 8 Meter und es k\u00f6nnen bis zu 4 St\u00fcck zusammengef\u00fcgt werden.[\/vc_column_text][vc_video link=&#8221;https:\/\/youtu.be\/UIOM3rWcvh0&#8243;][\/vc_column][\/vc_row][vc_row][vc_column width=&#8221;1\/2&#8243;][vc_btn title=&#8221;Technisches Datenblatt&#8221; style=&#8221;custom&#8221; custom_background=&#8221;#009bc2&#8243; custom_text=&#8221;#ffffff&#8221; link=&#8221;url:https%3A%2F%2Fbit.ly%2F3OrxpQO|&#8221;][\/vc_column][vc_column width=&#8221;1\/2&#8243;][vc_btn title=&#8221;BEDIENUNGSANLEITUNG&#8221; style=&#8221;custom&#8221; custom_background=&#8221;#009bc2&#8243; custom_text=&#8221;#ffffff&#8221; link=&#8221;url:https%3A%2F%2Fbit.ly%2F3zwJWg8|target:%20_blank|&#8221; el_class=&#8221;btn_descargar_ficha&#8221;][\/vc_column][\/vc_row]<\/p>\n<\/section>","protected":false},"excerpt":{"rendered":"<p>[vc_row][vc_column][vc_column_text]GIRLANDE ALLEGRA ROSA Die Girlande ALLEGRA ist eines der neuen Produkte von NEWGARDEN. Sie eignet sich perfekt f\u00fcr Veranstaltungen und Partys, aber auch f\u00fcr die Dekoration Ihres Hauses sowie f\u00fcr<\/p>\n","protected":false},"featured_media":58454,"template":"","meta":[],"product_cat":[763,1576,811],"product_tag":[],"class_list":{"0":"post-30284","1":"product","2":"type-product","3":"status-publish","4":"has-post-thumbnail","6":"product_cat-lightdeco-de","7":"product_cat-girlanden","8":"product_cat-weihnachten","10":"first","11":"instock","12":"taxable","13":"shipping-taxable","14":"purchasable","15":"product-type-variable"},"df_price":116.1,"df_sale_price":"","df_regular_price":116.1,"df_image_link":"https:\/\/developing.newgarden.es\/wp-content\/uploads\/2019\/10\/ALLEGRA-1200X1200-2-300x300.jpg","_links":{"self":[{"href":"https:\/\/developing.newgarden.es\/de\/wp-json\/wp\/v2\/product\/30284"}],"collection":[{"href":"https:\/\/developing.newgarden.es\/de\/wp-json\/wp\/v2\/product"}],"about":[{"href":"https:\/\/developing.newgarden.es\/de\/wp-json\/wp\/v2\/types\/product"}],"wp:featuredmedia":[{"embeddable":true,"href":"https:\/\/developing.newgarden.es\/de\/wp-json\/wp\/v2\/media\/58454"}],"wp:attachment":[{"href":"https:\/\/developing.newgarden.es\/de\/wp-json\/wp\/v2\/media?parent=30284"}],"wp:term":[{"taxonomy":"product_cat","embeddable":true,"href":"https:\/\/developing.newgarden.es\/de\/wp-json\/wp\/v2\/product_cat?post=30284"},{"taxonomy":"product_tag","embeddable":true,"href":"https:\/\/developing.newgarden.es\/de\/wp-json\/wp\/v2\/product_tag?post=30284"}],"curies":[{"name":"wp","href":"https:\/\/api.w.org\/{rel}","templated":true}]}}