{"id":30273,"date":"2019-10-14T10:38:02","date_gmt":"2020-08-05T11:15:37","guid":{"rendered":"https:\/\/newgarden.es\/?post_type=product&#038;p=30273"},"modified":"2024-05-29T13:01:55","modified_gmt":"2024-05-29T11:01:55","slug":"x3-girlande-stella","status":"publish","type":"product","link":"https:\/\/developing.newgarden.es\/de\/shop\/lightdeco-de\/weihnachten\/x3-girlande-stella\/","title":{"rendered":"DEKORATIVE GIRLANDE STELLA"},"content":{"rendered":"<section class=\"wpb-content-wrapper\"><p>[vc_row][vc_column][vc_column_text]Die Girlande STELLA ist eine der NEWGARDEN-Neuheiten. Sie eignet sich perfekt f\u00fcr Veranstaltungen und Partys, aber auch f\u00fcr den Innenbereich im Haus sowie f\u00fcr jede Ecke im Freien, Garten, Terrasse, Gesch\u00e4ft oder als Weihnachtsdekoration.<\/p>\n<p>Im Gegensatz zu den meisten anderen Girlanden auf dem Markt hat die Newgarden STELLA Girlande 10 integrierte, nicht austauschbare LED-Birnen, die ihr ein Vintage-Design verleihen.<\/p>\n<p>Die Girlande hat eine L\u00e4nge von 4,5 Metern und ist f\u00fcr den Au\u00dfen- und Innenbereich geeignet (IP44).<\/p>\n<p><strong>TECHNISCHES DATENBLATT<\/strong><\/p>\n<p>&nbsp;[\/vc_column_text][\/vc_column][\/vc_row][vc_row][vc_column width=&#8221;1\/2&#8243;][vc_btn title=&#8221;Technisches Datenblatt&#8221; style=&#8221;custom&#8221; custom_background=&#8221;#009bc2&#8243; custom_text=&#8221;#ffffff&#8221; link=&#8221;url:https%3A%2F%2Fbit.ly%2F3oXVVhE|&#8221;][vc_btn title=&#8221;Technisches Datenblatt&#8221; style=&#8221;custom&#8221; custom_background=&#8221;#009bc2&#8243; custom_text=&#8221;#ffffff&#8221; link=&#8221;url:https%3A%2F%2Fbit.ly%2F3zDgNj4|&#8221;][\/vc_column][vc_column width=&#8221;1\/2&#8243;][vc_btn title=&#8221;BEDIENUNGSANLEITUNG&#8221; style=&#8221;custom&#8221; custom_background=&#8221;#009bc2&#8243; custom_text=&#8221;#ffffff&#8221; link=&#8221;url:https%3A%2F%2Fbit.ly%2F3A1mB7O|&#8221;][vc_btn title=&#8221;BEDIENUNGSANLEITUNG&#8221; style=&#8221;custom&#8221; custom_background=&#8221;#009bc2&#8243; custom_text=&#8221;#ffffff&#8221; link=&#8221;url:https%3A%2F%2Fbit.ly%2F3pfw5pP|&#8221;][\/vc_column][\/vc_row]<\/p>\n<\/section>","protected":false},"excerpt":{"rendered":"<p>[vc_row][vc_column][vc_column_text]Die Girlande STELLA ist eine der NEWGARDEN-Neuheiten. Sie eignet sich perfekt f\u00fcr Veranstaltungen und Partys, aber auch f\u00fcr den Innenbereich im Haus sowie f\u00fcr jede Ecke im Freien, Garten, Terrasse,<\/p>\n","protected":false},"featured_media":58506,"template":"","meta":[],"product_cat":[763,1576,811],"product_tag":[],"class_list":{"0":"post-30273","1":"product","2":"type-product","3":"status-publish","4":"has-post-thumbnail","6":"product_cat-lightdeco-de","7":"product_cat-girlanden","8":"product_cat-weihnachten","10":"first","11":"instock","12":"taxable","13":"shipping-taxable","14":"purchasable","15":"product-type-variable","16":"has-default-attributes"},"df_price":63,"df_sale_price":"","df_regular_price":63,"df_image_link":"https:\/\/developing.newgarden.es\/wp-content\/uploads\/2019\/10\/STELLA_1200X1200-2-1-300x300.jpg","_links":{"self":[{"href":"https:\/\/developing.newgarden.es\/de\/wp-json\/wp\/v2\/product\/30273"}],"collection":[{"href":"https:\/\/developing.newgarden.es\/de\/wp-json\/wp\/v2\/product"}],"about":[{"href":"https:\/\/developing.newgarden.es\/de\/wp-json\/wp\/v2\/types\/product"}],"wp:featuredmedia":[{"embeddable":true,"href":"https:\/\/developing.newgarden.es\/de\/wp-json\/wp\/v2\/media\/58506"}],"wp:attachment":[{"href":"https:\/\/developing.newgarden.es\/de\/wp-json\/wp\/v2\/media?parent=30273"}],"wp:term":[{"taxonomy":"product_cat","embeddable":true,"href":"https:\/\/developing.newgarden.es\/de\/wp-json\/wp\/v2\/product_cat?post=30273"},{"taxonomy":"product_tag","embeddable":true,"href":"https:\/\/developing.newgarden.es\/de\/wp-json\/wp\/v2\/product_tag?post=30273"}],"curies":[{"name":"wp","href":"https:\/\/api.w.org\/{rel}","templated":true}]}}