{"id":27268,"date":"2020-04-29T12:03:38","date_gmt":"2020-04-29T10:03:40","guid":{"rendered":"https:\/\/newgarden.es\/?post_type=product&#038;p=27268"},"modified":"2024-06-13T12:28:57","modified_gmt":"2024-06-13T10:28:57","slug":"violeta-40-color-copia-copia-2","status":"publish","type":"product","link":"https:\/\/developing.newgarden.es\/de\/shop\/blumentopfs\/blumentopfs-ohne-beleuchtung\/violeta-40-color-copia-copia-2\/","title":{"rendered":"RUNDE PFLANZENHORTENSIA 30 FARBE"},"content":{"rendered":"<section class=\"wpb-content-wrapper\"><p>[vc_row][vc_column el_class=&#8221;descripcion_producto&#8221;][vc_column_text]HORTENSIA 30 (\u00f830x 30 cm) Hortensia ist eine der neuesten Erg\u00e4nzungen des Newgarden-Pflanzgef\u00e4\u00dfsortiments. Es handelt sich um ein rundes Pflanzgef\u00e4\u00df mit einem gro\u00dfen Pflanzensockel. Abgerundete Linien und eine glatte Oberfl\u00e4che mit Textur.<\/p>\n<p>Es ist ein perfektes Modell f\u00fcr jede Ecke Ihres Gartens, im Freien, auf Terrassen oder im Gesch\u00e4ft. Das Modell Hortensia ist das ideale Pflanzgef\u00e4\u00df, um Ihrem Garten einen Hauch von Design zu verleihen, da es sich in jede Umgebung einf\u00fcgt.<\/p>\n<p>Es ist in verschiedenen Gr\u00f6\u00dfen (30, 40, 50 und 80) und Ausf\u00fchrungen (wei\u00df, bronze, schwarz, grau, taupe, zartrosa und zartgr\u00fcn) erh\u00e4ltlich.<\/p>\n<p>Die Hortensia-Pflanzgef\u00e4\u00dfe sind aus Polyethylen gefertigt, was sie leicht und sehr widerstandsf\u00e4hig gegen extreme Temperaturen macht. Sie sind au\u00dferdem gegen UV-Strahlen gesch\u00fctzt, was die Lebensdauer des Produkts au\u00dferordentlich verl\u00e4ngert.<\/p>\n<p>PFLANZVOLUMEN: 17 Liter[\/vc_column_text][\/vc_column][\/vc_row][vc_row disable_element=&#8221;yes&#8221;][vc_column][vc_single_image image=&#8221;6566&#8243; img_size=&#8221;full&#8221;][\/vc_column][\/vc_row][vc_row][vc_column][vc_btn title=&#8221;BEDIENUNGSANLEITUNG&#8221; style=&#8221;custom&#8221; custom_background=&#8221;#009bc2&#8243; custom_text=&#8221;#ffffff&#8221; shape=&#8221;square&#8221; link=&#8221;url:https%3A%2F%2Fbit.ly%2F3xGpKXW|target:%20_blank|&#8221; el_class=&#8221;btn_descargar_ficha&#8221;][\/vc_column][\/vc_row]<\/p>\n<\/section>","protected":false},"excerpt":{"rendered":"<h1 style=\"font-size: 12px;\">RUNDE PFLANZENHORTENSIA 30 FARBE<\/h1>\n","protected":false},"featured_media":61427,"template":"","meta":[],"product_cat":[783,806,1594],"product_tag":[],"class_list":{"0":"post-27268","1":"product","2":"type-product","3":"status-publish","4":"has-post-thumbnail","6":"product_cat-blumentopfs","7":"product_cat-blumentopfs-ohne-beleuchtung","8":"product_cat-runde-blumentopfs","10":"first","11":"instock","12":"taxable","13":"shipping-taxable","14":"purchasable","15":"product-type-variable"},"df_price":19.2,"df_sale_price":"","df_regular_price":19.2,"df_image_link":"https:\/\/developing.newgarden.es\/wp-content\/uploads\/2020\/04\/HORTENSIA_1200X1200-11-300x300.jpg","_links":{"self":[{"href":"https:\/\/developing.newgarden.es\/de\/wp-json\/wp\/v2\/product\/27268"}],"collection":[{"href":"https:\/\/developing.newgarden.es\/de\/wp-json\/wp\/v2\/product"}],"about":[{"href":"https:\/\/developing.newgarden.es\/de\/wp-json\/wp\/v2\/types\/product"}],"wp:featuredmedia":[{"embeddable":true,"href":"https:\/\/developing.newgarden.es\/de\/wp-json\/wp\/v2\/media\/61427"}],"wp:attachment":[{"href":"https:\/\/developing.newgarden.es\/de\/wp-json\/wp\/v2\/media?parent=27268"}],"wp:term":[{"taxonomy":"product_cat","embeddable":true,"href":"https:\/\/developing.newgarden.es\/de\/wp-json\/wp\/v2\/product_cat?post=27268"},{"taxonomy":"product_tag","embeddable":true,"href":"https:\/\/developing.newgarden.es\/de\/wp-json\/wp\/v2\/product_tag?post=27268"}],"curies":[{"name":"wp","href":"https:\/\/api.w.org\/{rel}","templated":true}]}}