{"id":26726,"date":"2020-03-06T16:48:50","date_gmt":"2020-03-06T15:48:52","guid":{"rendered":"https:\/\/newgarden.es\/?post_type=product&#038;p=26726"},"modified":"2023-04-12T10:31:31","modified_gmt":"2023-04-12T08:31:31","slug":"lola-slim-copia-copia-2","status":"publish","type":"product","link":"https:\/\/developing.newgarden.es\/de\/shop\/lightdeco-de\/tischlampe\/lola-slim-copia-copia-2\/","title":{"rendered":"TISCHLAMPE LOLA SLIM 30"},"content":{"rendered":"<section class=\"wpb-content-wrapper\"><p>[vc_row][vc_column el_class=&#8221;descripcion_producto&#8221;][vc_column_text]<\/p>\n<p>Die Tischlampe LOLA Slim 30 (\u00f811&#215;32 cm) geh\u00f6rt zu unserer bekanntesten Produktlinie und ist eine der vielseitigsten Neuheiten bei NEWGARDEN. Sie besticht durch ihr elegantes Design und eine vollendete Formgebung. Die kleine Standlampe der LOLA-Serie erfreut sich h\u00f6chster Beliebtheit und eignet sich ideal f\u00fcr jedes Zimmer deines Wohnbereichs, sowie f\u00fcr den Au\u00dfenbereich. Au\u00dferdem kann sie auch f\u00fcr romantische Stimmung in Restaurants, Bars, Hotels oder Cafes genutzt werden.<\/p>\n<p>Alle NEWGARDEN-Produkte bestehen aus Polyethylen, wodurch sie leicht und \u00e4u\u00dferst widerstandsf\u00e4hig gegen extreme Temperaturen sind. Sie sind ebenfalls vor UV-Strahlen gesch\u00fctzt, was zu einer extrem langen Lebensdauer f\u00fchrt.<\/p>\n<p>[\/vc_column_text][\/vc_column][\/vc_row][vc_row disable_element=&#8221;yes&#8221;][vc_column][vc_single_image image=&#8221;6566&#8243; img_size=&#8221;full&#8221;][\/vc_column][\/vc_row][vc_row][vc_column width=&#8221;1\/2&#8243;][vc_btn title=&#8221;Technisches Datenblatt&#8221; style=&#8221;custom&#8221; custom_background=&#8221;#009bc2&#8243; custom_text=&#8221;#ffffff&#8221; shape=&#8221;square&#8221; link=&#8221;url:https%3A%2F%2Fdeveloping.newgarden.es%2Fwp-content%2Fuploads%2F2017%2F08%2FLolaSlim.pdf|target:%20_blank|&#8221; el_class=&#8221;btn_descargar_ficha&#8221;][\/vc_column][vc_column width=&#8221;1\/2&#8243;][vc_btn title=&#8221;BEDIENUNGSANLEITUNG&#8221; style=&#8221;custom&#8221; custom_background=&#8221;#009bc2&#8243; custom_text=&#8221;#ffffff&#8221; shape=&#8221;square&#8221; link=&#8221;url:https%3A%2F%2Fdeveloping.newgarden.es%2Finstrucciones%2F||target:%20_blank|&#8221; el_class=&#8221;btn_descargar_ficha&#8221;][\/vc_column][\/vc_row]<\/p>\n<\/section>","protected":false},"excerpt":{"rendered":"<h1 style=\"font-size: 12px;\">TISCHLAMPE LOLA SLIM 30<\/h1>\n","protected":false},"featured_media":61267,"template":"","meta":[],"product_cat":[1696,763,764,1589],"product_tag":[468],"class_list":{"0":"post-26726","1":"product","2":"type-product","3":"status-publish","4":"has-post-thumbnail","6":"product_cat-productos-de","7":"product_cat-lightdeco-de","8":"product_cat-tischlampe","9":"product_cat-innenbereich-de","10":"product_tag-cable","12":"first","13":"instock","14":"taxable","15":"shipping-taxable","16":"purchasable","17":"product-type-variable"},"df_price":33.6,"df_sale_price":"","df_regular_price":33.6,"df_image_link":"https:\/\/developing.newgarden.es\/wp-content\/uploads\/2020\/03\/LOLA_SLIM_30_BATTERY_1200X1200-38-300x300.jpg","_links":{"self":[{"href":"https:\/\/developing.newgarden.es\/de\/wp-json\/wp\/v2\/product\/26726"}],"collection":[{"href":"https:\/\/developing.newgarden.es\/de\/wp-json\/wp\/v2\/product"}],"about":[{"href":"https:\/\/developing.newgarden.es\/de\/wp-json\/wp\/v2\/types\/product"}],"wp:featuredmedia":[{"embeddable":true,"href":"https:\/\/developing.newgarden.es\/de\/wp-json\/wp\/v2\/media\/61267"}],"wp:attachment":[{"href":"https:\/\/developing.newgarden.es\/de\/wp-json\/wp\/v2\/media?parent=26726"}],"wp:term":[{"taxonomy":"product_cat","embeddable":true,"href":"https:\/\/developing.newgarden.es\/de\/wp-json\/wp\/v2\/product_cat?post=26726"},{"taxonomy":"product_tag","embeddable":true,"href":"https:\/\/developing.newgarden.es\/de\/wp-json\/wp\/v2\/product_tag?post=26726"}],"curies":[{"name":"wp","href":"https:\/\/api.w.org\/{rel}","templated":true}]}}