{"id":26609,"date":"2020-02-26T10:45:33","date_gmt":"2020-02-26T09:45:34","guid":{"rendered":"https:\/\/newgarden.es\/?post_type=product&#038;p=26609"},"modified":"2020-08-06T11:11:18","modified_gmt":"2020-08-06T09:11:18","slug":"paquita-wandleuchte","status":"publish","type":"product","link":"https:\/\/developing.newgarden.es\/de\/shop\/lightdeco-de\/wandlampe\/paquita-wandleuchte\/","title":{"rendered":"PAQUITA WANDLEUCHTE"},"content":{"rendered":"<section class=\"wpb-content-wrapper\"><p>[vc_row][vc_column el_class=&#8221;descripcion_producto&#8221;][vc_column_text]<\/p>\n<p style=\"text-align: justify;\">Paquita Wandleuchte : Die Paquita Family-Serie ist aufgrund ihres eleganten Designs und ihrer Funktionalit\u00e4t eine der herausragendsten Neuheiten in Newgarden.<\/p>\n<p>Die Paquita Wall (34,6 x 29 x 31,7 cm) l\u00e4sst sich in jedem Raum kombinieren, ohne die \u00c4sthetik zu beeintr\u00e4chtigen. Sie eignet sich perfekt zum Beleuchten von Au\u00dfen-, Garten-, Terrassen- oder Gesch\u00e4ftsbereichen, da sie mit Solarenergie betrieben wird. Kombinieren Sie es mit Ihrer Familie Paquita Farola und Paquita Sobre Muro, um einzigartige Umgebungen zu schaffen.<\/p>\n<p>Die Installation von Paquita Wall ist sehr einfach, da keine elektrische Installation erforderlich ist. Die Beleuchtung durch Bewegungssensor, D\u00e4mmerungsmodus und Fernbedienung macht dieses Modell zu einem wesentlichen Bestandteil der Wandleuchten.<\/p>\n<p>Newgarden-Produkte sind leicht und \u00e4u\u00dferst widerstandsf\u00e4hig gegen extreme Temperaturen. Sie sind auch vor UV-Strahlen gesch\u00fctzt, wodurch die Lebensdauer des Produkts extrem lang wird.<\/p>\n<p>[\/vc_column_text][\/vc_column][\/vc_row][vc_row disable_element=&#8221;yes&#8221;][vc_column][vc_single_image image=&#8221;6566&#8243; img_size=&#8221;full&#8221;][\/vc_column][\/vc_row][vc_row][vc_column width=&#8221;1\/2&#8243;][vc_btn title=&#8221;Technisches Datenblatt&#8221; style=&#8221;custom&#8221; custom_background=&#8221;#009bc2&#8243; custom_text=&#8221;#ffffff&#8221; shape=&#8221;square&#8221; link=&#8221;url:https%3A%2F%2Fdeveloping.newgarden.es%2Fwp-content%2Fuploads%2F2017%2F08%2FLolaSlim.pdf|target:%20_blank|&#8221; el_class=&#8221;btn_descargar_ficha&#8221;][\/vc_column][vc_column width=&#8221;1\/2&#8243;][vc_btn title=&#8221;BEDIENUNGSANLEITUNG&#8221; style=&#8221;custom&#8221; custom_background=&#8221;#009bc2&#8243; custom_text=&#8221;#ffffff&#8221; shape=&#8221;square&#8221; link=&#8221;url:https%3A%2F%2Fdeveloping.newgarden.es%2Finstrucciones%2F||target:%20_blank|&#8221; el_class=&#8221;btn_descargar_ficha&#8221;][\/vc_column][\/vc_row]<\/p>\n<\/section>","protected":false},"excerpt":{"rendered":"<h1 style=\"font-size: 12px;\">PAQUITA WANDLEUCHTE<\/h1>\n","protected":false},"featured_media":56962,"template":"","meta":[],"product_cat":[763,842],"product_tag":[468],"class_list":{"0":"post-26609","1":"product","2":"type-product","3":"status-publish","4":"has-post-thumbnail","6":"product_cat-lightdeco-de","7":"product_cat-wandlampe","8":"product_tag-cable","10":"first","11":"instock","12":"taxable","13":"shipping-taxable","14":"purchasable","15":"product-type-variable"},"df_price":85.5,"df_sale_price":"","df_regular_price":85.5,"df_image_link":"https:\/\/developing.newgarden.es\/wp-content\/uploads\/2020\/02\/PAQUITA_WALL_1200X1200-1-300x300.jpg","_links":{"self":[{"href":"https:\/\/developing.newgarden.es\/de\/wp-json\/wp\/v2\/product\/26609"}],"collection":[{"href":"https:\/\/developing.newgarden.es\/de\/wp-json\/wp\/v2\/product"}],"about":[{"href":"https:\/\/developing.newgarden.es\/de\/wp-json\/wp\/v2\/types\/product"}],"wp:featuredmedia":[{"embeddable":true,"href":"https:\/\/developing.newgarden.es\/de\/wp-json\/wp\/v2\/media\/56962"}],"wp:attachment":[{"href":"https:\/\/developing.newgarden.es\/de\/wp-json\/wp\/v2\/media?parent=26609"}],"wp:term":[{"taxonomy":"product_cat","embeddable":true,"href":"https:\/\/developing.newgarden.es\/de\/wp-json\/wp\/v2\/product_cat?post=26609"},{"taxonomy":"product_tag","embeddable":true,"href":"https:\/\/developing.newgarden.es\/de\/wp-json\/wp\/v2\/product_tag?post=26609"}],"curies":[{"name":"wp","href":"https:\/\/api.w.org\/{rel}","templated":true}]}}