{"id":26573,"date":"2020-02-26T10:15:32","date_gmt":"2020-02-26T09:15:33","guid":{"rendered":"https:\/\/newgarden.es\/?post_type=product&#038;p=26573"},"modified":"2021-04-23T08:58:12","modified_gmt":"2021-04-23T06:58:12","slug":"paquita-40-solarlampe","status":"publish","type":"product","link":"https:\/\/developing.newgarden.es\/de\/shop\/lightdeco-de\/stehlampe\/paquita-40-solarlampe\/","title":{"rendered":"PAQUITA 40 SOLARLAMPE"},"content":{"rendered":"<section class=\"wpb-content-wrapper\"><p>[vc_row][vc_column el_class=&#8221;descripcion_producto&#8221;][vc_column_text]<\/p>\n<p style=\"text-align: justify;\">Die Serie Paquita Family ist aufgrund ihres eleganten Designs und ihrer Funktionalit\u00e4t eines der herausragendsten neuen Produkte von Newgarden.<\/p>\n<p>Paquita 40 l\u00e4sst sich in jedem Raum kombinieren, ohne die \u00c4sthetik des Raumes zu st\u00f6ren, und ist perfekt f\u00fcr die Beleuchtung jeder Au\u00dfenecke, jedes Gartens, jeder Terrasse oder jedes Gesch\u00e4fts, da sie mit Solarladung arbeitet. Kombinieren Sie es mit Ihrer Paquita Farola- und Paquita Wall-Familie, um einzigartige Umgebungen zu schaffen.<\/p>\n<p>Die Installation der Paquita 40 ist wirklich einfach, denn sie ben\u00f6tigt keine elektrische Installation, verf\u00fcgt au\u00dferdem \u00fcber eine Bewegungsmelder-Beleuchtung, D\u00e4mmerungsmodus und Fernbedienung, die dieses Modell zu einem Muss in jedem Au\u00dfenraum machen.<br \/>\nNewgarden-Produkte sind leicht und sehr widerstandsf\u00e4hig gegen extreme Temperaturen. Sie sind auch gegen UV-Strahlen gesch\u00fctzt, was das Produkt extrem haltbar macht.<\/p>\n<p>[\/vc_column_text][\/vc_column][\/vc_row][vc_row disable_element=&#8221;yes&#8221;][vc_column][vc_single_image image=&#8221;6566&#8243; img_size=&#8221;full&#8221;][\/vc_column][\/vc_row][vc_row][vc_column width=&#8221;1\/2&#8243;][vc_btn title=&#8221;Technisches Datenblatt&#8221; style=&#8221;custom&#8221; custom_background=&#8221;#009bc2&#8243; custom_text=&#8221;#ffffff&#8221; shape=&#8221;square&#8221; link=&#8221;url:https%3A%2F%2Fdeveloping.newgarden.es%2Fwp-content%2Fuploads%2F2017%2F08%2FLolaSlim.pdf|target:%20_blank|&#8221; el_class=&#8221;btn_descargar_ficha&#8221;][\/vc_column][vc_column width=&#8221;1\/2&#8243;][vc_btn title=&#8221;BEDIENUNGSANLEITUNG&#8221; style=&#8221;custom&#8221; custom_background=&#8221;#009bc2&#8243; custom_text=&#8221;#ffffff&#8221; shape=&#8221;square&#8221; link=&#8221;url:https%3A%2F%2Fdeveloping.newgarden.es%2Finstrucciones%2F||target:%20_blank|&#8221; el_class=&#8221;btn_descargar_ficha&#8221;][\/vc_column][\/vc_row]<\/p>\n<\/section>","protected":false},"excerpt":{"rendered":"<h1 style=\"font-size: 12px;\">PAQUITA 40 SOLARLAMPE<\/h1>\n","protected":false},"featured_media":57836,"template":"","meta":[],"product_cat":[1696,763,767,1563],"product_tag":[468],"class_list":{"0":"post-26573","1":"product","2":"type-product","3":"status-publish","4":"has-post-thumbnail","6":"product_cat-productos-de","7":"product_cat-lightdeco-de","8":"product_cat-stehlampe","9":"product_cat-laternen-und-wandlampen","10":"product_tag-cable","12":"first","13":"instock","14":"taxable","15":"shipping-taxable","16":"purchasable","17":"product-type-variable"},"df_price":85.5,"df_sale_price":"","df_regular_price":85.5,"df_image_link":"https:\/\/developing.newgarden.es\/wp-content\/uploads\/2020\/02\/PAQUITA_40_SOBREMURO_1200X1200-3-300x300.jpg","_links":{"self":[{"href":"https:\/\/developing.newgarden.es\/de\/wp-json\/wp\/v2\/product\/26573"}],"collection":[{"href":"https:\/\/developing.newgarden.es\/de\/wp-json\/wp\/v2\/product"}],"about":[{"href":"https:\/\/developing.newgarden.es\/de\/wp-json\/wp\/v2\/types\/product"}],"wp:featuredmedia":[{"embeddable":true,"href":"https:\/\/developing.newgarden.es\/de\/wp-json\/wp\/v2\/media\/57836"}],"wp:attachment":[{"href":"https:\/\/developing.newgarden.es\/de\/wp-json\/wp\/v2\/media?parent=26573"}],"wp:term":[{"taxonomy":"product_cat","embeddable":true,"href":"https:\/\/developing.newgarden.es\/de\/wp-json\/wp\/v2\/product_cat?post=26573"},{"taxonomy":"product_tag","embeddable":true,"href":"https:\/\/developing.newgarden.es\/de\/wp-json\/wp\/v2\/product_tag?post=26573"}],"curies":[{"name":"wp","href":"https:\/\/api.w.org\/{rel}","templated":true}]}}