{"id":26505,"date":"2020-02-26T09:25:38","date_gmt":"2020-02-26T08:25:40","guid":{"rendered":"https:\/\/newgarden.es\/?post_type=product&#038;p=26505"},"modified":"2023-09-26T14:50:02","modified_gmt":"2023-09-26T12:50:02","slug":"lola-slim-copia-copia-copia","status":"publish","type":"product","link":"https:\/\/developing.newgarden.es\/de\/shop\/lightdeco-de\/stehlampe\/lola-slim-copia-copia-copia\/","title":{"rendered":"PAQUITA SOLAR STRA\u00dfENLATERNE"},"content":{"rendered":"<section class=\"wpb-content-wrapper\"><p>[vc_row][vc_column el_class=&#8221;descripcion_producto&#8221;][vc_column_text]<\/p>\n<p>PAQUITA SOLAR STRA\u00dfENLATERNE: Die Serie Paquita Family ist aufgrund ihres eleganten Designs und ihrer Funktionalit\u00e4t eines der herausragendsten neuen Produkte von Newgarden.<\/p>\n<p>Paquita Farola l\u00e4sst sich in jedem Raum kombinieren, ohne dessen \u00c4sthetik zu st\u00f6ren, und ist perfekt f\u00fcr die Beleuchtung jeder Au\u00dfenecke, jedes Gartens, jeder Terrasse oder jedes Gesch\u00e4fts, da sie mit Solarladung arbeitet. Kombinieren Sie es mit seiner Paquita 40-Familie und Paquita Wall, um einzigartige Umgebungen zu schaffen.<\/p>\n<p>Die Installation der Paquita-Lampe ist wirklich einfach, denn sie ben\u00f6tigt keine elektrische Installation, verf\u00fcgt \u00fcber eine Bewegungssensor-Beleuchtung, einen D\u00e4mmerungsmodus und eine Fernbedienung, die dieses Modell zu einem Muss in jedem Au\u00dfenraum machen.<\/p>\n<p>Newgarden-Produkte sind leicht und sehr widerstandsf\u00e4hig gegen extreme Temperaturen. Sie sind auch gegen UV-Strahlen gesch\u00fctzt, was das Produkt extrem haltbar macht.<\/p>\n<p>Gr\u00f6\u00dfe: 215 cm x 59\u00f8<br \/>\nFinish: Wei\u00df\/Anthrazit<br \/>\nIP 65. Verwendung im Freien<br \/>\nLichtleistung: 1200 Lumen<br \/>\nWirkleistung: 8,5 W<br \/>\nSonnenenergie: 13W<br \/>\nAutonomie:<br \/>\nManueller Modus: 8h*<br \/>\nNachtmodus: 8h*<br \/>\nEcomotion-Modus: 8-50h*<\/p>\n<p>[\/vc_column_text][\/vc_column][\/vc_row][vc_row disable_element=&#8221;yes&#8221;][vc_column][vc_single_image image=&#8221;6566&#8243; img_size=&#8221;full&#8221;][\/vc_column][\/vc_row][vc_row][vc_column width=&#8221;1\/2&#8243;][vc_btn title=&#8221;Technisches Datenblatt&#8221; style=&#8221;custom&#8221; custom_background=&#8221;#009bc2&#8243; custom_text=&#8221;#ffffff&#8221; shape=&#8221;square&#8221; link=&#8221;url:https%3A%2F%2Fdeveloping.newgarden.es%2Fwp-content%2Fuploads%2F2017%2F08%2FLolaSlim.pdf|target:%20_blank|&#8221; el_class=&#8221;btn_descargar_ficha&#8221;][\/vc_column][vc_column width=&#8221;1\/2&#8243;][vc_btn title=&#8221;BEDIENUNGSANLEITUNG&#8221; style=&#8221;custom&#8221; custom_background=&#8221;#009bc2&#8243; custom_text=&#8221;#ffffff&#8221; shape=&#8221;square&#8221; link=&#8221;url:https%3A%2F%2Fdeveloping.newgarden.es%2Finstrucciones%2F||target:%20_blank|&#8221; el_class=&#8221;btn_descargar_ficha&#8221;][\/vc_column][\/vc_row]<\/p>\n<\/section>","protected":false},"excerpt":{"rendered":"<h1 style=\"font-size: 12px;\">PAQUITA SOLAR STRA\u00dfENLATERNE<\/h1>\n","protected":false},"featured_media":57866,"template":"","meta":[],"product_cat":[1696,763,767,1563],"product_tag":[468],"class_list":{"0":"post-26505","1":"product","2":"type-product","3":"status-publish","4":"has-post-thumbnail","6":"product_cat-productos-de","7":"product_cat-lightdeco-de","8":"product_cat-stehlampe","9":"product_cat-laternen-und-wandlampen","10":"product_tag-cable","12":"first","13":"instock","14":"taxable","15":"shipping-taxable","16":"purchasable","17":"product-type-variable"},"df_price":287.6,"df_sale_price":"","df_regular_price":287.6,"df_image_link":"https:\/\/developing.newgarden.es\/wp-content\/uploads\/2020\/02\/PAQUITA_FAROLA_1200X1200-1-300x300.jpg","_links":{"self":[{"href":"https:\/\/developing.newgarden.es\/de\/wp-json\/wp\/v2\/product\/26505"}],"collection":[{"href":"https:\/\/developing.newgarden.es\/de\/wp-json\/wp\/v2\/product"}],"about":[{"href":"https:\/\/developing.newgarden.es\/de\/wp-json\/wp\/v2\/types\/product"}],"wp:featuredmedia":[{"embeddable":true,"href":"https:\/\/developing.newgarden.es\/de\/wp-json\/wp\/v2\/media\/57866"}],"wp:attachment":[{"href":"https:\/\/developing.newgarden.es\/de\/wp-json\/wp\/v2\/media?parent=26505"}],"wp:term":[{"taxonomy":"product_cat","embeddable":true,"href":"https:\/\/developing.newgarden.es\/de\/wp-json\/wp\/v2\/product_cat?post=26505"},{"taxonomy":"product_tag","embeddable":true,"href":"https:\/\/developing.newgarden.es\/de\/wp-json\/wp\/v2\/product_tag?post=26505"}],"curies":[{"name":"wp","href":"https:\/\/api.w.org\/{rel}","templated":true}]}}