{"id":26280,"date":"2020-02-20T11:54:57","date_gmt":"2020-02-20T10:54:59","guid":{"rendered":"https:\/\/newgarden.es\/?post_type=product&#038;p=26280"},"modified":"2021-05-10T09:35:39","modified_gmt":"2021-05-10T07:35:39","slug":"rocket-145","status":"publish","type":"product","link":"https:\/\/developing.newgarden.es\/de\/shop\/lightdeco-de\/stehlampe\/rocket-145\/","title":{"rendered":"STEHLAMPENRAKETE ROCKET 145"},"content":{"rendered":"<section class=\"wpb-content-wrapper\"><p>[vc_row][vc_column][vc_column_text]<\/p>\n<p>[\/vc_column_text][\/vc_column][\/vc_row][vc_row][vc_column el_class=&#8221;descripcion_producto&#8221;][vc_column_text]<\/p>\n<p>STEHLAMPENRAKETE ROCKET 145: (\u00f838\u00d770 cm) ist eine originelle dekorative Lampe mit Holzbeinen, die sich ideal zum Einstellen des Au\u00dfen- und Innenbereichs Ihres Hauses eignet. Die Kombination aus Holz und Polyethylen macht dieses Produkt zu einem unverzichtbaren Bestandteil des Hauses. Verf\u00fcgbares In &amp; Out-Finish, einschlie\u00dflich Fernbedienung mit Ein- und Ausschalter, Dimmer und Lichtfarbtemperatur\u00e4nderung. Rocket ist die Stehlampe mit dem Licht, das Sie gesucht haben.<\/p>\n<p>*Holz f\u00fcr au\u00dfen behandelt.<\/p>\n<p><em>Alle Newgarden-Produkte bestehen aus Polyethylen, sind also leicht und sehr widerstandsf\u00e4hig. Sie halten extremen Temperaturschwankungen stand und sind vor UV-Strahlen gesch\u00fctzt, wodurch die Lebensdauer des Produkts nahezu unbegrenzt ist.<\/em><\/p>\n<p>[\/vc_column_text][\/vc_column][\/vc_row][vc_row disable_element=&#8221;yes&#8221;][vc_column][vc_single_image image=&#8221;6566&#8243; img_size=&#8221;full&#8221;][\/vc_column][\/vc_row][vc_row][vc_column width=&#8221;1\/2&#8243;][vc_btn title=&#8221;Technisches Datenblatt&#8221; style=&#8221;custom&#8221; custom_background=&#8221;#009bc2&#8243; custom_text=&#8221;#ffffff&#8221; shape=&#8221;square&#8221; link=&#8221;url:https%3A%2F%2Fdrive.google.com%2Fdrive%2Ffolders%2F1V7AhwbCBYcoTw-pSE5KpM2cUJENd1D56%3Fusp%3Dsharing|target:%20_blank|&#8221; el_class=&#8221;btn_descargar_ficha&#8221;][\/vc_column][vc_column width=&#8221;1\/2&#8243;][vc_btn title=&#8221;BEDIENUNGSANLEITUNG&#8221; style=&#8221;custom&#8221; custom_background=&#8221;#009bc2&#8243; custom_text=&#8221;#ffffff&#8221; shape=&#8221;square&#8221; link=&#8221;url:https%3A%2F%2Fdeveloping.newgarden.es%2Fde%2F%3Fpage_id%3D25148|target:%20_blank|&#8221; el_class=&#8221;btn_descargar_ficha&#8221;][\/vc_column][\/vc_row]<\/p>\n<\/section>","protected":false},"excerpt":{"rendered":"<h1 style=\"font-size: 12px;\">STEHLAMPENRAKETE ROCKET 145<\/h1>\n","protected":false},"featured_media":64736,"template":"","meta":[],"product_cat":[1696,763,767],"product_tag":[793,765,789],"class_list":{"0":"post-26280","1":"product","2":"type-product","3":"status-publish","4":"has-post-thumbnail","6":"product_cat-productos-de","7":"product_cat-lightdeco-de","8":"product_cat-stehlampe","9":"product_tag-drahtlose","10":"product_tag-kabel","11":"product_tag-solar-de","13":"first","14":"instock","15":"taxable","16":"shipping-taxable","17":"purchasable","18":"product-type-variable"},"df_price":288.8,"df_sale_price":"","df_regular_price":288.8,"df_image_link":"https:\/\/developing.newgarden.es\/wp-content\/uploads\/2020\/02\/ROCKET_145_BATTERY_1200X1200-300x300.jpg","_links":{"self":[{"href":"https:\/\/developing.newgarden.es\/de\/wp-json\/wp\/v2\/product\/26280"}],"collection":[{"href":"https:\/\/developing.newgarden.es\/de\/wp-json\/wp\/v2\/product"}],"about":[{"href":"https:\/\/developing.newgarden.es\/de\/wp-json\/wp\/v2\/types\/product"}],"wp:featuredmedia":[{"embeddable":true,"href":"https:\/\/developing.newgarden.es\/de\/wp-json\/wp\/v2\/media\/64736"}],"wp:attachment":[{"href":"https:\/\/developing.newgarden.es\/de\/wp-json\/wp\/v2\/media?parent=26280"}],"wp:term":[{"taxonomy":"product_cat","embeddable":true,"href":"https:\/\/developing.newgarden.es\/de\/wp-json\/wp\/v2\/product_cat?post=26280"},{"taxonomy":"product_tag","embeddable":true,"href":"https:\/\/developing.newgarden.es\/de\/wp-json\/wp\/v2\/product_tag?post=26280"}],"curies":[{"name":"wp","href":"https:\/\/api.w.org\/{rel}","templated":true}]}}