{"id":26225,"date":"2020-02-20T10:42:19","date_gmt":"2020-02-20T09:42:21","guid":{"rendered":"https:\/\/newgarden.es\/?post_type=product&#038;p=26225"},"modified":"2024-01-30T12:34:58","modified_gmt":"2024-01-30T11:34:58","slug":"chloe-plant-verstellbare-stehlampe","status":"publish","type":"product","link":"https:\/\/developing.newgarden.es\/de\/shop\/lightdeco-de\/stehlampe\/chloe-plant-verstellbare-stehlampe\/","title":{"rendered":"CHLOE PLANT VERSTELLBARE STEHLAMPE"},"content":{"rendered":"<section class=\"wpb-content-wrapper\"><p>[vc_row][vc_column][vc_column_text]<\/p>\n<p>[\/vc_column_text][\/vc_column][\/vc_row][vc_row][vc_column el_class=&#8221;descripcion_producto&#8221;][vc_column_text]<\/p>\n<p>CHLOE PLANT VERSTELLBARE STEHLAMPE:\u00a0Die Chloe Plant ist eine der herausragendsten Neuheiten in Newgarden.<\/p>\n<p>Chloe Plant ist eine originale Stehlampe, mit der jede Oberfl\u00e4che wie Gras, Strandsand oder Pflanzgef\u00e4\u00dfe genagelt werden kann. Der Fu\u00df der Lampe ist verstellbar, sodass sie leicht in verschiedene H\u00f6hen ge\u00e4ndert werden kann, was sie zu einer sehr vielseitigen Lampe macht. und perfekt f\u00fcr jede Art von Garten, Au\u00dfenbereichen oder Unternehmen.<\/p>\n<p>Es ist in Solar + Batterie-Ausf\u00fchrung einschlie\u00dflich Fernbedienung erh\u00e4ltlich, um den Farbton der 256 RGB-LED-Farben zu \u00e4ndern.<\/p>\n<p>Newgarden-Produkte sind daher leicht und sehr widerstandsf\u00e4hig. Sie halten extremen Temperaturschwankungen stand und sind vor UV-Strahlen gesch\u00fctzt, wodurch die Lebensdauer des Produkts nahezu unbegrenzt ist.<\/p>\n<p><em>Alle Newgarden-Produkte bestehen aus Polyethylen, sind also leicht und sehr widerstandsf\u00e4hig gegen extreme Temperaturen. Sie sind auch gegen UV-Strahlen gesch\u00fctzt, wodurch die Lebensdauer des Produkts au\u00dferordentlich lang ist.<\/em>[\/vc_column_text][\/vc_column][\/vc_row][vc_row disable_element=&#8221;yes&#8221;][vc_column][vc_single_image image=&#8221;6566&#8243; img_size=&#8221;full&#8221;][\/vc_column][\/vc_row][vc_row][vc_column width=&#8221;1\/2&#8243;][vc_btn title=&#8221;Technisches Datenblatt&#8221; style=&#8221;custom&#8221; custom_background=&#8221;#009bc2&#8243; custom_text=&#8221;#ffffff&#8221; shape=&#8221;square&#8221; el_class=&#8221;btn_descargar_ficha&#8221; link=&#8221;url:%20https%3A%2F%2Fdeveloping.newgarden.es%2Fchloe%2F|&#8221;][\/vc_column][vc_column width=&#8221;1\/2&#8243;][vc_btn title=&#8221;BEDIENUNGSANLEITUNG&#8221; style=&#8221;custom&#8221; custom_background=&#8221;#009bc2&#8243; custom_text=&#8221;#ffffff&#8221; shape=&#8221;square&#8221; el_class=&#8221;btn_descargar_ficha&#8221; link=&#8221;&#8221;link=&#8221;url:https%3A%2F%2Fdeveloping.newgarden.es%2Finstrucciones%2F||target:%20_blank|&#8221;&#8221;&#8221;][\/vc_column][\/vc_row]<\/p>\n<\/section>","protected":false},"excerpt":{"rendered":"<h1 style=\"font-size: 12px;\">CHLOE PLANT VERSTELLBARE STEHLAMPE<\/h1>\n","protected":false},"featured_media":53137,"template":"","meta":[],"product_cat":[1696,763,767],"product_tag":[793,765,789],"class_list":{"0":"post-26225","1":"product","2":"type-product","3":"status-publish","4":"has-post-thumbnail","6":"product_cat-productos-de","7":"product_cat-lightdeco-de","8":"product_cat-stehlampe","9":"product_tag-drahtlose","10":"product_tag-kabel","11":"product_tag-solar-de","13":"first","14":"instock","15":"taxable","16":"shipping-taxable","17":"purchasable","18":"product-type-variable"},"df_price":179.6,"df_sale_price":"","df_regular_price":179.6,"df_image_link":"https:\/\/developing.newgarden.es\/wp-content\/uploads\/2020\/02\/CHLOE_PLANT_BATTERY_1200X1200-11-300x300.jpg","_links":{"self":[{"href":"https:\/\/developing.newgarden.es\/de\/wp-json\/wp\/v2\/product\/26225"}],"collection":[{"href":"https:\/\/developing.newgarden.es\/de\/wp-json\/wp\/v2\/product"}],"about":[{"href":"https:\/\/developing.newgarden.es\/de\/wp-json\/wp\/v2\/types\/product"}],"wp:featuredmedia":[{"embeddable":true,"href":"https:\/\/developing.newgarden.es\/de\/wp-json\/wp\/v2\/media\/53137"}],"wp:attachment":[{"href":"https:\/\/developing.newgarden.es\/de\/wp-json\/wp\/v2\/media?parent=26225"}],"wp:term":[{"taxonomy":"product_cat","embeddable":true,"href":"https:\/\/developing.newgarden.es\/de\/wp-json\/wp\/v2\/product_cat?post=26225"},{"taxonomy":"product_tag","embeddable":true,"href":"https:\/\/developing.newgarden.es\/de\/wp-json\/wp\/v2\/product_tag?post=26225"}],"curies":[{"name":"wp","href":"https:\/\/api.w.org\/{rel}","templated":true}]}}